{"id":18,"date":"2024-06-17T12:22:56","date_gmt":"2024-06-17T12:22:56","guid":{"rendered":"https:\/\/eventos.scielo.org\/reuniaoscielo2024\/?page_id=18"},"modified":"2024-12-17T15:48:02","modified_gmt":"2024-12-17T18:48:02","slug":"apresentacao","status":"publish","type":"page","link":"https:\/\/eventos.scielo.org\/reuniaoscielo2024\/","title":{"rendered":"Apresenta\u00e7\u00e3o"},"content":{"rendered":"\n<p>Os peri\u00f3dicos SciELO t\u00eam \u00e0 frente um contexto nacional e internacional favor\u00e1vel<br>em termos de valoriza\u00e7\u00e3o, visibilidade e impacto:<\/p>\n\n\n\n<ul class=\"wp-block-list\">\n<li>a nova sistem\u00e1tica de avalia\u00e7\u00e3o da produ\u00e7\u00e3o intelectual dos programas de p\u00f3s-gradua\u00e7\u00e3o ter\u00e1 como refer\u00eancia os peri\u00f3dicos indexados de qualidade crescente;<\/li>\n\n\n\n<li>os acordos transformativos visam maximizar a rela\u00e7\u00e3o custo-benef\u00edcio da comunica\u00e7\u00e3o de pesquisas em acesso aberto;<\/li>\n\n\n\n<li>o avan\u00e7o nacional e internacional de pol\u00edticas, procedimentos e pr\u00e1ticas comunica\u00e7\u00e3o de pesquisas no modus operandi de ci\u00eancia aberta; e,<\/li>\n\n\n\n<li>a presen\u00e7a ub\u00edqua da IA generativa na comunica\u00e7\u00e3o das pesquisas.<\/li>\n<\/ul>\n\n\n\n<p>Esse contexto contribui para fortalecer o Programa SciELO como o meta-publisher nacional de posicionamento proativo dos peri\u00f3dicos de qualidade no fluxo nacional e global de comunica\u00e7\u00e3o cient\u00edfica, na nova sistem\u00e1tica de avalia\u00e7\u00e3o da produ\u00e7\u00e3o cient\u00edfica dos programas de p\u00f3s-gradua\u00e7\u00e3o, na posta em marcha equitativa dos acordos transformativos e na ado\u00e7\u00e3o sistem\u00e1tica e renovadora de IA generativa no fluxo de comunica\u00e7\u00e3o cient\u00edfica.<\/p>\n\n\n\n<h2 class=\"wp-block-heading\">V\u00eddeo<\/h2>\n\n\n\n<figure class=\"wp-block-embed is-type-video is-provider-youtube wp-block-embed-youtube wp-embed-aspect-16-9 wp-has-aspect-ratio\"><div class=\"wp-block-embed__wrapper\">\n<iframe loading=\"lazy\" title=\"Reuni\u00e3o Anual SciELO 2024\" width=\"525\" height=\"295\" src=\"https:\/\/www.youtube.com\/embed\/WuHmZJSXO8U?feature=oembed\" frameborder=\"0\" allow=\"accelerometer; autoplay; clipboard-write; encrypted-media; gyroscope; picture-in-picture; web-share\" referrerpolicy=\"strict-origin-when-cross-origin\" allowfullscreen><\/iframe>\n<\/div><\/figure>\n\n\n\n<h2 class=\"wp-block-heading\">Local<\/h2>\n\n\n\n<p>Audit\u00f3rio Governador Carlos Alberto de Carvalho Pinto (FAPESP)<br>Rua Pio XI, 1500<br>Alto da Lapa, S\u00e3o Paulo-SP, 05468-140.<\/p>\n\n\n\n<p><iframe loading=\"lazy\" src=\"https:\/\/www.google.com\/maps\/embed?pb=!1m14!1m8!1m3!1d3657.8853884306786!2d-46.713847900000005!3d-23.5366243!3m2!1i1024!2i768!4f13.1!3m3!1m2!1s0x94cef8822717de01%3A0xef7a6dcb8bc5e0a8!2sR.+Pio+XI%2C+1500+-+Alto+de+Pinheiros%2C+S%C3%A3o+Paulo+-+SP%2C+05468-140!5e0!3m2!1spt-BR!2sbr!4v1412945467771\" width=\"100%\" height=\"500\" frameborder=\"0\"><\/iframe><\/p>\n\n\n\n<h2 class=\"wp-block-heading\">Hot\u00e9is e estacionamentos<\/h2>\n\n\n\n<p>Encontre <a href=\"http:\/\/www.fapesp.br\/5661\" target=\"_blank\" rel=\"noopener\" title=\"\">sugest\u00f5es de hot\u00e9is e estacionamentos<\/a> pr\u00f3ximos ao local do evento.<\/p>\n","protected":false},"excerpt":{"rendered":"<p>Os peri\u00f3dicos SciELO t\u00eam \u00e0 frente um contexto nacional e internacional favor\u00e1velem termos de valoriza\u00e7\u00e3o, visibilidade e impacto: Esse contexto contribui para fortalecer o Programa SciELO como o meta-publisher nacional de posicionamento proativo dos peri\u00f3dicos de qualidade no fluxo nacional e global de comunica\u00e7\u00e3o cient\u00edfica, na nova sistem\u00e1tica de avalia\u00e7\u00e3o da produ\u00e7\u00e3o cient\u00edfica dos programas &hellip; <\/p>\n<p class=\"link-more\"><a href=\"https:\/\/eventos.scielo.org\/reuniaoscielo2024\/\" class=\"more-link\">Continue lendo<span class=\"screen-reader-text\"> &#8220;Apresenta\u00e7\u00e3o&#8221;<\/span><\/a><\/p>\n","protected":false},"author":18,"featured_media":0,"parent":0,"menu_order":0,"comment_status":"closed","ping_status":"closed","template":"","meta":{"footnotes":""},"class_list":["post-18","page","type-page","status-publish","hentry"],"aioseo_notices":[],"_links":{"self":[{"href":"https:\/\/eventos.scielo.org\/reuniaoscielo2024\/wp-json\/wp\/v2\/pages\/18","targetHints":{"allow":["GET"]}}],"collection":[{"href":"https:\/\/eventos.scielo.org\/reuniaoscielo2024\/wp-json\/wp\/v2\/pages"}],"about":[{"href":"https:\/\/eventos.scielo.org\/reuniaoscielo2024\/wp-json\/wp\/v2\/types\/page"}],"author":[{"embeddable":true,"href":"https:\/\/eventos.scielo.org\/reuniaoscielo2024\/wp-json\/wp\/v2\/users\/18"}],"replies":[{"embeddable":true,"href":"https:\/\/eventos.scielo.org\/reuniaoscielo2024\/wp-json\/wp\/v2\/comments?post=18"}],"version-history":[{"count":12,"href":"https:\/\/eventos.scielo.org\/reuniaoscielo2024\/wp-json\/wp\/v2\/pages\/18\/revisions"}],"predecessor-version":[{"id":222,"href":"https:\/\/eventos.scielo.org\/reuniaoscielo2024\/wp-json\/wp\/v2\/pages\/18\/revisions\/222"}],"wp:attachment":[{"href":"https:\/\/eventos.scielo.org\/reuniaoscielo2024\/wp-json\/wp\/v2\/media?parent=18"}],"curies":[{"name":"wp","href":"https:\/\/api.w.org\/{rel}","templated":true}]}}