{"id":32,"date":"2024-10-25T13:58:21","date_gmt":"2024-10-25T16:58:21","guid":{"rendered":"https:\/\/eventos.scielo.org\/reuniaoscielo2024\/?page_id=32"},"modified":"2024-10-25T13:58:22","modified_gmt":"2024-10-25T16:58:22","slug":"codigo-de-conduta","status":"publish","type":"page","link":"https:\/\/eventos.scielo.org\/reuniaoscielo2024\/codigo-de-conduta\/","title":{"rendered":"C\u00f3digo de conduta"},"content":{"rendered":"\n<p>Como parte fundamental dos eventos promovidos pelo SciELO, todos os participantes devem seguir nosso c\u00f3digo de conduta, pautados pelos Princ\u00edpios DEIA (diversidade, equidade, inclus\u00e3o e acessibilidade), a fim de promovermos um espa\u00e7o aberto, saud\u00e1vel e seguro a todos.<\/p>\n\n\n\n<p>N\u00f3s esperamos que todas as pessoas, enquanto estiverem participando de espa\u00e7os promovidos pelo SciELO, sejam respeitosas e inclusivas,&nbsp;<strong>n\u00e3o<\/strong>&nbsp;fa\u00e7am amea\u00e7as de viol\u00eancia, utilizem linguagem nociva, prejudicial ou preconceituosa (capacitista, racista, xenof\u00f3bica, LGBTF\u00f3bica, sexista, etarista, etc), fa\u00e7am ataques pessoais ou engajem em qualquer tipo de comportamento de ass\u00e9dio. Este tipo de comportamento n\u00e3o ser\u00e1 tolerado e participantes que n\u00e3o aderirem ao c\u00f3digo de conduta est\u00e3o sujeitos a serem retirados do evento em curso e impedidos de participar de eventos promovidos pelo SciELO no futuro.<\/p>\n\n\n\n<p>Caso tenha alguma d\u00favida, se depare com alguma viola\u00e7\u00e3o do c\u00f3digo de conduta, se sinta sob ataque ou v\u00edtima de qualquer forma de ass\u00e9dio ou importunamento, por gentileza, entre em contato conosco em portugu\u00eas, ingl\u00eas ou espanhol pelo formul\u00e1rio em:&nbsp;<a href=\"https:\/\/forms.gle\/6kSp9N9Kb6tB3E1AA\" target=\"_blank\" rel=\"noreferrer noopener\">https:\/\/forms.gle\/6kSp9N9Kb6tB3E1AA<\/a><\/p>\n\n\n\n<hr class=\"wp-block-separator has-alpha-channel-opacity is-style-wide\"\/>\n\n\n\n<h1 class=\"wp-block-heading\">Code of Conduct<\/h1>\n\n\n\n<p>As a fundamental part of the events promoted by SciELO, all participants must follow our code of conduct, guided by DEIA Principles (diversity, equity, inclusion, and accessibility), in order to promote an open, healthy, and safe space for everyone.<\/p>\n\n\n\n<p>We expect that all people, while participating in spaces hosted by SciELO, will be respectful and inclusive,&nbsp;<strong>will not<\/strong>&nbsp;make threats of violence, use harmful, prejudicial, or prejudiced language (ableist, racist, xenophobic, LGBTphobic, sexist, ageist etc.), make personal attacks, or engage in any type of behavior that can be interpreted as harassment or pestering. This type of behavior will not be tolerated and participants who do not adhere to the code of conduct are subject to being removed from the current event and banned from participating in any events hosted by SciELO in the future.<\/p>\n\n\n\n<p>If you have any questions, encounter any violations of the code of conduct, feel under attack, or are the victim of any form of harassment or pestering, please contact us in Portuguese, Spanish, or English via the form available at:&nbsp;<a href=\"https:\/\/forms.gle\/6kSp9N9Kb6tB3E1AA\" target=\"_blank\" rel=\"noreferrer noopener\">https:\/\/forms.gle\/6kSp9N9Kb6tB3E1AA<\/a><\/p>\n\n\n\n<hr class=\"wp-block-separator has-alpha-channel-opacity is-style-wide\"\/>\n\n\n\n<h1 class=\"wp-block-heading\">C\u00f3digo de Conducta<\/h1>\n\n\n\n<p>Como parte fundamental de los eventos promovidos por SciELO, todos los participantes deben seguir nuestro c\u00f3digo de conducta, guiado por los Principios DEIA (diversidad, equidad, inclusi\u00f3n y accesibilidad), con el fin de promover un espacio abierto, saludable y seguro para todos.<\/p>\n\n\n\n<p>Esperamos que todas las personas, al participar en los espacios promovidos por SciELO, sean respetuosas e inclusivas,&nbsp;<strong>no<\/strong>&nbsp;amenacen con la violencia, utilicen un lenguaje nocivo da\u00f1ino o prejuicioso (discriminaci\u00f3n por discapacidad, racista, xen\u00f3fobo, LGBT-f\u00f3bico, sexista, discriminatorio, etc.), personalicen ataques o participen en cualquier tipo de comportamiento de acoso. Este tipo de comportamiento no ser\u00e1 tolerado y los participantes que no se adhieran al c\u00f3digo de conducta est\u00e1n sujetos a ser retirados del evento en curso y no podr\u00e1n participar en eventos promovidos por SciELO en el futuro.<\/p>\n\n\n\n<p>Si tiene alguna pregunta, si encuentra alguna violaci\u00f3n del c\u00f3digo de conducta, si se siente atacado o v\u00edctima de cualquier forma de acoso, cont\u00e1ctenos en portugu\u00e9s, ingl\u00e9s o espa\u00f1ol a trav\u00e9s del formulario en:&nbsp;<a href=\"https:\/\/forms.gle\/6kSp9N9Kb6tB3E1AA\" target=\"_blank\" rel=\"noreferrer noopener\">https:\/\/forms.gle\/6kSp9N9Kb6tB3E1AA<\/a><\/p>\n","protected":false},"excerpt":{"rendered":"<p>Como parte fundamental dos eventos promovidos pelo SciELO, todos os participantes devem seguir nosso c\u00f3digo de conduta, pautados pelos Princ\u00edpios DEIA (diversidade, equidade, inclus\u00e3o e acessibilidade), a fim de promovermos um espa\u00e7o aberto, saud\u00e1vel e seguro a todos. N\u00f3s esperamos que todas as pessoas, enquanto estiverem participando de espa\u00e7os promovidos pelo SciELO, sejam respeitosas e &hellip; <\/p>\n<p class=\"link-more\"><a href=\"https:\/\/eventos.scielo.org\/reuniaoscielo2024\/codigo-de-conduta\/\" class=\"more-link\">Continue lendo<span class=\"screen-reader-text\"> &#8220;C\u00f3digo de conduta&#8221;<\/span><\/a><\/p>\n","protected":false},"author":18,"featured_media":0,"parent":0,"menu_order":0,"comment_status":"closed","ping_status":"closed","template":"","meta":{"footnotes":""},"class_list":["post-32","page","type-page","status-publish","hentry"],"aioseo_notices":[],"_links":{"self":[{"href":"https:\/\/eventos.scielo.org\/reuniaoscielo2024\/wp-json\/wp\/v2\/pages\/32","targetHints":{"allow":["GET"]}}],"collection":[{"href":"https:\/\/eventos.scielo.org\/reuniaoscielo2024\/wp-json\/wp\/v2\/pages"}],"about":[{"href":"https:\/\/eventos.scielo.org\/reuniaoscielo2024\/wp-json\/wp\/v2\/types\/page"}],"author":[{"embeddable":true,"href":"https:\/\/eventos.scielo.org\/reuniaoscielo2024\/wp-json\/wp\/v2\/users\/18"}],"replies":[{"embeddable":true,"href":"https:\/\/eventos.scielo.org\/reuniaoscielo2024\/wp-json\/wp\/v2\/comments?post=32"}],"version-history":[{"count":1,"href":"https:\/\/eventos.scielo.org\/reuniaoscielo2024\/wp-json\/wp\/v2\/pages\/32\/revisions"}],"predecessor-version":[{"id":35,"href":"https:\/\/eventos.scielo.org\/reuniaoscielo2024\/wp-json\/wp\/v2\/pages\/32\/revisions\/35"}],"wp:attachment":[{"href":"https:\/\/eventos.scielo.org\/reuniaoscielo2024\/wp-json\/wp\/v2\/media?parent=32"}],"curies":[{"name":"wp","href":"https:\/\/api.w.org\/{rel}","templated":true}]}}