{"id":39,"date":"2024-10-25T14:05:33","date_gmt":"2024-10-25T17:05:33","guid":{"rendered":"https:\/\/eventos.scielo.org\/reuniaoscielo2024\/?page_id=39"},"modified":"2024-12-17T15:46:01","modified_gmt":"2024-12-17T18:46:01","slug":"programa","status":"publish","type":"page","link":"https:\/\/eventos.scielo.org\/reuniaoscielo2024\/programa\/","title":{"rendered":"Programa"},"content":{"rendered":"\n<h4 class=\"wp-block-heading\"><strong>8:30 &#8211; 8:50 &#8211; Registro<\/strong><\/h4>\n\n\n\n<h4 class=\"wp-block-heading\"><strong>9:00 &#8211; 9:15 \u2013 SciELO Ci\u00eancia Aberta com IDEIA \u2013 onde estamos?<\/strong><\/h4>\n\n\n\n<p>MLS Abel L Packer, Diretor do Programa SciELO&nbsp;[<a href=\"http:\/\/lattes.cnpq.br\/6603329734556632\" target=\"_blank\" rel=\"noreferrer noopener\">CV Lattes<\/a>] [<a href=\"https:\/\/orcid.org\/0000-0001-9610-5728\" target=\"_blank\" rel=\"noreferrer noopener\">ORCID<\/a>] [<a href=\"https:\/\/scholar.google.com.br\/citations?hl=en&amp;user=hC0X-HoAAAAJ\" target=\"_blank\" rel=\"noreferrer noopener\">Google Scholar<\/a>] <strong>[<a href=\"https:\/\/doi.org\/10.48331\/scielo.7CZCAA\" target=\"_blank\" rel=\"noopener\" title=\"\">Baixar apresenta\u00e7\u00e3o<\/a>]<\/strong><\/p>\n\n\n\n<h4 class=\"wp-block-heading\"><strong>9:15 &#8211; 10:15 \u2013 Pol\u00edtica nacional de ci\u00eancia, tecnologia e inova\u00e7\u00e3o \u2013 o lugar do SciELO<\/strong><\/h4>\n\n\n\n<p><strong>Coordena\u00e7\u00e3o<\/strong><\/p>\n\n\n\n<p>Profa. Dra. Concepta McManus, respons\u00e1vel pela Ger\u00eancia de Colabora\u00e7\u00e3o em Pesquisas da Funda\u00e7\u00e3o de Amparo \u00e0 Pesquisa do Estado de S\u00e3o Paulo (FAPESP) e Professora Titular da Universidade de Bras\u00edlia (UnB) [<a href=\"http:\/\/lattes.cnpq.br\/6052239712915301\" target=\"_blank\" rel=\"noopener\" title=\"\">CV Lattes<\/a>] [<a href=\"https:\/\/orcid.org\/0000-0002-1106-8962\" target=\"_blank\" rel=\"noopener\" title=\"\">ORCID<\/a>] [<a href=\"https:\/\/scholar.google.com\/citations?user=Li1xz1UAAAAJ&amp;hl\" target=\"_blank\" rel=\"noopener\" title=\"\">Google Scholar<\/a>]<\/p>\n\n\n\n<p><strong>Painelistas<\/strong><\/p>\n\n\n\n<p>Prof. Dr.&nbsp; Antonio Gomes de Souza Filho, Diretor de Avalia\u00e7\u00e3o da CAPES [<a href=\"http:\/\/lattes.cnpq.br\/0223997495223283\" target=\"_blank\" rel=\"noopener\" title=\"\">CV Lattes<\/a>] [<a href=\"https:\/\/orcid.org\/0000-0003-3802-1168\" target=\"_blank\" rel=\"noopener\" title=\"\">ORCID<\/a>] [<a href=\"https:\/\/scholar.google.com.br\/citations?user=QnxlQK8AAAAJ&amp;h\" target=\"_blank\" rel=\"noopener\" title=\"\">Google Scholar<\/a>] <strong>[<a href=\"https:\/\/doi.org\/10.48331\/scielo.04HUTU\" target=\"_blank\" rel=\"noopener\" title=\"\">Baixar apresenta\u00e7\u00e3o<\/a>]<\/strong><\/p>\n\n\n\n<p>Dra.&nbsp;Andrea Carvalho Vieira,&nbsp;Coordenadora-geral do Portal de Peri\u00f3dicos da CAPES [<a href=\"http:\/\/lattes.cnpq.br\/3339346620493922\" target=\"_blank\" rel=\"noopener\" title=\"\">CV Lattes<\/a>] [<a href=\"https:\/\/orcid.org\/0000-0002-3776-2477\" target=\"_blank\" rel=\"noopener\" title=\"\">ORCID<\/a>] [<a href=\"https:\/\/scholar.google.com.br\/citations?hl=pt-BR&amp;user=C4TokMMAAAAJ\" target=\"_blank\" rel=\"noopener\" title=\"\">Google Scholar<\/a>] <strong>[<a href=\"https:\/\/doi.org\/10.48331\/scielo.2EOVA2\" target=\"_blank\" rel=\"noopener\" title=\"\">Baixar apresenta\u00e7\u00e3o<\/a>]<\/strong><\/p>\n\n\n\n<p>Prof. Dr. Marlon Jos\u00e9 de Lima, Assistente da Diretoria Cient\u00edfica do CNPq [<a href=\"http:\/\/lattes.cnpq.br\/6262624921836687\" target=\"_blank\" rel=\"noopener\" title=\"CV Lattes\">CV Lattes<\/a>]<\/p>\n\n\n\n<h4 class=\"wp-block-heading\"><strong>10:15 &#8211; 10:45 \u2013 A relev\u00e2ncia dos peri\u00f3dicos SciELO \u2013 o que melhorar?<\/strong><\/h4>\n\n\n\n<p><strong>Coordena\u00e7\u00e3o<\/strong><\/p>\n\n\n\n<p>Profa. Dra.&nbsp;Maria Jos\u00e9 da Silva Fernandes, Professora Associada e Vice-Chefe do Departamento de Neurologia e Neurocirurgia da Escola Paulista de Medicina\/Unifesp, Presidente da FAP-UNIFESP [<a href=\"http:\/\/lattes.cnpq.br\/7203360175231963\" target=\"_blank\" rel=\"noopener\" title=\"\">CV Lattes<\/a>] [<a href=\"https:\/\/orcid.org\/0000-0001-6559-3052\" target=\"_blank\" rel=\"noopener\" title=\"\">ORCID<\/a>] [<a href=\"https:\/\/scholar.google.com.br\/citations?hl=pt-BR&amp;user=vzvx-7EAAAAJ\" target=\"_blank\" rel=\"noopener\" title=\"\">Google Scholar<\/a>]<\/p>\n\n\n\n<p><strong>Painelistas<\/strong><\/p>\n\n\n\n<p>Profa. Dra. Connie McManus, respons\u00e1vel pela Ger\u00eancia de Colabora\u00e7\u00e3o em Pesquisas da Funda\u00e7\u00e3o de Amparo \u00e0 Pesquisa do Estado de S\u00e3o Paulo (FAPESP) e Professora Titular da Universidade de Bras\u00edlia (UnB) [<a href=\"http:\/\/lattes.cnpq.br\/6052239712915301\" target=\"_blank\" rel=\"noopener\" title=\"\">CV Lattes<\/a>] [<a href=\"https:\/\/orcid.org\/0000-0002-1106-8962\" target=\"_blank\" rel=\"noopener\" title=\"\">ORCID<\/a>] [<a href=\"https:\/\/scholar.google.com\/citations?user=Li1xz1UAAAAJ&amp;hl\" target=\"_blank\" rel=\"noopener\" title=\"\">Google Scholar<\/a>] <strong>[<a href=\"https:\/\/doi.org\/10.48331\/scielo.HW9BPI\" target=\"_blank\" rel=\"noopener\" title=\"\">Baixar apresenta\u00e7\u00e3o<\/a>]<\/strong><\/p>\n\n\n\n<p>Dr. Rafael J Pezzuto Damaceno, Consultor do SciELO e P\u00f3s-doutorando no Instituto de Matem\u00e1tica e Estat\u00edstica da Universidade de S\u00e3o Paulo (IME-USP) [<a href=\"http:\/\/buscatextual.cnpq.br\/buscatextual\/visualizacv.do?id=K4265658Z1\" target=\"_blank\" rel=\"noopener\" title=\"\">CV Lattes<\/a>]&nbsp;[<a href=\"https:\/\/orcid.org\/0000-0003-4910-1534\" target=\"_blank\" rel=\"noopener\" title=\"\">ORCID<\/a>] [<a href=\"https:\/\/scholar.google.com.br\/citations?hl=pt-BR&amp;user=A8yhXQIAAAAJ\" target=\"_blank\" rel=\"noopener\" title=\"\">Google Scholar<\/a>] <strong>[<a href=\"https:\/\/doi.org\/10.48331\/scielo.BYLVSV\" target=\"_blank\" rel=\"noopener\" title=\"\">Baixar apresenta\u00e7\u00e3o<\/a>]<\/strong><\/p>\n\n\n\n<h4 class=\"wp-block-heading\"><strong>10:45 &#8211; 11:15 \u2013 Intervalo<\/strong><\/h4>\n\n\n\n<h4 class=\"wp-block-heading\"><strong>11:15 &#8211; 12:30 \u2013 Os desafios do progresso \u2013 Relev\u00e2ncia, IA e Ci\u00eancia Aberta <\/strong><\/h4>\n\n\n\n<p><strong>Coordena\u00e7\u00e3o<\/strong><\/p>\n\n\n\n<p>Prof. Dr.&nbsp; Antonio Gomes de Souza Filho, Diretor de Avalia\u00e7\u00e3o da CAPES [<a href=\"http:\/\/lattes.cnpq.br\/0223997495223283\" target=\"_blank\" rel=\"noopener\" title=\"\">CV Lattes<\/a>] [<a href=\"https:\/\/orcid.org\/0000-0003-3802-1168\" target=\"_blank\" rel=\"noopener\" title=\"\">ORCID<\/a>] [<a href=\"https:\/\/scholar.google.com.br\/citations?user=QnxlQK8AAAAJ&amp;h\" target=\"_blank\" rel=\"noopener\" title=\"\">Google Scholar<\/a>]<\/p>\n\n\n\n<p><strong>Painelistas<\/strong><\/p>\n\n\n\n<p>Profa. Dra. Andr\u00e9a Slemian, Professora da Universidade Federal de S\u00e3o Paulo (Unifesp) Editora-chefe da <em>Revista Almanack<\/em> e representante titular da \u00e1rea de Ci\u00eancias Humanas no Comit\u00ea Consultivo SciELO Brasil&nbsp;[<a href=\"http:\/\/lattes.cnpq.br\/0404099413276302\" target=\"_blank\" rel=\"noopener\" title=\"\">CV Lattes<\/a>] [<a href=\"https:\/\/orcid.org\/0000-0002-2745-7073\" target=\"_blank\" rel=\"noopener\" title=\"\">ORCID<\/a>] [<a href=\"https:\/\/scholar.google.com.br\/citations?hl=pt-BR&amp;user=vIxkSGIAAAAJ\" target=\"_blank\" rel=\"noopener\" title=\"\">Google Scholar<\/a>] <strong>[<a href=\"https:\/\/doi.org\/10.48331\/scielo.9SLBEK\" target=\"_blank\" rel=\"noopener\" title=\"\">Baixar apresenta\u00e7\u00e3o<\/a>]<\/strong><\/p>\n\n\n\n<p>Profa. Dra. Carla Pavanelli, Bi\u00f3loga da Universidade Estadual de Maring\u00e1 e Curadora da Cole\u00e7\u00e3o Ictiol\u00f3gica do N\u00facleo de Pesquisas em Limnologia, Ictiologia e Aquicultura (Nup\u00e9lia), Editora-chefe do peri\u00f3dico&nbsp;<em>Neotropical Ichthyology<\/em>&nbsp;e representante titular da \u00e1rea de Ci\u00eancias Biol\u00f3gicas no Comit\u00ea Consultivo SciELO Brasil [<a href=\"http:\/\/lattes.cnpq.br\/4736689569569454\" target=\"_blank\" rel=\"noreferrer noopener\">CV Lattes<\/a>] [<a href=\"https:\/\/orcid.org\/0000-0003-4059-984X\" target=\"_blank\" rel=\"noopener\" title=\"\">ORCID<\/a>] [<a href=\"https:\/\/scholar.google.com.br\/citations?hl=pt-BR&amp;user=Wy6KhVIAAAAJ\" target=\"_blank\" rel=\"noopener\" title=\"\">Google Scholar<\/a>] <strong>[<a href=\"https:\/\/doi.org\/10.48331\/scielo.WQS6D8\" target=\"_blank\" rel=\"noopener\" title=\"\">Baixar apresenta\u00e7\u00e3o<\/a>]<\/strong><\/p>\n\n\n\n<p>Prof. Dr. Guilherme Werneck, Professor associado da Universidade do Estado do Rio de Janeiro (UERJ) e Professor Adjunto da Universidade Federal do Rio de Janeiro (UFRJ), Editor-chefe dos <em>Cadernos Sa\u00fade Coletiva<\/em> e representante titular da \u00e1rea de Ci\u00eancias da Sa\u00fade no Comit\u00ea Consultivo SciELO Brasil [<a href=\"http:\/\/lattes.cnpq.br\/7331062615542814\" target=\"_blank\" rel=\"noopener\" title=\"\">CV Lattes<\/a>] [<a href=\"https:\/\/orcid.org\/0000-0003-1169-1436\" target=\"_blank\" rel=\"noopener\" title=\"\">ORCID<\/a>] [<a href=\"https:\/\/scholar.google.com.br\/citations?hl=pt-BR&amp;user=UK-Di5gAAAAJ\" target=\"_blank\" rel=\"noopener\" title=\"\">Google Scholar<\/a>] <strong>[<a href=\"https:\/\/doi.org\/10.48331\/scielo.XAZFMX\" target=\"_blank\" rel=\"noopener\" title=\"\">Baixar apresenta\u00e7\u00e3o<\/a>]<\/strong><\/p>\n\n\n\n<p>Prof. Dr. Sigmar de Mello Rode, Coordenador do SciELO \u00c9tica\u00a0[<a href=\"http:\/\/lattes.cnpq.br\/3422118958429909\" target=\"_blank\" rel=\"noreferrer noopener\">CV Lattes<\/a>]\u00a0[<a href=\"https:\/\/orcid.org\/0000-0002-4261-4217\" target=\"_blank\" rel=\"noreferrer noopener\">ORCID<\/a>] \u00a0[<a href=\"https:\/\/scholar.google.com.br\/citations?hl=en&amp;user=1M5K4loAAAAJ\" target=\"_blank\" rel=\"noreferrer noopener\">Google Scholar<\/a>] <strong>[<a href=\"https:\/\/doi.org\/10.48331\/scielo.MZEDJQ\" target=\"_blank\" rel=\"noopener\" title=\"\">Baixar apresenta\u00e7\u00e3o<\/a>]<\/strong><\/p>\n\n\n\n<p>Profa. Dra. Edna Frasson de Souza Montero, Presidente da ABEC [<a href=\"http:\/\/lattes.cnpq.br\/2841222962564489\" target=\"_blank\" rel=\"noreferrer noopener\">CV Lattes<\/a>] [<a href=\"https:\/\/orcid.org\/0000-0003-1437-1219\" target=\"_blank\" rel=\"noreferrer noopener\">ORCID<\/a>] &nbsp;[<a href=\"https:\/\/scholar.google.com.br\/citations?user=O1bOh6EAAAAJ\" target=\"_blank\" rel=\"noreferrer noopener\">Google Scholar<\/a>] <strong>[<a href=\"https:\/\/doi.org\/10.48331\/scielo.W2LEW5\" target=\"_blank\" rel=\"noopener\" title=\"\">Baixar apresenta\u00e7\u00e3o<\/a>]<\/strong><\/p>\n\n\n\n<p><strong>Comentarista<\/strong><\/p>\n\n\n\n<p>Prof Dr. Renato Paiva, Professor Titular do Departamento de Biologia da Universidade Federal de Lavras, Editor-chefe do peri\u00f3dico Ci\u00eancia e Agrotecnologia e representante titular da \u00e1rea de Ci\u00eancias Agr\u00e1rias no Comit\u00ea Consultivo SciELO Brasil [<a href=\"http:\/\/lattes.cnpq.br\/2032317380293711\" target=\"_blank\" rel=\"noopener\" title=\"\">CV Lattes<\/a>] [<a href=\"https:\/\/orcid.org\/0000-0001-5107-0285\" target=\"_blank\" rel=\"noopener\" title=\"\">ORCID<\/a>] [<a href=\"https:\/\/scholar.google.com.br\/citations?hl=pt-BR&amp;user=_ys8jJUAAAAJ\" target=\"_blank\" rel=\"noopener\" title=\"\">Google Scholar<\/a>]<\/p>\n\n\n\n<p><strong>12:30 \u2013 Encerramento <\/strong><\/p>\n\n\n\n<p><\/p>\n","protected":false},"excerpt":{"rendered":"<p>8:30 &#8211; 8:50 &#8211; Registro 9:00 &#8211; 9:15 \u2013 SciELO Ci\u00eancia Aberta com IDEIA \u2013 onde estamos? MLS Abel L Packer, Diretor do Programa SciELO&nbsp;[CV Lattes] [ORCID] [Google Scholar] [Baixar apresenta\u00e7\u00e3o] 9:15 &#8211; 10:15 \u2013 Pol\u00edtica nacional de ci\u00eancia, tecnologia e inova\u00e7\u00e3o \u2013 o lugar do SciELO Coordena\u00e7\u00e3o Profa. Dra. Concepta McManus, respons\u00e1vel pela Ger\u00eancia &hellip; <\/p>\n<p class=\"link-more\"><a href=\"https:\/\/eventos.scielo.org\/reuniaoscielo2024\/programa\/\" class=\"more-link\">Continue lendo<span class=\"screen-reader-text\"> &#8220;Programa&#8221;<\/span><\/a><\/p>\n","protected":false},"author":3,"featured_media":0,"parent":0,"menu_order":0,"comment_status":"closed","ping_status":"closed","template":"","meta":{"footnotes":""},"class_list":["post-39","page","type-page","status-publish","hentry"],"aioseo_notices":[],"_links":{"self":[{"href":"https:\/\/eventos.scielo.org\/reuniaoscielo2024\/wp-json\/wp\/v2\/pages\/39","targetHints":{"allow":["GET"]}}],"collection":[{"href":"https:\/\/eventos.scielo.org\/reuniaoscielo2024\/wp-json\/wp\/v2\/pages"}],"about":[{"href":"https:\/\/eventos.scielo.org\/reuniaoscielo2024\/wp-json\/wp\/v2\/types\/page"}],"author":[{"embeddable":true,"href":"https:\/\/eventos.scielo.org\/reuniaoscielo2024\/wp-json\/wp\/v2\/users\/3"}],"replies":[{"embeddable":true,"href":"https:\/\/eventos.scielo.org\/reuniaoscielo2024\/wp-json\/wp\/v2\/comments?post=39"}],"version-history":[{"count":41,"href":"https:\/\/eventos.scielo.org\/reuniaoscielo2024\/wp-json\/wp\/v2\/pages\/39\/revisions"}],"predecessor-version":[{"id":217,"href":"https:\/\/eventos.scielo.org\/reuniaoscielo2024\/wp-json\/wp\/v2\/pages\/39\/revisions\/217"}],"wp:attachment":[{"href":"https:\/\/eventos.scielo.org\/reuniaoscielo2024\/wp-json\/wp\/v2\/media?parent=39"}],"curies":[{"name":"wp","href":"https:\/\/api.w.org\/{rel}","templated":true}]}}