{"id":12,"date":"2025-10-01T10:49:57","date_gmt":"2025-10-01T13:49:57","guid":{"rendered":"https:\/\/eventos.scielo.org\/reuniaoscielo2025\/?page_id=12"},"modified":"2026-04-14T17:35:32","modified_gmt":"2026-04-14T20:35:32","slug":"apresentacao","status":"publish","type":"page","link":"https:\/\/eventos.scielo.org\/reuniaoscielo2025\/","title":{"rendered":"Apresenta\u00e7\u00e3o"},"content":{"rendered":"\n<h3 class=\"wp-block-heading\">Fortalecendo a soberania na pesquisa e sua comunica\u00e7\u00e3o<\/h3>\n\n\n\n<p>A Reuni\u00e3o Anual do SciELO 2025 acontecer\u00e1 em 10 de abril de 2026 e ter\u00e1 como contexto tem\u00e1tico a soberania nacional na pesquisa e sua comunica\u00e7\u00e3o e as implica\u00e7\u00f5es para a governan\u00e7a, sustentabilidade, desempenho e perspectivas do Programa SciELO em linha com as condi\u00e7\u00f5es e for\u00e7as pol\u00edticas, econ\u00f4micas e tecnol\u00f3gicas que est\u00e3o moldando o futuro da comunica\u00e7\u00e3o cient\u00edfica.<\/p>\n\n\n\n<p>Assim, a agenda da reuni\u00e3o abordar\u00e1, por um lado, as an\u00e1lises do contexto tem\u00e1tico por autoridades relacionadas com a manuten\u00e7\u00e3o e o futuro do SciELO e, por outro, os avan\u00e7os, desafios, oportunidades e perspectivas da comunica\u00e7\u00e3o sustent\u00e1vel de pesquisas pelos peri\u00f3dicos editados no Brasil, no \u00e2mbito da Ci\u00eancia Aberta com IDEIA: Impacto, Diversidade, Equidade, Inclus\u00e3o e Acessibilidade.<\/p>\n\n\n\n<p>O Programa SciELO como plataforma de fortalecimento da soberania nacional em comunica\u00e7\u00e3o cient\u00edfica depende do avan\u00e7o das pol\u00edticas nacionais e institucionais em prol da equidade de tratamento entre os peri\u00f3dicos SciELO e os editados pelas editoras comerciais que s\u00e3o favorecidos pelos acordos transformativos.<\/p>\n\n\n\n<p>O principal avan\u00e7o em curso na governan\u00e7a e sustentabilidade \u00e9 a institucionaliza\u00e7\u00e3o do programa com o estabelecimento do Instituto SciELO (iSciELO). Os objetivos s\u00e3o:<\/p>\n\n\n\n<ul class=\"wp-block-list\">\n<li>assegurar e ampliar a efici\u00eancia operacional e a ado\u00e7\u00e3o de inova\u00e7\u00f5es (metodol\u00f3gicas e tecnol\u00f3gicas) para aumentar a qualidade, visibilidade e impacto dos peri\u00f3dicos e das pesquisas que comunicam; e<\/li>\n<\/ul>\n\n\n\n<ul class=\"wp-block-list\">\n<li>promover a equidade no financiamento da comunica\u00e7\u00e3o da pesquisa entre os peri\u00f3dicos de qualidade do Brasil e dos publishers comerciais.<\/li>\n<\/ul>\n\n\n\n<p>O desempenho do Programa ser\u00e1 analisado por meio de relatos de experi\u00eancias e indicadores. Sempre centrado nas boas pr\u00e1ticas que contribuem para o aperfei\u00e7oamento sistem\u00e1tico da qualidade da comunica\u00e7\u00e3o das pesquisas e do seu impacto cient\u00edfico e social, enriquecidas pelas inova\u00e7\u00f5es e tecnologias contempor\u00e2neas, com \u00eanfase no uso respons\u00e1vel de IA.<\/p>\n\n\n\n<p>Em resumo, a agenda da reuni\u00e3o visa refor\u00e7ar e identificar oportunidades, fortalezas e pr\u00e1ticas que promovam a participa\u00e7\u00e3o proativa dos peri\u00f3dicos de qualidade do Brasil na constru\u00e7\u00e3o do futuro da comunica\u00e7\u00e3o de pesquisas mais inclusivo, acess\u00edvel e confi\u00e1vel.<\/p>\n\n\n\n<p><\/p>\n\n\n\n<h2 class=\"wp-block-heading\">V\u00eddeo<\/h2>\n\n\n\n<figure class=\"wp-block-embed is-type-video is-provider-youtube wp-block-embed-youtube wp-embed-aspect-16-9 wp-has-aspect-ratio\"><div class=\"wp-block-embed__wrapper\">\n<iframe loading=\"lazy\" title=\"Reuni\u00e3o Anual SciELO 2025\" width=\"525\" height=\"295\" src=\"https:\/\/www.youtube.com\/embed\/xjvRkRjvB14?feature=oembed\" frameborder=\"0\" allow=\"accelerometer; autoplay; clipboard-write; encrypted-media; gyroscope; picture-in-picture; web-share\" referrerpolicy=\"strict-origin-when-cross-origin\" allowfullscreen><\/iframe>\n<\/div><\/figure>\n\n\n\n<h2 class=\"wp-block-heading\">Local<\/h2>\n\n\n\n<p>Audit\u00f3rio Governador Carlos Alberto de Carvalho Pinto (FAPESP)<br>Rua Pio XI, 1500<br>Alto da Lapa, S\u00e3o Paulo-SP, 05468-140.<\/p>\n\n\n\n<iframe src=\"https:\/\/www.google.com\/maps\/embed?pb=!1m18!1m12!1m3!1d7315.784421533041!2d-46.716848323788966!3d-23.53637896067652!2m3!1f0!2f0!3f0!3m2!1i1024!2i768!4f13.1!3m3!1m2!1s0x94cef88221c69089%3A0x1ad7da13c27aad64!2sR.%20Pio%20XI%2C%201500%20-%20Alto%20da%20Lapa%2C%20S%C3%A3o%20Paulo%20-%20SP%2C%2005468-150%2C%20Brasil!5e0!3m2!1spt-BR!2sus!4v1771507440673!5m2!1spt-BR!2sus\" width=\"600\" height=\"450\" style=\"border:0;\" allowfullscreen=\"\" loading=\"lazy\" referrerpolicy=\"no-referrer-when-downgrade\"><\/iframe>\n\n\n\n<h2 class=\"wp-block-heading\"><\/h2>\n\n\n\n<p><\/p>\n","protected":false},"excerpt":{"rendered":"<p>Fortalecendo a soberania na pesquisa e sua comunica\u00e7\u00e3o A Reuni\u00e3o Anual do SciELO 2025 acontecer\u00e1 em 10 de abril de 2026 e ter\u00e1 como contexto tem\u00e1tico a soberania nacional na pesquisa e sua comunica\u00e7\u00e3o e as implica\u00e7\u00f5es para a governan\u00e7a, sustentabilidade, desempenho e perspectivas do Programa SciELO em linha com as condi\u00e7\u00f5es e for\u00e7as pol\u00edticas, &hellip; <\/p>\n<p class=\"link-more\"><a href=\"https:\/\/eventos.scielo.org\/reuniaoscielo2025\/\" class=\"more-link\">Continue lendo<span class=\"screen-reader-text\"> &#8220;Apresenta\u00e7\u00e3o&#8221;<\/span><\/a><\/p>\n","protected":false},"author":18,"featured_media":0,"parent":0,"menu_order":0,"comment_status":"closed","ping_status":"closed","template":"","meta":{"footnotes":""},"class_list":["post-12","page","type-page","status-publish","hentry"],"aioseo_notices":[],"_links":{"self":[{"href":"https:\/\/eventos.scielo.org\/reuniaoscielo2025\/wp-json\/wp\/v2\/pages\/12","targetHints":{"allow":["GET"]}}],"collection":[{"href":"https:\/\/eventos.scielo.org\/reuniaoscielo2025\/wp-json\/wp\/v2\/pages"}],"about":[{"href":"https:\/\/eventos.scielo.org\/reuniaoscielo2025\/wp-json\/wp\/v2\/types\/page"}],"author":[{"embeddable":true,"href":"https:\/\/eventos.scielo.org\/reuniaoscielo2025\/wp-json\/wp\/v2\/users\/18"}],"replies":[{"embeddable":true,"href":"https:\/\/eventos.scielo.org\/reuniaoscielo2025\/wp-json\/wp\/v2\/comments?post=12"}],"version-history":[{"count":21,"href":"https:\/\/eventos.scielo.org\/reuniaoscielo2025\/wp-json\/wp\/v2\/pages\/12\/revisions"}],"predecessor-version":[{"id":202,"href":"https:\/\/eventos.scielo.org\/reuniaoscielo2025\/wp-json\/wp\/v2\/pages\/12\/revisions\/202"}],"wp:attachment":[{"href":"https:\/\/eventos.scielo.org\/reuniaoscielo2025\/wp-json\/wp\/v2\/media?parent=12"}],"curies":[{"name":"wp","href":"https:\/\/api.w.org\/{rel}","templated":true}]}}