{"id":23,"date":"2012-02-03T12:06:13","date_gmt":"2012-02-03T12:06:13","guid":{"rendered":"http:\/\/eventos.scielo.org\/rocgscielolivros\/?page_id=23"},"modified":"2012-02-07T17:57:33","modified_gmt":"2012-02-07T17:57:33","slug":"participantes","status":"publish","type":"page","link":"https:\/\/eventos.scielo.org\/rocgscielolivros\/participantes\/","title":{"rendered":"Participantes"},"content":{"rendered":"<p><strong>Abel L. Packer<\/strong><\/p>\n<p>Comit\u00ea Gestor do Projeto SciELO Livros, Coordena\u00e7\u00e3o,\u00a0\u00a0Assessor de Informa\u00e7\u00e3o e Comunica\u00e7\u00e3o em Ci\u00eancia, Funda\u00e7\u00e3o de Apoio \u00e0 UNIFESP &#8211; FAP\/UNIFESP<\/p>\n<p><strong>Adriana Luccisano<\/strong><\/p>\n<p>Secretaria T\u00e9cnica do Projeto SciELO Livros, Colegiado Projeto SciELO, Coordena\u00e7\u00e3o do Projeto SciELO Livros,\u00a0Funda\u00e7\u00e3o de Apoio \u00e0 UNIFESP &#8211; FAP\/UNIFESP<\/p>\n<p><strong>Fl\u00e1via Goulart Rosa<\/strong><\/p>\n<p>Comit\u00ea Gestor do Projeto SciELO Livros, Diretora, Editora da Universidade Federal da Bahia \u2013 UFBA<\/p>\n<p><strong>J\u00e9zio Hernani Bomfim Gutierre<\/strong><\/p>\n<p>Comit\u00ea Gestor do Projeto SciELO Livros, Editor Executivo,\u00a0\u00a0Editora da Universidade Estadual Paulista J\u00falio Mesquita Filho \u2013 UNESP<\/p>\n<p><strong>Jo\u00e3o Canossa Mendes<\/strong><\/p>\n<p>Comit\u00ea Gestor do Projeto SciELO Livros,\u00a0\u00a0Editor Executivo, Editora da Funda\u00e7\u00e3o Oswaldo Cruz &#8211; FIOCRUZ<\/p>\n<p><strong>Renato Murasaki<\/strong><\/p>\n<p>Comit\u00ea Gestor do Projeto SciELO Livros, Gerente de Metodologias e Tecnologias de Informa\u00e7\u00e3o, MTI , BIREME\/OPAS\/OMS<\/p>\n","protected":false},"excerpt":{"rendered":"<p>Abel L. Packer Comit\u00ea Gestor do Projeto SciELO Livros, Coordena\u00e7\u00e3o,\u00a0\u00a0Assessor de Informa\u00e7\u00e3o e Comunica\u00e7\u00e3o em Ci\u00eancia, Funda\u00e7\u00e3o de Apoio \u00e0 UNIFESP &#8211; FAP\/UNIFESP Adriana Luccisano Secretaria T\u00e9cnica do Projeto SciELO Livros, Colegiado Projeto SciELO, Coordena\u00e7\u00e3o do Projeto SciELO Livros,\u00a0Funda\u00e7\u00e3o de &hellip; <a href=\"https:\/\/eventos.scielo.org\/rocgscielolivros\/participantes\/\">Continue reading <span class=\"meta-nav\">&rarr;<\/span><\/a><\/p>\n","protected":false},"author":1,"featured_media":0,"parent":0,"menu_order":0,"comment_status":"closed","ping_status":"closed","template":"","meta":{"footnotes":""},"class_list":["post-23","page","type-page","status-publish","hentry"],"aioseo_notices":[],"_links":{"self":[{"href":"https:\/\/eventos.scielo.org\/rocgscielolivros\/wp-json\/wp\/v2\/pages\/23","targetHints":{"allow":["GET"]}}],"collection":[{"href":"https:\/\/eventos.scielo.org\/rocgscielolivros\/wp-json\/wp\/v2\/pages"}],"about":[{"href":"https:\/\/eventos.scielo.org\/rocgscielolivros\/wp-json\/wp\/v2\/types\/page"}],"author":[{"embeddable":true,"href":"https:\/\/eventos.scielo.org\/rocgscielolivros\/wp-json\/wp\/v2\/users\/1"}],"replies":[{"embeddable":true,"href":"https:\/\/eventos.scielo.org\/rocgscielolivros\/wp-json\/wp\/v2\/comments?post=23"}],"version-history":[{"count":4,"href":"https:\/\/eventos.scielo.org\/rocgscielolivros\/wp-json\/wp\/v2\/pages\/23\/revisions"}],"predecessor-version":[{"id":25,"href":"https:\/\/eventos.scielo.org\/rocgscielolivros\/wp-json\/wp\/v2\/pages\/23\/revisions\/25"}],"wp:attachment":[{"href":"https:\/\/eventos.scielo.org\/rocgscielolivros\/wp-json\/wp\/v2\/media?parent=23"}],"curies":[{"name":"wp","href":"https:\/\/api.w.org\/{rel}","templated":true}]}}