{"id":6,"date":"2012-01-24T17:54:52","date_gmt":"2012-01-24T17:54:52","guid":{"rendered":"http:\/\/eventos.scielo.org\/rocgscielolivros\/?page_id=6"},"modified":"2012-01-31T11:59:57","modified_gmt":"2012-01-31T11:59:57","slug":"apresentacao","status":"publish","type":"page","link":"https:\/\/eventos.scielo.org\/rocgscielolivros\/","title":{"rendered":"Apresenta\u00e7\u00e3o"},"content":{"rendered":"<div>\n<p><strong>S\u00e3o Paulo, 30 de janeiro de 2012<\/strong><\/p>\n<p><strong>Termos de refer\u00eancia:<\/strong> O objetivo desta reuni\u00e3o \u00e9 definir os tr\u00e2mites para o Lan\u00e7amento do Portal SciELO Livros, a inclus\u00e3o de novas editoras e tamb\u00e9m o acordo de cess\u00e3o de direitos de publica\u00e7\u00e3o ao SciELO<strong><\/strong><\/p>\n<p>&nbsp;<\/p>\n<\/div>\n","protected":false},"excerpt":{"rendered":"<p>S\u00e3o Paulo, 30 de janeiro de 2012 Termos de refer\u00eancia: O objetivo desta reuni\u00e3o \u00e9 definir os tr\u00e2mites para o Lan\u00e7amento do Portal SciELO Livros, a inclus\u00e3o de novas editoras e tamb\u00e9m o acordo de cess\u00e3o de direitos de publica\u00e7\u00e3o &hellip; <a href=\"https:\/\/eventos.scielo.org\/rocgscielolivros\/\">Continue reading <span class=\"meta-nav\">&rarr;<\/span><\/a><\/p>\n","protected":false},"author":1,"featured_media":0,"parent":0,"menu_order":0,"comment_status":"closed","ping_status":"closed","template":"","meta":{"footnotes":""},"class_list":["post-6","page","type-page","status-publish","hentry"],"aioseo_notices":[],"_links":{"self":[{"href":"https:\/\/eventos.scielo.org\/rocgscielolivros\/wp-json\/wp\/v2\/pages\/6","targetHints":{"allow":["GET"]}}],"collection":[{"href":"https:\/\/eventos.scielo.org\/rocgscielolivros\/wp-json\/wp\/v2\/pages"}],"about":[{"href":"https:\/\/eventos.scielo.org\/rocgscielolivros\/wp-json\/wp\/v2\/types\/page"}],"author":[{"embeddable":true,"href":"https:\/\/eventos.scielo.org\/rocgscielolivros\/wp-json\/wp\/v2\/users\/1"}],"replies":[{"embeddable":true,"href":"https:\/\/eventos.scielo.org\/rocgscielolivros\/wp-json\/wp\/v2\/comments?post=6"}],"version-history":[{"count":5,"href":"https:\/\/eventos.scielo.org\/rocgscielolivros\/wp-json\/wp\/v2\/pages\/6\/revisions"}],"predecessor-version":[{"id":16,"href":"https:\/\/eventos.scielo.org\/rocgscielolivros\/wp-json\/wp\/v2\/pages\/6\/revisions\/16"}],"wp:attachment":[{"href":"https:\/\/eventos.scielo.org\/rocgscielolivros\/wp-json\/wp\/v2\/media?parent=6"}],"curies":[{"name":"wp","href":"https:\/\/api.w.org\/{rel}","templated":true}]}}