{"id":9,"date":"2012-01-24T18:00:59","date_gmt":"2012-01-24T18:00:59","guid":{"rendered":"http:\/\/eventos.scielo.org\/rocgscielolivros\/?page_id=9"},"modified":"2012-01-26T10:31:10","modified_gmt":"2012-01-26T10:31:10","slug":"programacao","status":"publish","type":"page","link":"https:\/\/eventos.scielo.org\/rocgscielolivros\/programacao\/","title":{"rendered":"Programa\u00e7\u00e3o"},"content":{"rendered":"<h1>Reuni\u00e3o Online Comit\u00ea Gestor SciELO Livros<\/h1>\n<p><strong>Segunda-feira, 30 de janeiro de 2012<\/strong><\/p>\n<p><strong>Local: <\/strong>ambiente virtual <a href=\"https:\/\/sas.elluminate.com\/m.jnlp?sid=1110&amp;password=M.0E80969F82080F0AA5002F036B8D21\">Elluminate<\/a> (acesse o link no hor\u00e1rio e data indicados).<\/p>\n<p><strong>14:00-14:15<\/strong><\/p>\n<p style=\"padding-left: 30px;\"><span style=\"color: #993300;\">Abertura<\/span><\/p>\n<blockquote>\n<ul>\n<li>Abel L. Packer<\/li>\n<\/ul>\n<\/blockquote>\n<p><strong>14:15-14:30<\/strong><\/p>\n<p style=\"padding-left: 30px;\"><span style=\"color: #993300;\">Lan\u00e7amento do Portal previsto a primeira quinzena de mar\u00e7o<\/span><\/p>\n<blockquote>\n<ul>\n<li>Todos os Participantes<\/li>\n<\/ul>\n<\/blockquote>\n<p><strong>14:30-14:45<\/strong><\/p>\n<p style=\"padding-left: 30px;\"><span style=\"color: #993300;\">Inclus\u00e3o de novas editoras<\/span><\/p>\n<blockquote>\n<ul>\n<li>Abel L. Packer<\/li>\n<\/ul>\n<\/blockquote>\n<p><strong>14:45-15:00<\/strong><\/p>\n<p style=\"padding-left: 30px;\"><span style=\"color: #993300;\">Inclus\u00e3o da Editora da FapUNIFESP<\/span><\/p>\n<blockquote>\n<ul>\n<li>Abel L. Packer<\/li>\n<\/ul>\n<\/blockquote>\n<p><strong>15:00-15:15<\/strong><\/p>\n<p style=\"padding-left: 30px;\"><span style=\"color: #993300;\">Acordo de cess\u00e3o de direitos de publica\u00e7\u00e3o ao SciELO<\/span><\/p>\n<blockquote>\n<ul>\n<li>Abel L Packer<\/li>\n<\/ul>\n<\/blockquote>\n<p><strong>15:15-15:30<\/strong><\/p>\n<p style=\"padding-left: 30px;\"><span style=\"color: #993300;\">Encaminhamentos e recomenda\u00e7\u00f5es<\/span><\/p>\n<blockquote>\n<ul>\n<li>Todos os participantes<\/li>\n<\/ul>\n<\/blockquote>\n","protected":false},"excerpt":{"rendered":"<p>Reuni\u00e3o Online Comit\u00ea Gestor SciELO Livros Segunda-feira, 30 de janeiro de 2012 Local: ambiente virtual Elluminate (acesse o link no hor\u00e1rio e data indicados). 14:00-14:15 Abertura Abel L. Packer 14:15-14:30 Lan\u00e7amento do Portal previsto a primeira quinzena de mar\u00e7o Todos &hellip; <a href=\"https:\/\/eventos.scielo.org\/rocgscielolivros\/programacao\/\">Continue reading <span class=\"meta-nav\">&rarr;<\/span><\/a><\/p>\n","protected":false},"author":1,"featured_media":0,"parent":0,"menu_order":0,"comment_status":"closed","ping_status":"closed","template":"","meta":{"footnotes":""},"class_list":["post-9","page","type-page","status-publish","hentry"],"aioseo_notices":[],"_links":{"self":[{"href":"https:\/\/eventos.scielo.org\/rocgscielolivros\/wp-json\/wp\/v2\/pages\/9","targetHints":{"allow":["GET"]}}],"collection":[{"href":"https:\/\/eventos.scielo.org\/rocgscielolivros\/wp-json\/wp\/v2\/pages"}],"about":[{"href":"https:\/\/eventos.scielo.org\/rocgscielolivros\/wp-json\/wp\/v2\/types\/page"}],"author":[{"embeddable":true,"href":"https:\/\/eventos.scielo.org\/rocgscielolivros\/wp-json\/wp\/v2\/users\/1"}],"replies":[{"embeddable":true,"href":"https:\/\/eventos.scielo.org\/rocgscielolivros\/wp-json\/wp\/v2\/comments?post=9"}],"version-history":[{"count":6,"href":"https:\/\/eventos.scielo.org\/rocgscielolivros\/wp-json\/wp\/v2\/pages\/9\/revisions"}],"predecessor-version":[{"id":20,"href":"https:\/\/eventos.scielo.org\/rocgscielolivros\/wp-json\/wp\/v2\/pages\/9\/revisions\/20"}],"wp:attachment":[{"href":"https:\/\/eventos.scielo.org\/rocgscielolivros\/wp-json\/wp\/v2\/media?parent=9"}],"curies":[{"name":"wp","href":"https:\/\/api.w.org\/{rel}","templated":true}]}}