{"id":16,"date":"2012-07-19T18:29:47","date_gmt":"2012-07-19T18:29:47","guid":{"rendered":"http:\/\/eventos.scielo.org\/rs1\/?page_id=16"},"modified":"2012-08-23T11:14:48","modified_gmt":"2012-08-23T11:14:48","slug":"apresentacao","status":"publish","type":"page","link":"https:\/\/eventos.scielo.org\/rs1\/","title":{"rendered":"Apresenta\u00e7\u00e3o"},"content":{"rendered":"<p><strong>Termo de refer\u00eancia<\/strong><\/p>\n<p>O pesquisador precisa lidar diariamente com o volume crescente de informa\u00e7\u00e3o cient\u00edfica publicada.<\/p>\n<p>Um recurso cada vez mais utilizado para encontrar informa\u00e7\u00e3o relevante \u00e9 o uso de redes sociais como filtros de conte\u00fado. Redes como blogs, Twitter, Facebook, e servi\u00e7os mais especializados e acad\u00eamicos como Mendeley e similares s\u00e3o usados para recomendar e discutir artigos e conte\u00fado cient\u00edfico em geral, expondo ao mundo a discuss\u00e3o que antes estava restrita ao laborat\u00f3rio ou aos corredores dos centros de pesquisa.<\/p>\n<p>Al\u00e9m de atuar como um filtro de conte\u00fado, as redes sociais criam novas possibilidades de intera\u00e7\u00e3o entre todos os envolvidos na comunica\u00e7\u00e3o cient\u00edfica \u2013 autores, leitores e editores, e podem ser uma importante ferramenta para promo\u00e7\u00e3o de a\u00e7\u00f5es cooperativas.<\/p>\n<p>As facilidades oferecidas pelas redes sociais acrescentam tamb\u00e9m novas camadas de m\u00e9tricas de impacto da pesquisa muito mais din\u00e2micas, que v\u00e3o al\u00e9m das cita\u00e7\u00f5es, como compartilhamentos, n\u00famero de acessos e outras, medidas no intervalo de dias a meses, que ajudam a preencher o vazio entre a publica\u00e7\u00e3o de um artigo e a contagem de cita\u00e7\u00f5es tradicionalmente medida. Tamb\u00e9m geram novas possibilidades para a comunica\u00e7\u00e3o da ci\u00eancia, criando formas de disponibiliza\u00e7\u00e3o de conte\u00fado que agilizam o processo de publica\u00e7\u00e3o, tornando-o mais pr\u00f3ximo do p\u00fablico interessado, mais familiar e com grande alcance e facilidade de acesso. Este \u00e9 um avan\u00e7o sem volta, e compreender e acompanhar o seu uso pode trazer benef\u00edcios para todos:\u00a0\u00a0publishers, editores, \u00a0pesquisadores, estudantes, institui\u00e7\u00f5es acad\u00eamicas e o p\u00fablico interessado.<\/p>\n<p><strong>P\u00fablico\u00a0<\/strong><\/p>\n<p>Profissionais de ci\u00eancia da informa\u00e7\u00e3o e comunica\u00e7\u00e3o cient\u00edfica, editores de peri\u00f3dicos cient\u00edficos, pesquisadores, estudantes, bibliotec\u00e1rios, jornalistas, entre outros.<\/p>\n<p><strong>Inscri\u00e7\u00f5es<\/strong><strong><\/strong><\/p>\n<p>A participa\u00e7\u00e3o no Semin\u00e1rio \u00e9 livre de custo,\u00a0por\u00e9m as vagas s\u00e3o limitadas. Fa\u00e7a sua inscri\u00e7\u00e3o:<\/p>\n<p><a title=\"Inscri\u00e7\u00f5es \u2013 S\u00e3o Paulo 21\/08\/2012\" href=\"http:\/\/eventos.scielo.org\/rs1\/inscricao\/inscricoes-sao-paulo-21082012\/\">Inscri\u00e7\u00f5es para o evento em S\u00e3o Paulo<\/a>.<br \/>\n<a title=\"Inscri\u00e7\u00f5es \u2013 Rio de Janeiro 22\/08\/2012\" href=\"http:\/\/eventos.scielo.org\/rs1\/inscricao\/inscricoes-rio-de-janeiro-22082012\/\">Inscri\u00e7\u00f5es para o evento no Rio de Janeiro<\/a>.<\/p>\n<p>Os dados coletados nas inscri\u00e7\u00f5es ser\u00e3o utilizados para gerar o certificado de participa\u00e7\u00e3o no evento.<\/p>\n<p><strong>Organiza\u00e7\u00e3o<\/strong><\/p>\n<p>O semin\u00e1rio \u00e9 organizado pelo <a href=\"http:\/\/www.scielo.org\/php\/index.php?lang=en\" target=\"_blank\">Programa\u00a0SciELO<\/a>\/<a href=\"http:\/\/www.fapesp.br\/\" target=\"_blank\">FAPESP<\/a>\u00a0em colabora\u00e7\u00e3o com a <a href=\"http:\/\/www.fiocruz.br\/\" target=\"_blank\">FIOCRUZ<\/a> por meio da Vice Presid\u00eancia de Ensino, Informa\u00e7\u00e3o e Comunica\u00e7\u00e3o e tem o apoio do <a href=\"http:\/\/www.ibict.br\/\" target=\"_blank\">Instituto Brasileiro de Informa\u00e7\u00e3o em Ci\u00eancia e Tecnologia<\/a>\u00a0e do\u00a0<a href=\"http:\/\/www.cbpf.br\/\" target=\"_blank\">Centro Brasileiro de Pesquisas F\u00edsicas<\/a>.<\/p>\n<p><a name=\"localsp\"><\/a><strong>Local &#8211; S\u00e3o Paulo<\/strong><\/p>\n<p>Green Place Hotel<br \/>\nRua Doutor Diogo de Faria, 1201<br \/>\nVila Mariana \u2013 S\u00e3o Paulo \u2013 SP<\/p>\n<p><iframe loading=\"lazy\" src=\"http:\/\/maps.google.com.br\/maps?q=Rua+Doutor+Diogo+de+Faria,+1201&amp;ie=UTF8&amp;hq=&amp;hnear=R.+Dr.+Diogo+de+Faria,+1201+-+Vila+Mariana,+S%C3%A3o+Paulo,+04037-004&amp;gl=br&amp;t=m&amp;z=14&amp;ll=-23.595249,-46.648473&amp;output=embed\" frameborder=\"0\" marginwidth=\"0\" marginheight=\"0\" scrolling=\"no\" width=\"425\" height=\"350\"><\/iframe><br \/>\n<small><a style=\"color: #0000ff; text-align: left;\" href=\"http:\/\/maps.google.com.br\/maps?q=Rua+Doutor+Diogo+de+Faria,+1201&amp;ie=UTF8&amp;hq=&amp;hnear=R.+Dr.+Diogo+de+Faria,+1201+-+Vila+Mariana,+S%C3%A3o+Paulo,+04037-004&amp;gl=br&amp;t=m&amp;z=14&amp;ll=-23.595249,-46.648473&amp;source=embed\">Exibir mapa ampliado<\/a><\/small><\/p>\n<p><strong>Local &#8211; Rio de Janeiro<\/strong><\/p>\n<p><strong><\/strong>Audit\u00f3rio Ministro Jo\u00e3o Alberto Lins e Barros do CBPF &#8211; Centro Brasileiro de Pesquisas F\u00edsicas.<br \/>\nRua Lauro Muller, 455 \u2013 Botafogo.<br \/>\nRio de Janeiro-RJ<\/p>\n<p><iframe loading=\"lazy\" src=\"https:\/\/maps.google.com.br\/maps?f=d&amp;source=embed&amp;saddr=R.+Lauro+M%C3%BCller&amp;daddr=&amp;hl=pt-BR&amp;geocode=FRi_of4dmDVt_Q&amp;sll=-22.955054,-43.175068&amp;sspn=0.0057,0.010568&amp;mra=prev&amp;ie=UTF8&amp;t=m&amp;ll=-22.954216,-43.174504&amp;spn=0.006295,0.006837&amp;output=embed\" frameborder=\"0\" marginwidth=\"0\" marginheight=\"0\" scrolling=\"no\" width=\"425\" height=\"350\"><\/iframe><br \/>\n<small><a style=\"color: #0000ff; text-align: left;\" href=\"https:\/\/maps.google.com.br\/maps?f=d&amp;source=embed&amp;saddr=R.+Lauro+M%C3%BCller&amp;daddr=&amp;hl=pt-BR&amp;geocode=FRi_of4dmDVt_Q&amp;sll=-22.955054,-43.175068&amp;sspn=0.0057,0.010568&amp;mra=prev&amp;ie=UTF8&amp;t=m&amp;ll=-22.954216,-43.174504&amp;spn=0.006295,0.006837\">Exibir mapa ampliado<\/a><\/small><\/p>\n","protected":false},"excerpt":{"rendered":"<p>Termo de refer\u00eancia O pesquisador precisa lidar diariamente com o volume crescente de informa\u00e7\u00e3o cient\u00edfica publicada. Um recurso cada vez mais utilizado para encontrar informa\u00e7\u00e3o relevante \u00e9 o uso de redes sociais como filtros de conte\u00fado. Redes como blogs, Twitter, &hellip; <a href=\"https:\/\/eventos.scielo.org\/rs1\/\">Continue reading <span class=\"meta-nav\">&rarr;<\/span><\/a><\/p>\n","protected":false},"author":3,"featured_media":0,"parent":0,"menu_order":0,"comment_status":"closed","ping_status":"closed","template":"","meta":{"footnotes":""},"class_list":["post-16","page","type-page","status-publish","hentry"],"aioseo_notices":[],"_links":{"self":[{"href":"https:\/\/eventos.scielo.org\/rs1\/wp-json\/wp\/v2\/pages\/16","targetHints":{"allow":["GET"]}}],"collection":[{"href":"https:\/\/eventos.scielo.org\/rs1\/wp-json\/wp\/v2\/pages"}],"about":[{"href":"https:\/\/eventos.scielo.org\/rs1\/wp-json\/wp\/v2\/types\/page"}],"author":[{"embeddable":true,"href":"https:\/\/eventos.scielo.org\/rs1\/wp-json\/wp\/v2\/users\/3"}],"replies":[{"embeddable":true,"href":"https:\/\/eventos.scielo.org\/rs1\/wp-json\/wp\/v2\/comments?post=16"}],"version-history":[{"count":49,"href":"https:\/\/eventos.scielo.org\/rs1\/wp-json\/wp\/v2\/pages\/16\/revisions"}],"predecessor-version":[{"id":365,"href":"https:\/\/eventos.scielo.org\/rs1\/wp-json\/wp\/v2\/pages\/16\/revisions\/365"}],"wp:attachment":[{"href":"https:\/\/eventos.scielo.org\/rs1\/wp-json\/wp\/v2\/media?parent=16"}],"curies":[{"name":"wp","href":"https:\/\/api.w.org\/{rel}","templated":true}]}}