{"id":52,"date":"2012-08-02T18:08:40","date_gmt":"2012-08-02T18:08:40","guid":{"rendered":"http:\/\/eventos.scielo.org\/rs1\/?page_id=52"},"modified":"2012-08-09T17:37:09","modified_gmt":"2012-08-09T17:37:09","slug":"inscricao","status":"publish","type":"page","link":"https:\/\/eventos.scielo.org\/rs1\/inscricao\/","title":{"rendered":"Inscri\u00e7\u00f5es"},"content":{"rendered":"<p>Informamos que as inscri\u00e7\u00f5es para os eventos est\u00e3o encerradas.<\/p>\n","protected":false},"excerpt":{"rendered":"<p>Informamos que as inscri\u00e7\u00f5es para os eventos est\u00e3o encerradas.<\/p>\n","protected":false},"author":3,"featured_media":0,"parent":0,"menu_order":0,"comment_status":"closed","ping_status":"closed","template":"","meta":{"footnotes":""},"class_list":["post-52","page","type-page","status-publish","hentry"],"aioseo_notices":[],"_links":{"self":[{"href":"https:\/\/eventos.scielo.org\/rs1\/wp-json\/wp\/v2\/pages\/52","targetHints":{"allow":["GET"]}}],"collection":[{"href":"https:\/\/eventos.scielo.org\/rs1\/wp-json\/wp\/v2\/pages"}],"about":[{"href":"https:\/\/eventos.scielo.org\/rs1\/wp-json\/wp\/v2\/types\/page"}],"author":[{"embeddable":true,"href":"https:\/\/eventos.scielo.org\/rs1\/wp-json\/wp\/v2\/users\/3"}],"replies":[{"embeddable":true,"href":"https:\/\/eventos.scielo.org\/rs1\/wp-json\/wp\/v2\/comments?post=52"}],"version-history":[{"count":6,"href":"https:\/\/eventos.scielo.org\/rs1\/wp-json\/wp\/v2\/pages\/52\/revisions"}],"predecessor-version":[{"id":161,"href":"https:\/\/eventos.scielo.org\/rs1\/wp-json\/wp\/v2\/pages\/52\/revisions\/161"}],"wp:attachment":[{"href":"https:\/\/eventos.scielo.org\/rs1\/wp-json\/wp\/v2\/media?parent=52"}],"curies":[{"name":"wp","href":"https:\/\/api.w.org\/{rel}","templated":true}]}}