{"id":2,"date":"2014-02-14T17:43:34","date_gmt":"2014-02-14T17:43:34","guid":{"rendered":"http:\/\/eventos.scielo.org\/scielo-embrapa\/?page_id=2"},"modified":"2014-02-19T12:14:43","modified_gmt":"2014-02-19T12:14:43","slug":"agenda","status":"publish","type":"page","link":"https:\/\/eventos.scielo.org\/scielo-embrapa\/","title":{"rendered":"Agenda"},"content":{"rendered":"<p><span style=\"color: #993300;\"><strong>Ter\u00e7a-feira\u00a018\/02<\/strong><\/span><\/p>\n<p style=\"padding-left: 30px;\"><strong>14h30 &#8211; 14h45<\/strong><br \/>\nAbertura &#8211; Apresenta\u00e7\u00e3o dos objetivos da reuni\u00e3o<\/p>\n<ul>\n<ul>\n<li>Abel L. Packer<\/li>\n<\/ul>\n<\/ul>\n<p style=\"padding-left: 30px;\"><strong>14h30 \u2013 15h00<\/strong><br \/>\nSistemas de Submiss\u00e3o Online\u00a0<a href=\"http:\/\/eventos.scielo.org\/scielo-embrapa\/files\/2014\/02\/apresentacao_embrapa_20140218.pptx\" target=\"_blank\"><img loading=\"lazy\" decoding=\"async\" title=\"21\" src=\"http:\/\/eventos.scielo.org\/scielo-embrapa\/files\/2014\/02\/21.png\" alt=\"\" width=\"15\" height=\"16\" \/><\/a><\/p>\n<ul>\n<ul>\n<li>Adriana Luccisano<\/li>\n<\/ul>\n<\/ul>\n<p style=\"padding-left: 30px;\"><strong>15h00 &#8211; 15h30<\/strong><br \/>\nFluxo de Produ\u00e7\u00e3o de Peri\u00f3dicos\u00a0<a href=\"http:\/\/eventos.scielo.org\/scielo-embrapa\/files\/2014\/02\/20140218_apresentacao-fluxo-embrapa_francine.ppt\" target=\"_blank\"><img loading=\"lazy\" decoding=\"async\" title=\"21\" src=\"http:\/\/eventos.scielo.org\/scielo-embrapa\/files\/2014\/02\/21.png\" alt=\"\" width=\"15\" height=\"16\" \/><\/a><\/p>\n<ul>\n<ul>\n<li>Francine Curuvil<\/li>\n<\/ul>\n<\/ul>\n<p style=\"padding-left: 30px;\"><strong>15h30 &#8211; 16h00<\/strong><br \/>\nNova Arquitetura das Aplica\u00e7\u00f5es SciELO\u00a0<a href=\"http:\/\/eventos.scielo.org\/scielo-embrapa\/files\/2014\/02\/SciELO-e-a-interoperabilidade-editores.pdf\" target=\"_blank\"><img loading=\"lazy\" decoding=\"async\" title=\"21\" src=\"http:\/\/eventos.scielo.org\/scielo-embrapa\/files\/2014\/02\/21.png\" alt=\"\" width=\"15\" height=\"16\" \/><\/a><\/p>\n<ul>\n<ul>\n<li>Fabio Batalha<\/li>\n<\/ul>\n<\/ul>\n<p style=\"padding-left: 30px;\"><strong>16h30-17h00<\/strong><br \/>\nEsclarecimentos e d\u00favidas<\/p>\n<ul>\n<ul>\n<li>Todos os participantes<\/li>\n<\/ul>\n<\/ul>\n<p><span style=\"color: #993300;\"><strong>Quarta-feira 19\/02<\/strong><\/span><\/p>\n<p style=\"padding-left: 30px;\"><strong>09h00 &#8211; 09h30<\/strong><br \/>\nAbertura &#8211; Planejamento Conjunto<\/p>\n<ul>\n<ul>\n<li>Todos os participantes<\/li>\n<\/ul>\n<\/ul>\n<p style=\"padding-left: 30px;\"><strong>09h30 \u2013 12h30<\/strong><br \/>\nApresenta\u00e7\u00e3o e Discuss\u00e3o:<br \/>\nPeri\u00f3dicos em opera\u00e7\u00e3o, editados pela Embrapa:<br \/>\na) Moderniza\u00e7\u00e3o e desenvolvimento do peri\u00f3dico PAB, j\u00e1 indexado no SciELO;<br \/>\nb) Moderniza\u00e7\u00e3o e desenvolvimento dos peri\u00f3dicos ainda n\u00e3o indexados no SciELO: PFB; CC&amp;T; TPD; RBOF;<br \/>\nc) Peri\u00f3dicos em opera\u00e7\u00e3o, editados com forte colabora\u00e7\u00e3o da Embrapa: PVB\/CBPA (indexada) e RPA\/MAPA (n\u00e3o indexada);<br \/>\nd) Peri\u00f3dicos em opera\u00e7\u00e3o, de parceiros da Embrapa: RBH (Sociedade Brasileira de Horticultura); PAG (Funda\u00e7\u00e3o Estadual de Pesquisa Agropecu\u00e1ria\/RS).&#8221;<\/p>\n<ul style=\"padding-left: 30px;\">\n<li>Todos os participantes<\/li>\n<\/ul>\n<p style=\"padding-left: 30px;\"><strong>12h30-14h00<br \/>\n<\/strong>Almo\u00e7o<\/p>\n<p style=\"padding-left: 30px;\"><strong>14h00-16h00<\/strong><br \/>\nInova\u00e7\u00f5es :<br \/>\na) Parceria: SciELO\/Fapesp\/Fap-Unifesp\/Embrapa;<br \/>\nb) Apresenta\u00e7\u00e3o, discuss\u00e3o e avan\u00e7o da ideia de construir uma Biblioteca Global em Ci\u00eancias Agr\u00e1rias: (Conv\u00eanio e Projeto);<br \/>\nc) Apresenta\u00e7\u00e3o, e discuss\u00e3o da ideia de cria\u00e7\u00e3o de uma revista internacional de &#8220;Reviews&#8221; na \u00e1rea de Ci\u00eancias Agr\u00e1rias: contribui\u00e7\u00e3o da Embrapa;<br \/>\nd) Participa\u00e7\u00e3o da Embrapa no Apoio da Fapesp\/SciELO a &#8220;Peri\u00f3dicos de Elite&#8221; em Ci\u00eancias Agr\u00e1rias;<br \/>\ne) Participa\u00e7\u00e3o do SciELO no Semin\u00e1rio &#8220;Moderniza\u00e7\u00e3o da Rede de Parcerias da revista PAB&#8221;;<br \/>\nEmbrapa:<br \/>\na) Cria\u00e7\u00e3o de site espec\u00edfico para acesso aos peri\u00f3dicos da Embrapa, visando especialmente ao p\u00fablico interno;<br \/>\nb) Apresenta\u00e7\u00e3o e discuss\u00e3o da ideia de cria\u00e7\u00e3o de Revista Tecnol\u00f3gica da Embrapa;<br \/>\nc) Revis\u00e3o do planejamento do Semin\u00e1rio &#8220;Amplia\u00e7\u00e3o e Moderniza\u00e7\u00e3o da Rede de Parcerias da Revista Pesquisa Agropecu\u00e1ria Brasileira.&#8221;<\/p>\n<ul style=\"padding-left: 30px;\">\n<li>Todos os participantes<\/li>\n<\/ul>\n<p style=\"padding-left: 30px;\"><strong>16h00-17h00<\/strong><br \/>\nConclus\u00f5es e Recomenda\u00e7\u00f5es<\/p>\n<ul style=\"padding-left: 30px;\">\n<li>Todos os participantes<\/li>\n<\/ul>\n<p><span style=\"color: #993300;\"><strong>Quinta-feira 20\/02<\/strong><\/span><\/p>\n<p style=\"padding-left: 30px;\"><strong>09h00-11h00<\/strong><br \/>\nConclus\u00f5es &#8211; Encaminhamentos e Conclus\u00f5es<\/p>\n<ul style=\"padding-left: 30px;\">\n<li>Todos os participantes<\/li>\n<\/ul>\n<h1>Local<\/h1>\n<div>Av. 11 de Junho, 269<\/div>\n<div>Vila Clementino, S\u00e3o Paulo-SP<\/div>\n<p><iframe loading=\"lazy\" src=\"https:\/\/maps.google.com\/maps?f=q&amp;source=s_q&amp;hl=en&amp;geocode=&amp;q=Avenida+Onze+de+Junho,+269,+Vila+Clementino,+S%C3%A3o+Paulo,+Brazil&amp;aq=0&amp;oq=av+11+de+junho,+269&amp;sll=37.0625,-95.677068&amp;sspn=42.901912,86.572266&amp;ie=UTF8&amp;hq=&amp;hnear=Avenida+Onze+de+Junho,+269+-+Vila+Clementino,+S%C3%A3o+Paulo,+04041-050,+Brazil&amp;t=m&amp;z=14&amp;ll=-23.601589,-46.639294&amp;output=embed\" frameborder=\"0\" marginwidth=\"0\" marginheight=\"0\" scrolling=\"no\" width=\"425\" height=\"350\"><\/iframe><br \/>\n<small><a style=\"color: #0000ff; text-align: left;\" href=\"https:\/\/maps.google.com\/maps?f=q&amp;source=embed&amp;hl=en&amp;geocode=&amp;q=Avenida+Onze+de+Junho,+269,+Vila+Clementino,+S%C3%A3o+Paulo,+Brazil&amp;aq=0&amp;oq=av+11+de+junho,+269&amp;sll=37.0625,-95.677068&amp;sspn=42.901912,86.572266&amp;ie=UTF8&amp;hq=&amp;hnear=Avenida+Onze+de+Junho,+269+-+Vila+Clementino,+S%C3%A3o+Paulo,+04041-050,+Brazil&amp;t=m&amp;z=14&amp;ll=-23.601589,-46.639294\">View Larger Map<\/a><\/small><\/p>\n","protected":false},"excerpt":{"rendered":"<p>Ter\u00e7a-feira\u00a018\/02 14h30 &#8211; 14h45 Abertura &#8211; Apresenta\u00e7\u00e3o dos objetivos da reuni\u00e3o Abel L. Packer 14h30 \u2013 15h00 Sistemas de Submiss\u00e3o Online\u00a0 Adriana Luccisano 15h00 &#8211; 15h30 Fluxo de Produ\u00e7\u00e3o de Peri\u00f3dicos\u00a0 Francine Curuvil 15h30 &#8211; 16h00 Nova Arquitetura das Aplica\u00e7\u00f5es &hellip; <a href=\"https:\/\/eventos.scielo.org\/scielo-embrapa\/\">Continue reading <span class=\"meta-nav\">&rarr;<\/span><\/a><\/p>\n","protected":false},"author":3,"featured_media":0,"parent":0,"menu_order":0,"comment_status":"closed","ping_status":"closed","template":"","meta":{"footnotes":""},"class_list":["post-2","page","type-page","status-publish","hentry"],"aioseo_notices":[],"_links":{"self":[{"href":"https:\/\/eventos.scielo.org\/scielo-embrapa\/wp-json\/wp\/v2\/pages\/2","targetHints":{"allow":["GET"]}}],"collection":[{"href":"https:\/\/eventos.scielo.org\/scielo-embrapa\/wp-json\/wp\/v2\/pages"}],"about":[{"href":"https:\/\/eventos.scielo.org\/scielo-embrapa\/wp-json\/wp\/v2\/types\/page"}],"author":[{"embeddable":true,"href":"https:\/\/eventos.scielo.org\/scielo-embrapa\/wp-json\/wp\/v2\/users\/3"}],"replies":[{"embeddable":true,"href":"https:\/\/eventos.scielo.org\/scielo-embrapa\/wp-json\/wp\/v2\/comments?post=2"}],"version-history":[{"count":19,"href":"https:\/\/eventos.scielo.org\/scielo-embrapa\/wp-json\/wp\/v2\/pages\/2\/revisions"}],"predecessor-version":[{"id":62,"href":"https:\/\/eventos.scielo.org\/scielo-embrapa\/wp-json\/wp\/v2\/pages\/2\/revisions\/62"}],"wp:attachment":[{"href":"https:\/\/eventos.scielo.org\/scielo-embrapa\/wp-json\/wp\/v2\/media?parent=2"}],"curies":[{"name":"wp","href":"https:\/\/api.w.org\/{rel}","templated":true}]}}