{"id":8,"date":"2014-02-14T18:07:10","date_gmt":"2014-02-14T18:07:10","guid":{"rendered":"http:\/\/eventos.scielo.org\/scielo-embrapa\/?page_id=8"},"modified":"2014-02-18T12:14:43","modified_gmt":"2014-02-18T12:14:43","slug":"participantes","status":"publish","type":"page","link":"https:\/\/eventos.scielo.org\/scielo-embrapa\/participantes\/","title":{"rendered":"Participantes"},"content":{"rendered":"<p><strong>Embrapa<\/strong><\/p>\n<div>\n<p style=\"padding-left: 30px\">Dr. Sergio Gaiad, Chefe Adjunto de Pesquisa e Desenvolvimento, Embrapa Florestas<br \/>\nDra. Jacqueline Silveira de S\u00e1 Leit\u00e3o, Secretaria de Gest\u00e3o Estrat\u00e9gica, Embrapa Sede<br \/>\nDra. Kilvia\u00a0 Ines Chaves Craveiro, Departamento de Transfer\u00eancia de Tecnologia, Embrapa Sede<br \/>\nDra. Maria Alice de Medeiros, Departamento de Pesquisa e Desenvolvimento, Embrapa Sede<br \/>\nDr. Ivan Sergio Freire de Sousa, Departamento de Pesquisa e Desenvolvimento, Embrapa Sede<br \/>\nDr. Job L\u00facio Gomes Vieira, Secretaria de Gest\u00e3o Estrat\u00e9gica, Embrapa Sede<br \/>\nDr. Emilson Fran\u00e7a de Queiroz, Embrapa Informa\u00e7\u00e3o Tecnol\u00f3gica<\/p>\n<p><strong>Programa SciELO<\/strong><\/p>\n<p style=\"padding-left: 30px\">Abel L. Packer \u2013 Diretor<br \/>\nAdriana Luccisano &#8211; Colegiado SciELO<br \/>\nFabio Batalha \u2013 Colegiado SciELO<br \/>\nFabiana Montanari \u2013 Colegiado SciELO<br \/>\nFrancine Curuvil \u2013 Bibliotec\u00e1ria<br \/>\nRog\u00e9rio Meneghini \u2013 Coordenador Cient\u00edfico<\/p>\n<\/div>\n","protected":false},"excerpt":{"rendered":"<p>Embrapa Dr. Sergio Gaiad, Chefe Adjunto de Pesquisa e Desenvolvimento, Embrapa Florestas Dra. Jacqueline Silveira de S\u00e1 Leit\u00e3o, Secretaria de Gest\u00e3o Estrat\u00e9gica, Embrapa Sede Dra. Kilvia\u00a0 Ines Chaves Craveiro, Departamento de Transfer\u00eancia de Tecnologia, Embrapa Sede Dra. Maria Alice de &hellip; <a href=\"https:\/\/eventos.scielo.org\/scielo-embrapa\/participantes\/\">Continue reading <span class=\"meta-nav\">&rarr;<\/span><\/a><\/p>\n","protected":false},"author":3,"featured_media":0,"parent":0,"menu_order":0,"comment_status":"closed","ping_status":"closed","template":"","meta":{"footnotes":""},"class_list":["post-8","page","type-page","status-publish","hentry"],"aioseo_notices":[],"_links":{"self":[{"href":"https:\/\/eventos.scielo.org\/scielo-embrapa\/wp-json\/wp\/v2\/pages\/8","targetHints":{"allow":["GET"]}}],"collection":[{"href":"https:\/\/eventos.scielo.org\/scielo-embrapa\/wp-json\/wp\/v2\/pages"}],"about":[{"href":"https:\/\/eventos.scielo.org\/scielo-embrapa\/wp-json\/wp\/v2\/types\/page"}],"author":[{"embeddable":true,"href":"https:\/\/eventos.scielo.org\/scielo-embrapa\/wp-json\/wp\/v2\/users\/3"}],"replies":[{"embeddable":true,"href":"https:\/\/eventos.scielo.org\/scielo-embrapa\/wp-json\/wp\/v2\/comments?post=8"}],"version-history":[{"count":18,"href":"https:\/\/eventos.scielo.org\/scielo-embrapa\/wp-json\/wp\/v2\/pages\/8\/revisions"}],"predecessor-version":[{"id":56,"href":"https:\/\/eventos.scielo.org\/scielo-embrapa\/wp-json\/wp\/v2\/pages\/8\/revisions\/56"}],"wp:attachment":[{"href":"https:\/\/eventos.scielo.org\/scielo-embrapa\/wp-json\/wp\/v2\/media?parent=8"}],"curies":[{"name":"wp","href":"https:\/\/api.w.org\/{rel}","templated":true}]}}