{"id":10,"date":"2012-01-19T18:00:44","date_gmt":"2012-01-19T18:00:44","guid":{"rendered":"http:\/\/eventos.scielo.org\/scielolivros\/?page_id=10"},"modified":"2012-04-23T17:20:27","modified_gmt":"2012-04-23T17:20:27","slug":"programacao","status":"publish","type":"page","link":"https:\/\/eventos.scielo.org\/scielolivros\/programacao\/","title":{"rendered":"Programa\u00e7\u00e3o"},"content":{"rendered":"<p><strong>9:00 \u2013 10:00 &#8211; Painel de lan\u00e7amento do Portal SciELO Livros<\/strong><\/p>\n<ul>\n<li>Julio Cezar Durigan &#8211; Vice Reitor da UNESP<\/li>\n<li>N\u00edsia Trindade Lima &#8211; Vice-presidente de Ensino, Informa\u00e7\u00e3o e Comunica\u00e7\u00e3o &#8211; FIOCRUZ<\/li>\n<li>Fernando Luiz Trindade R\u00eago &#8211; Chefe de Gabinete, \u00a0Reitoria da UFBA<\/li>\n<li>Adalberto Tardelli &#8211; Diretor a.i.,\u00a0BIREME\/OPAS\/OMS<\/li>\n<li>Emir Jos\u00e9 Suaiden &#8211; Diretor do Instituto Brasileiro de Informa\u00e7\u00e3o em Ci\u00eancia e Tecnologia &#8211; IBICT<\/li>\n<li>Abel L. Packer &#8211; Coordenador do Comit\u00ea Gestor do Projeto SciELO Livros, Programa SciELO \/ FAPESP &#8211; <em>SciELO Livros em Perspectiva<\/em> (&gt;&gt; <a href=\"http:\/\/eventos.scielo.org\/scielolivros\/files\/2012\/01\/SciELO-Livros-em-perspectiva-20120330.pps\">Download<\/a>)<\/li>\n<\/ul>\n<p><strong>10:00 \u2013 10:30 &#8211; Coffee Break<br \/>\n<\/strong><\/p>\n<p><strong>10:30 \u2013 12:30 &#8211; Painel sobre os livros eletr\u00f4nicos<br \/>\n<\/strong><\/p>\n<ul>\n<li>Hist\u00f3ria do Livro &#8211; <a href=\"http:\/\/buscatextual.cnpq.br\/buscatextual\/visualizacv.do?id=K4509392D6\" target=\"_blank\">Ana Paula Mathias de Paiva<\/a> (&gt;&gt; <a href=\"http:\/\/eventos.scielo.org\/scielolivros\/files\/2012\/01\/historia_do_livro_ana_paiva.pdf\" target=\"_blank\">Download<\/a>)<\/li>\n<li>E<em>books\u00a0<\/em>no ecossistema, publica\u00e7\u00e3o global &#8211; Nicholas Cop, Consultor do Projeto SciELO Livros (&gt;&gt; <a href=\"http:\/\/eventos.scielo.org\/scielolivros\/files\/2012\/01\/ebooks_ecossistema_publicacao_global_Nicholas_-Cop.pdf\" target=\"_blank\">Download<\/a>)<\/li>\n<li>Plataforma SciELO Livros \u2013 Fabio Batalha, Programa SciELO\/FAPESP,\u00a0Supervisor de Desenvolvimento de sistemas e tecnologias de informa\u00e7\u00e3o (&gt;&gt; <a href=\"http:\/\/eventos.scielo.org\/scielolivros\/files\/2012\/01\/plataforma_tecnilogica_fabio_batalha.pdf\" target=\"_blank\">Download<\/a>)<\/li>\n<li>O que \u00e9 a vida, livro de 1944 do f\u00edsico Erwin Schrodinger que mudou a biologia &#8211; <a href=\"http:\/\/buscatextual.cnpq.br\/buscatextual\/visualizacv.do?id=K4783483Y1\" target=\"_blank\">Rogerio Meneghini<\/a>, Programa SciELO \/ FAPESP, Coordenador Cient\u00edfico (&gt;&gt; <a href=\"http:\/\/eventos.scielo.org\/scielolivros\/files\/2012\/01\/o_que_e_a_vida_rogerio_meneghini.pdf\" target=\"_blank\">Download<\/a>)<\/li>\n<li>Ebooks<em>: <\/em>desafios, perturba\u00e7\u00f5es e inova\u00e7\u00f5es &#8211; <a href=\"http:\/\/buscatextual.cnpq.br\/buscatextual\/visualizacv.do?id=K4218637D8\" target=\"_blank\">Carolina Almeida Antunes Rossini<\/a>\u00a0(&gt;&gt; <a href=\"\/scielolivros\/files\/2012\/01\/ebooks_desafios_carolina_rossini.pdf\" target=\"_blank\">Download<\/a>)<\/li>\n<\/ul>\n<p><strong>12:30 \u2013 12:45 &#8211; Painel Editoras do Cons\u00f3rcio SciELO Livros<br \/>\n<\/strong><\/p>\n<ul>\n<li>Jo\u00e3o Canossa &#8211; Editora FIOCRUZ, Editor Executivo<\/li>\n<li>J\u00e9zio Hernani Bomfim Gutierre &#8211; Editora UNESP, Editor Executivo<\/li>\n<li>Flavia Goulart Garcia Rosa &#8211; Editora UFBA, Diretora<\/li>\n<\/ul>\n<p><strong>12:45 &#8211; Encerramento<br \/>\n<\/strong><\/p>\n","protected":false},"excerpt":{"rendered":"<p>9:00 \u2013 10:00 &#8211; Painel de lan\u00e7amento do Portal SciELO Livros Julio Cezar Durigan &#8211; Vice Reitor da UNESP N\u00edsia Trindade Lima &#8211; Vice-presidente de Ensino, Informa\u00e7\u00e3o e Comunica\u00e7\u00e3o &#8211; FIOCRUZ Fernando Luiz Trindade R\u00eago &#8211; Chefe de Gabinete, \u00a0Reitoria &hellip; <a href=\"https:\/\/eventos.scielo.org\/scielolivros\/programacao\/\">Continue reading <span class=\"meta-nav\">&rarr;<\/span><\/a><\/p>\n","protected":false},"author":1,"featured_media":0,"parent":0,"menu_order":0,"comment_status":"closed","ping_status":"closed","template":"","meta":{"footnotes":""},"class_list":["post-10","page","type-page","status-publish","hentry"],"aioseo_notices":[],"_links":{"self":[{"href":"https:\/\/eventos.scielo.org\/scielolivros\/wp-json\/wp\/v2\/pages\/10","targetHints":{"allow":["GET"]}}],"collection":[{"href":"https:\/\/eventos.scielo.org\/scielolivros\/wp-json\/wp\/v2\/pages"}],"about":[{"href":"https:\/\/eventos.scielo.org\/scielolivros\/wp-json\/wp\/v2\/types\/page"}],"author":[{"embeddable":true,"href":"https:\/\/eventos.scielo.org\/scielolivros\/wp-json\/wp\/v2\/users\/1"}],"replies":[{"embeddable":true,"href":"https:\/\/eventos.scielo.org\/scielolivros\/wp-json\/wp\/v2\/comments?post=10"}],"version-history":[{"count":30,"href":"https:\/\/eventos.scielo.org\/scielolivros\/wp-json\/wp\/v2\/pages\/10\/revisions"}],"predecessor-version":[{"id":20,"href":"https:\/\/eventos.scielo.org\/scielolivros\/wp-json\/wp\/v2\/pages\/10\/revisions\/20"}],"wp:attachment":[{"href":"https:\/\/eventos.scielo.org\/scielolivros\/wp-json\/wp\/v2\/media?parent=10"}],"curies":[{"name":"wp","href":"https:\/\/api.w.org\/{rel}","templated":true}]}}