{"id":15,"date":"2012-02-03T17:31:37","date_gmt":"2012-02-03T17:31:37","guid":{"rendered":"http:\/\/eventos.scielo.org\/scielolivros\/?page_id=15"},"modified":"2012-03-23T19:16:13","modified_gmt":"2012-03-23T19:16:13","slug":"registro","status":"publish","type":"page","link":"https:\/\/eventos.scielo.org\/scielolivros\/registro\/","title":{"rendered":"Registro"},"content":{"rendered":"<p>As inscri\u00e7\u00f5es para esse evento superaram o n\u00famero m\u00e1ximo previsto para o tamanho do audit\u00f3rio e est\u00e3o encerradas.<\/p>\n","protected":false},"excerpt":{"rendered":"<p>As inscri\u00e7\u00f5es para esse evento superaram o n\u00famero m\u00e1ximo previsto para o tamanho do audit\u00f3rio e est\u00e3o encerradas.<\/p>\n","protected":false},"author":1,"featured_media":0,"parent":0,"menu_order":0,"comment_status":"closed","ping_status":"closed","template":"","meta":{"footnotes":""},"class_list":["post-15","page","type-page","status-publish","hentry"],"aioseo_notices":[],"_links":{"self":[{"href":"https:\/\/eventos.scielo.org\/scielolivros\/wp-json\/wp\/v2\/pages\/15","targetHints":{"allow":["GET"]}}],"collection":[{"href":"https:\/\/eventos.scielo.org\/scielolivros\/wp-json\/wp\/v2\/pages"}],"about":[{"href":"https:\/\/eventos.scielo.org\/scielolivros\/wp-json\/wp\/v2\/types\/page"}],"author":[{"embeddable":true,"href":"https:\/\/eventos.scielo.org\/scielolivros\/wp-json\/wp\/v2\/users\/1"}],"replies":[{"embeddable":true,"href":"https:\/\/eventos.scielo.org\/scielolivros\/wp-json\/wp\/v2\/comments?post=15"}],"version-history":[{"count":4,"href":"https:\/\/eventos.scielo.org\/scielolivros\/wp-json\/wp\/v2\/pages\/15\/revisions"}],"predecessor-version":[{"id":18,"href":"https:\/\/eventos.scielo.org\/scielolivros\/wp-json\/wp\/v2\/pages\/15\/revisions\/18"}],"wp:attachment":[{"href":"https:\/\/eventos.scielo.org\/scielolivros\/wp-json\/wp\/v2\/media?parent=15"}],"curies":[{"name":"wp","href":"https:\/\/api.w.org\/{rel}","templated":true}]}}