{"id":4,"date":"2012-01-19T17:47:55","date_gmt":"2012-01-19T17:47:55","guid":{"rendered":"http:\/\/eventos.scielo.org\/scielolivros\/?page_id=4"},"modified":"2012-03-15T11:35:30","modified_gmt":"2012-03-15T11:35:30","slug":"apresentacao","status":"publish","type":"page","link":"https:\/\/eventos.scielo.org\/scielolivros\/","title":{"rendered":"Apresenta\u00e7\u00e3o"},"content":{"rendered":"<p><strong>S\u00e3o Paulo, 30 de mar\u00e7o de 2012<\/strong><\/p>\n<p><strong>Termos de refer\u00eancia<\/strong><\/p>\n<p>O SciELO Livros visa a publica\u00e7\u00e3o online na Web de cole\u00e7\u00f5es de livros acad\u00eamicos com o objetivo de maximizar a visibilidade, acessibilidade, uso e impacto das pesquisas, ensaios e estudos que publicam. Os livros publicados pelo SciELO s\u00e3o selecionados segundo controles de qualidade aplicados por um comit\u00ea cient\u00edfico e os textos digitais s\u00e3o formatados segundo padr\u00f5es internacionais que permitem o controle de acesso e de cita\u00e7\u00f5es e s\u00e3o leg\u00edveis nos leitores de\u00a0<em>ebooks<\/em>,\u00a0<em>tablets<\/em>,\u00a0<em>smartphones<\/em>\u00a0e telas de computador. Al\u00e9m do Portal SciELO Livros as obras ser\u00e3o acess\u00edveis por meio dos buscadores da Web e ser\u00e3o publicados tamb\u00e9m por portais e servi\u00e7os internacionais.<\/p>\n<p>O SciELO Livros \u00e9 parte integral do Programa SciELO da FAPESP e o seu desenvolvimento \u00e9 liderado e financiado por um cons\u00f3rcio formado pelas editoras da Universidade Estadual Paulista J\u00falio de Mesquita Filho (UNESP), Universidade Federal da Bahia (UFBA) e Funda\u00e7\u00e3o Oswaldo Cruz (FIOCRUZ). A plataforma metodol\u00f3gica e tecnol\u00f3gica do Projeto SciELO Livros foi desenvolvida com a coopera\u00e7\u00e3o t\u00e9cnica da BIREME\/OPAS\/OMS e sua execu\u00e7\u00e3o \u00e9 apoiada pela Funda\u00e7\u00e3o de Apoio \u00e0 Universidade Federal de S\u00e3o Paulo.<\/p>\n<p><strong>P\u00fablico Alvo<\/strong><\/p>\n<p>Autores, pesquisadores, editores e gestores de editoras universit\u00e1rias, profissionais do mercado livreiro, estudantes, bibliotec\u00e1rios, profissionais de informa\u00e7\u00e3o e interessados em livros eletr\u00f4nicos.<\/p>\n<p><strong>Inscri\u00e7\u00f5es<\/strong><\/p>\n<p>A participa\u00e7\u00e3o no evento\u00a0\u00a0\u00e9 livre de custo,\u00a0por\u00e9m as vagas s\u00e3o limitadas. Para inscri\u00e7\u00f5es,<a title=\"Registro\" href=\"http:\/\/eventos.scielo.org\/scielolivros\/registro\/\"> registre-se<\/a>\u00a0no site.<\/p>\n<p><strong>Hor\u00e1rio<\/strong><\/p>\n<p>Das 9:00h \u00e0s 13:30h<\/p>\n<p><strong>Local<\/strong><\/p>\n<p>Audit\u00f3rio do Instituto de Artes \u2013 UNESP &#8211; \u201cTeatro de M\u00fasica Profa. Dra. Maria de Lourdes Sekeff\u201d<\/p>\n<p>Rua Dr. Bento Teobaldo Ferraz, 271 \u2013 Barra Funda \u2013 SP<br \/>\n<iframe loading=\"lazy\" src=\"http:\/\/maps.google.com.br\/maps?oe=utf-8&amp;client=firefox-a&amp;q=Rua+Dr.+Bento+Teobaldo+Ferraz,+271&amp;ie=UTF8&amp;hq=&amp;hnear=R.+Dr.+Bento+Teobaldo+Ferraz,+271+-+Barra+Funda,+S%C3%A3o+Paulo,+01140-070&amp;gl=br&amp;t=m&amp;z=14&amp;ll=-23.523652,-46.667182&amp;output=embed\" frameborder=\"0\" marginwidth=\"0\" marginheight=\"0\" scrolling=\"no\" width=\"425\" height=\"350\"><\/iframe><br \/>\n<small><a style=\"color: #0000ff; text-align: left;\" href=\"http:\/\/maps.google.com.br\/maps?oe=utf-8&amp;client=firefox-a&amp;q=Rua+Dr.+Bento+Teobaldo+Ferraz,+271&amp;ie=UTF8&amp;hq=&amp;hnear=R.+Dr.+Bento+Teobaldo+Ferraz,+271+-+Barra+Funda,+S%C3%A3o+Paulo,+01140-070&amp;gl=br&amp;t=m&amp;z=14&amp;ll=-23.523652,-46.667182&amp;source=embed\">Exibir mapa ampliado<\/a><\/small><\/p>\n<h2>Hot\u00e9is pr\u00f3ximos \u00e0 regi\u00e3o<\/h2>\n<ul>\n<li><strong>HOTEL Ibis S\u00e3o Paulo Expo Barra Funda<\/strong><\/li>\n<\/ul>\n<p style=\"padding-left: 30px;\">Rua Eduardo Viana, 163 &#8211; Barra Funda &#8211; S\u00e3o Paulo &#8211; SP<br \/>\nTelefone: (11) 3393-7300\/Fax: (11) 3393-7374<\/p>\n<p style=\"padding-left: 30px;\">E-mail: <a href=\"mailto:H2211-re@accor.com.br\">H2211-re@accor.com.br<\/a><\/p>\n<p style=\"padding-left: 30px;\"><a href=\"http:\/\/www.accorhotels.com.br\/guiahoteis\/ibis\/hotel_loc.asp?cd_hotel=33\" target=\"_blank\">http:\/\/www.accorhotels.com.br\/guiahoteis\/ibis\/hotel_loc.asp?cd_hotel=33<\/a><\/p>\n<ul>\n<li><strong>Holiday Inn Express Avenida Sumar\u00e9 &#8211; IAHG<\/strong><\/li>\n<\/ul>\n<p style=\"padding-left: 30px;\">Rua Doutor Homem de Melo, 1206 &#8211; Perdizes<br \/>\nS\u00e3o Paulo, S\u00e3o Paulo. 05007-002<\/p>\n<p style=\"padding-left: 30px;\">Reservas: 0800 77 01 577<br \/>\nHotel: (55-11) 3674-7777\u00a0 Hotel Fax: (55-11) 3674-7779<\/p>\n<p style=\"padding-left: 30px;\">E-mail: <a href=\"http:\/\/www.hinnbrasil.com.br\/hotel_sao_sumare_home.php\" target=\"_blank\">atendimento@holidayexsp.com.br<\/a><\/p>\n<p style=\"padding-left: 30px;\"><a href=\"http:\/\/www.hinnbrasil.com.br\/hotel_sao_sumare_home.php\" target=\"_blank\">http:\/\/www.hinnbrasil.com.br\/hotel_sao_sumare_home.php<\/a><\/p>\n<ul>\n<li><strong>Plaza Inn American Loft S\u00e3o Paulo<\/strong><\/li>\n<\/ul>\n<p style=\"padding-left: 30px;\">Rua Turiass\u00fa, 1863, Perdizes<\/p>\n<p style=\"padding-left: 30px;\">Central de Reservas Plaza Inn Hot\u00e9is<br \/>\nreservas01@plazainn.com.br<br \/>\nTel: (11) 2125-1985\/0800-15 4700<br \/>\nFax: (11) 3664-4504<\/p>\n<p style=\"padding-left: 30px;\"><a href=\"http:\/\/www.hoteis.com.br\/hotel\/6811\/plaza-inn-american-loft-sao-paulo.html\" target=\"_blank\">http:\/\/www.hoteis.com.br\/hotel\/6811\/plaza-inn-american-loft-sao-paulo.html<\/a><\/p>\n","protected":false},"excerpt":{"rendered":"<p>S\u00e3o Paulo, 30 de mar\u00e7o de 2012 Termos de refer\u00eancia O SciELO Livros visa a publica\u00e7\u00e3o online na Web de cole\u00e7\u00f5es de livros acad\u00eamicos com o objetivo de maximizar a visibilidade, acessibilidade, uso e impacto das pesquisas, ensaios e estudos &hellip; <a href=\"https:\/\/eventos.scielo.org\/scielolivros\/\">Continue reading <span class=\"meta-nav\">&rarr;<\/span><\/a><\/p>\n","protected":false},"author":1,"featured_media":0,"parent":0,"menu_order":0,"comment_status":"closed","ping_status":"closed","template":"","meta":{"footnotes":""},"class_list":["post-4","page","type-page","status-publish","hentry"],"aioseo_notices":[],"_links":{"self":[{"href":"https:\/\/eventos.scielo.org\/scielolivros\/wp-json\/wp\/v2\/pages\/4","targetHints":{"allow":["GET"]}}],"collection":[{"href":"https:\/\/eventos.scielo.org\/scielolivros\/wp-json\/wp\/v2\/pages"}],"about":[{"href":"https:\/\/eventos.scielo.org\/scielolivros\/wp-json\/wp\/v2\/types\/page"}],"author":[{"embeddable":true,"href":"https:\/\/eventos.scielo.org\/scielolivros\/wp-json\/wp\/v2\/users\/1"}],"replies":[{"embeddable":true,"href":"https:\/\/eventos.scielo.org\/scielolivros\/wp-json\/wp\/v2\/comments?post=4"}],"version-history":[{"count":16,"href":"https:\/\/eventos.scielo.org\/scielolivros\/wp-json\/wp\/v2\/pages\/4\/revisions"}],"predecessor-version":[{"id":52,"href":"https:\/\/eventos.scielo.org\/scielolivros\/wp-json\/wp\/v2\/pages\/4\/revisions\/52"}],"wp:attachment":[{"href":"https:\/\/eventos.scielo.org\/scielolivros\/wp-json\/wp\/v2\/media?parent=4"}],"curies":[{"name":"wp","href":"https:\/\/api.w.org\/{rel}","templated":true}]}}