{"id":70,"date":"2012-03-29T18:26:46","date_gmt":"2012-03-29T18:26:46","guid":{"rendered":"http:\/\/eventos.scielo.org\/scielolivros\/?page_id=70"},"modified":"2012-04-02T18:24:30","modified_gmt":"2012-04-02T18:24:30","slug":"mensagens","status":"publish","type":"page","link":"https:\/\/eventos.scielo.org\/scielolivros\/mensagens\/","title":{"rendered":"Mensagens"},"content":{"rendered":"<blockquote><p>Felicitaciones a todo el equipo por la puesta en marcha de este emprendimiento en beneficio de la actividad cient\u00edfica, cultural y social de la regi\u00f3n.<br \/>\n<strong><\/strong><\/p>\n<p><strong>Ana Mar\u00eda Alvarez Lage<br \/>\nEquipo SciELO Argentina<\/strong><\/p>\n<hr \/>\n<p>Estimados Organizadores del Lanzamiento de Scielo Libros:<\/p>\n<p>Reciban nuestros deseos de que el Lanzamiento de Scielo Libros constituya un importante ventana para dar visibilidad a nuestras producciones cientificas bajo el formato Libro y con acceso libre. Confiados estamos de que esta herramienta tecnologica que se pone a disposicion de America Latina, el caribe e Iberoamerica sera aprovechada por el mundo entero y permitira mostrar muchos de esos tesoros escondidos y dispersos que han producido\u00a0 y seguiran produciendo nuestros investigadores o escritores\u00a0 quienes\u00a0 han decidido plasmar sus pensamientos, sus conocimientos, sus sue\u00f1os, sus experiencias, sus proyectos\u00a0 y todo lo que como seres con pensamiento libre quieran comunicar al resto bajo la forma de un libro&#8230;<\/p>\n<p>Mil felicidades a Bireme y a todos los que han hecho posible\u00a0 el lanzamiento de Scielo Libros y de Scielo Libros Brasil y a todas las instituciones que lo adoptaran para formar parte de la Red Scielo Libros Regional\u00a0 &#8230;. !!!! Si est\u00e1 en la red es de todos!!!!<\/p>\n<p>UN abrazo fraternal<\/p>\n<p><strong>Ing. Elsa Fernandez Sojo.<br \/>\nSciELO Venezuela<\/strong><\/p><\/blockquote>\n<blockquote>\n<hr \/>\n<p>Estimados colegas de la Red SciELO<br \/>\nNos complace saber que se lanza la colecci\u00f3n SciELO Libros Brasil, los felicitamos y les deseamos \u00e9xitos en esta nueva etapa de trabajo. Cuba colaborar\u00e1 en funci\u00f3n de que esta colecci\u00f3n se enriquezca en el futuro con nuestros libros en funci\u00f3n de la mayor visibilidad e impacto de la ciencia y nuestros especialistas.<br \/>\nEstamos seguros que este proyecto ser\u00e1 de gran impacto para toda la regi\u00f3n.<\/p><\/blockquote>\n<blockquote><p>Saludos cordiales<br \/>\n<strong>Damiana Mart\u00edn Laurencio<\/strong><br \/>\n<strong>Directora Infomed<\/strong><\/p>\n<hr \/>\n<p>Dear Mr. Abel Packer,<\/p>\n<p>We are pleased to know the launch of SciELO Books, which is yet another innovative new initiative of the Scientific Electronic Library Online, Brazil. The success of SciELO journals is a model for Open Access that is now being replicated elsewhere. The focus on quality assurance adopted by SciELO journals has enabled significant improvement in the impact factor, and visibility of publications from the south. With over 900 journals, SciELO is a now a major aggregator of journal content, and\u00a0 we take this opportunity to congratulate SciELO to have taken yet another logical step by venturing into making books available in Open Access through the eBooks approach. I am sure the new OA book system will grow big and also include a systematic workflow to allow authors to write books collaboratively in future.<\/p>\n<p>We are happy that SciELO\u2019s activities are aligned with UNESCO\u2019s priorities to build knowledge societies through information and communication by fostering universal access to information and knowledge and preservation of digital cultural heritage. As you are aware, we have launched the Global Open Access Portal (GOAP) and have also recently published policy guidelines for open access. UNESCO aims to continue strengthening its work in the area of OA and we count on SciELO as a valuable partner in this endeavour.<\/p>\n<p>I wish SciELO a great success.<\/p>\n<p><strong>Dr. Indrajit Banerjee<br \/>\nDirector<br \/>\nKnowledge Societies Division<br \/>\nUNESCO<br \/>\nParis<\/strong><\/p>\n<hr \/>\n<p>Espero que el lanzamiento haya sido exitoso y sea el comienzo de un proyecto<br \/>\n&#8220;fuerte&#8221; y visible<\/p>\n<p><strong>Elena Primo<\/strong><br \/>\n<strong>SciELO Spa\u00f1a<\/strong><\/p><\/blockquote>\n","protected":false},"excerpt":{"rendered":"<p>Felicitaciones a todo el equipo por la puesta en marcha de este emprendimiento en beneficio de la actividad cient\u00edfica, cultural y social de la regi\u00f3n. Ana Mar\u00eda Alvarez Lage Equipo SciELO Argentina Estimados Organizadores del Lanzamiento de Scielo Libros: Reciban &hellip; <a href=\"https:\/\/eventos.scielo.org\/scielolivros\/mensagens\/\">Continue reading <span class=\"meta-nav\">&rarr;<\/span><\/a><\/p>\n","protected":false},"author":1,"featured_media":0,"parent":0,"menu_order":0,"comment_status":"closed","ping_status":"closed","template":"","meta":{"footnotes":""},"class_list":["post-70","page","type-page","status-publish","hentry"],"aioseo_notices":[],"_links":{"self":[{"href":"https:\/\/eventos.scielo.org\/scielolivros\/wp-json\/wp\/v2\/pages\/70","targetHints":{"allow":["GET"]}}],"collection":[{"href":"https:\/\/eventos.scielo.org\/scielolivros\/wp-json\/wp\/v2\/pages"}],"about":[{"href":"https:\/\/eventos.scielo.org\/scielolivros\/wp-json\/wp\/v2\/types\/page"}],"author":[{"embeddable":true,"href":"https:\/\/eventos.scielo.org\/scielolivros\/wp-json\/wp\/v2\/users\/1"}],"replies":[{"embeddable":true,"href":"https:\/\/eventos.scielo.org\/scielolivros\/wp-json\/wp\/v2\/comments?post=70"}],"version-history":[{"count":32,"href":"https:\/\/eventos.scielo.org\/scielolivros\/wp-json\/wp\/v2\/pages\/70\/revisions"}],"predecessor-version":[{"id":75,"href":"https:\/\/eventos.scielo.org\/scielolivros\/wp-json\/wp\/v2\/pages\/70\/revisions\/75"}],"wp:attachment":[{"href":"https:\/\/eventos.scielo.org\/scielolivros\/wp-json\/wp\/v2\/media?parent=70"}],"curies":[{"name":"wp","href":"https:\/\/api.w.org\/{rel}","templated":true}]}}