{"id":9,"date":"2016-02-03T13:30:37","date_gmt":"2016-02-03T13:30:37","guid":{"rendered":"http:\/\/eventos.scielo.org\/taller2016\/?page_id=9"},"modified":"2016-02-04T13:33:10","modified_gmt":"2016-02-04T13:33:10","slug":"presentacion","status":"publish","type":"page","link":"https:\/\/eventos.scielo.org\/taller2016\/","title":{"rendered":"Presentaci\u00f3n"},"content":{"rendered":"<p>En el \u00e1mbito del desarrollo del Programa SciELO con base en sus l\u00edneas prioritarias de acci\u00f3n en pro de la profesionalizaci\u00f3n e internacionalizaci\u00f3n de las revistas cient\u00edficas que indexa, la adopci\u00f3n de la marcaci\u00f3n de los textos completos en XML representa un avance cr\u00edtico que todas las colecciones y revistas deber\u00e1n adoptar en el futuro pr\u00f3ximo. Tratase de un cambio significativo que afecta los sistemas tradicionales de edici\u00f3n de revistas cient\u00edficas.<\/p>\n<p>En el Modelo SciELO de publicaci\u00f3n el archivo con el texto completo en XML pasa a ser considerado como fuente primaria para preservaci\u00f3n digital y generaci\u00f3n de los diferentes formatos de presentaci\u00f3n como el HTML, el PDF, el ePUB, etc. La estructura del archivo es descrita en el SciELO Publishing Schema (PS) que es basado en la norma NISO Journal Article Tag Suite (JATS).<\/p>\n<p>La gesti\u00f3n y operaci\u00f3n de servicios de publicaci\u00f3n con textos estructurados en el formato XML seg\u00fan el SciELO PS, permite la identificaci\u00f3n detallada y precisa de los elementos bibliogr\u00e1ficos de los art\u00edculos, contribu\u00ed para mejorar la calidad bibliogr\u00e1fica de los textos, su indizaci\u00f3n e interoperabilidad en la Web, la preservaci\u00f3n digital y la posibilidad de publicaci\u00f3n en diferentes tipos de formatos y presentaci\u00f3n en diversos dispositivos.<br \/>\nEn ese sentido, el Taller de Actualizaci\u00f3n la Metodolog\u00eda SciELO tiene como objetivo intercambiar informaciones y experiencias acerca del flujo de publicaci\u00f3n basado en el SciELO PS de manera a facilitar su adopci\u00f3n.<\/p>\n<p>El taller comprende aspectos te\u00f3ricos y pr\u00e1cticos acerca de la metodolog\u00eda SciELO y de los programas utilizados para generaci\u00f3n de los archivos en XML de acuerdo con el SciELO PS-v1.3.<\/p>\n<h2>P\u00fablico<\/h2>\n<p>Equipos t\u00e9cnicos de las coordinaciones nacionales involucrados en la gesti\u00f3n del flujo de producci\u00f3n y publicaci\u00f3n de las revistas en las colecciones SciELO.<\/p>\n<p><b>Inscripci\u00f3n<\/b><\/p>\n<p>La participaci\u00f3n es gratuita pero las plazas son limitadas, por favor <a href=\"http:\/\/eventos.scielo.org\/taller2016\/inscripcion\/\">reg\u00edstrese<\/a>.\u00a0Estos datos tambi\u00e9n ser\u00e1n utilizados para generar el certificado de participaci\u00f3n.<\/p>\n<h2>Local<\/h2>\n<p>Unidade SciELO<br \/>\nAv. Onze de Junho, 269 &#8211; Vila Clementino<br \/>\nS\u00e3o Paulo\/SP, 04041-050\u00a0&#8211; Brasil.<\/p>\n<p><iframe loading=\"lazy\" style=\"border: 0;\" src=\"https:\/\/www.google.com\/maps\/embed?pb=!1m18!1m12!1m3!1d3656.076244948784!2d-46.64153208526528!3d-23.60159836896399!2m3!1f0!2f0!3f0!3m2!1i1024!2i768!4f13.1!3m3!1m2!1s0x94ce5a30d9ab48ef%3A0xe3c41731974c51ad!2sAv.+11+de+Junho%2C+269+-+Vila+Clementino%2C+S%C3%A3o+Paulo+-+SP%2C+04041-050!5e0!3m2!1sen!2sbr!4v1454507537522\" width=\"600\" height=\"450\" frameborder=\"0\" allowfullscreen=\"allowfullscreen\"><\/iframe><\/p>\n","protected":false},"excerpt":{"rendered":"<p>En el \u00e1mbito del desarrollo del Programa SciELO con base en sus l\u00edneas prioritarias de acci\u00f3n en pro de la profesionalizaci\u00f3n e internacionalizaci\u00f3n de las revistas cient\u00edficas que indexa, la adopci\u00f3n de la marcaci\u00f3n de los textos completos en XML &hellip; <a href=\"https:\/\/eventos.scielo.org\/taller2016\/\">Continue reading <span class=\"meta-nav\">&rarr;<\/span><\/a><\/p>\n","protected":false},"author":3,"featured_media":0,"parent":0,"menu_order":0,"comment_status":"closed","ping_status":"closed","template":"","meta":{"footnotes":""},"class_list":["post-9","page","type-page","status-publish","hentry"],"aioseo_notices":[],"_links":{"self":[{"href":"https:\/\/eventos.scielo.org\/taller2016\/wp-json\/wp\/v2\/pages\/9","targetHints":{"allow":["GET"]}}],"collection":[{"href":"https:\/\/eventos.scielo.org\/taller2016\/wp-json\/wp\/v2\/pages"}],"about":[{"href":"https:\/\/eventos.scielo.org\/taller2016\/wp-json\/wp\/v2\/types\/page"}],"author":[{"embeddable":true,"href":"https:\/\/eventos.scielo.org\/taller2016\/wp-json\/wp\/v2\/users\/3"}],"replies":[{"embeddable":true,"href":"https:\/\/eventos.scielo.org\/taller2016\/wp-json\/wp\/v2\/comments?post=9"}],"version-history":[{"count":9,"href":"https:\/\/eventos.scielo.org\/taller2016\/wp-json\/wp\/v2\/pages\/9\/revisions"}],"predecessor-version":[{"id":39,"href":"https:\/\/eventos.scielo.org\/taller2016\/wp-json\/wp\/v2\/pages\/9\/revisions\/39"}],"wp:attachment":[{"href":"https:\/\/eventos.scielo.org\/taller2016\/wp-json\/wp\/v2\/media?parent=9"}],"curies":[{"name":"wp","href":"https:\/\/api.w.org\/{rel}","templated":true}]}}