{"id":9,"date":"2014-06-05T20:00:13","date_gmt":"2014-06-05T20:00:13","guid":{"rendered":"http:\/\/eventos.scielo.org\/viccscielolivros\/?page_id=9"},"modified":"2015-08-05T14:49:20","modified_gmt":"2015-08-05T14:49:20","slug":"participantes","status":"publish","type":"page","link":"https:\/\/eventos.scielo.org\/viccscielolivros\/participantes\/","title":{"rendered":"Participantes"},"content":{"rendered":"<h1><span style=\"color: #800000;\"><strong>Membros do Comit\u00ea Consultivo<\/strong><\/span><\/h1>\n<div>\n<p style=\"padding-left: 30px;\"><strong>Abel L. Packer<br \/>\n<\/strong>Programa SciELO \/ FAPESP<\/p>\n<\/div>\n<p style=\"padding-left: 30px;\"><strong>Carlos Machado de Freitas<br \/>\n<\/strong>Funda\u00e7\u00e3o Oswaldo Cruz &#8211; FIOCRUZ<\/p>\n<p style=\"padding-left: 30px;\"><strong>Roberto Andr\u00e9 Kraenkel<br \/>\n<\/strong>Universidade Estadual Paulista J\u00falio Mesquita Filho \u2013 UNESP<\/p>\n<p style=\"padding-left: 30px;\"><strong>Gilberto de Castro<br \/>\n<\/strong>Associa\u00e7\u00e3o Brasileira de Editoras Universit\u00e1rias &#8211; ABEU<\/p>\n<p style=\"padding-left: 30px;\"><strong><span style=\"color: #373737;\">Alberto Brum Novais<br \/>\n<\/span><\/strong>Universidade Federal da Bahia \u2013 UFBA<\/p>\n<h1><span style=\"color: #800000;\"><strong>Membros Suplentes do Comit\u00ea Consultivo<\/strong><\/span><\/h1>\n<p style=\"padding-left: 30px;\"><strong>Ricardo Ventura Santos<br \/>\n<\/strong>Funda\u00e7\u00e3o Oswaldo Cruz &#8211; FIOCRUZ<\/p>\n<p style=\"padding-left: 30px;\"><strong>Antonio de Padua Pithon Cyrino<br \/>\n<\/strong>Universidade Estadual Paulista J\u00falio Mesquita Filho \u2013 UNESP<\/p>\n<p style=\"padding-left: 30px;\"><strong><span style=\"color: #373737;\">Dante Lucchesi<br \/>\n<\/span><\/strong>Universidade Federal da Bahia &#8211; UFBA<\/p>\n<h1><span style=\"color: #800000;\"><strong>Secretaria T\u00e9cnica<\/strong><\/span><\/h1>\n<p style=\"padding-left: 30px;\"><strong>Amanda Ramalho<br \/>\n<\/strong>Programa SciELO \/ FAPESP<\/p>\n<p style=\"padding-left: 30px;\"><strong>Giovanna Brito Castelhano<br \/>\n<\/strong>Programa SciELO \/ FAPESP<\/p>\n","protected":false},"excerpt":{"rendered":"<p>Membros do Comit\u00ea Consultivo Abel L. Packer Programa SciELO \/ FAPESP Carlos Machado de Freitas Funda\u00e7\u00e3o Oswaldo Cruz &#8211; FIOCRUZ Roberto Andr\u00e9 Kraenkel Universidade Estadual Paulista J\u00falio Mesquita Filho \u2013 UNESP Gilberto de Castro Associa\u00e7\u00e3o Brasileira de Editoras Universit\u00e1rias &#8211; &hellip; <a href=\"https:\/\/eventos.scielo.org\/viccscielolivros\/participantes\/\">Continue reading <span class=\"meta-nav\">&rarr;<\/span><\/a><\/p>\n","protected":false},"author":16,"featured_media":0,"parent":0,"menu_order":0,"comment_status":"closed","ping_status":"closed","template":"","meta":{"footnotes":""},"class_list":["post-9","page","type-page","status-publish","hentry"],"aioseo_notices":[],"_links":{"self":[{"href":"https:\/\/eventos.scielo.org\/viccscielolivros\/wp-json\/wp\/v2\/pages\/9","targetHints":{"allow":["GET"]}}],"collection":[{"href":"https:\/\/eventos.scielo.org\/viccscielolivros\/wp-json\/wp\/v2\/pages"}],"about":[{"href":"https:\/\/eventos.scielo.org\/viccscielolivros\/wp-json\/wp\/v2\/types\/page"}],"author":[{"embeddable":true,"href":"https:\/\/eventos.scielo.org\/viccscielolivros\/wp-json\/wp\/v2\/users\/16"}],"replies":[{"embeddable":true,"href":"https:\/\/eventos.scielo.org\/viccscielolivros\/wp-json\/wp\/v2\/comments?post=9"}],"version-history":[{"count":6,"href":"https:\/\/eventos.scielo.org\/viccscielolivros\/wp-json\/wp\/v2\/pages\/9\/revisions"}],"predecessor-version":[{"id":32,"href":"https:\/\/eventos.scielo.org\/viccscielolivros\/wp-json\/wp\/v2\/pages\/9\/revisions\/32"}],"wp:attachment":[{"href":"https:\/\/eventos.scielo.org\/viccscielolivros\/wp-json\/wp\/v2\/media?parent=9"}],"curies":[{"name":"wp","href":"https:\/\/api.w.org\/{rel}","templated":true}]}}