{"id":9,"date":"2015-08-05T14:55:20","date_gmt":"2015-08-05T14:55:20","guid":{"rendered":"http:\/\/eventos.scielo.org\/viiccscielolivros\/?page_id=9"},"modified":"2015-08-06T11:43:10","modified_gmt":"2015-08-06T14:43:10","slug":"programacao","status":"publish","type":"page","link":"https:\/\/eventos.scielo.org\/viiccscielolivros\/programacao\/","title":{"rendered":"Programa\u00e7\u00e3o"},"content":{"rendered":"<p><strong style=\"color: #373737;\">VII Reuni\u00e3o Comit\u00ea Consultivo SciELO Livros<\/strong><\/p>\n<p><strong>14 de Agosto\u00a0de 2015<\/strong><\/p>\n<p><strong>10:00 \u2013 10:15<\/strong><\/p>\n<p><span style=\"color: #800000;\">Abertura, apresenta\u00e7\u00e3o dos objetivos da reuni\u00e3o e revis\u00e3o da agenda<\/span><\/p>\n<ul>\n<li><em>Abel L. Packer<\/em><\/li>\n<\/ul>\n<p><strong>10:15 \u2013 10:30<\/strong><\/p>\n<p><span style=\"color: #800000;\">Revis\u00e3o e consolida\u00e7\u00e3o dos pareceres emitidos previamente por email:<\/span><\/p>\n<p style=\"padding-left: 30px;\">Cole\u00e7\u00e3o da Sociedade Brasileira de Zoologia (SBZ) &#8211; 3 t\u00edtulos<br \/>\nSubstitui\u00e7\u00e3o de t\u00edtulo da Editora Mackenzie &#8211; 1 t\u00edtulo<br \/>\nInclus\u00e3o de novo t\u00edtulo da Editora Fiocruz &#8211; 1 t\u00edtulo<\/p>\n<ul>\n<li><em>Todos os participantes<\/em><\/li>\n<\/ul>\n<p><strong>10:30 \u2013 10:45<\/strong><\/p>\n<p><span style=\"color: #800000;\">Avalia\u00e7\u00e3o de inclus\u00e3o de Proceedings<\/span><\/p>\n<p style=\"padding-left: 30px;\">Col\u00f3quio Arrog\u00e2ncia &#8211; UFMG &#8211; 1 Volume<br \/>\nI Congresso Nacional de Servi\u00e7o Social em Sa\u00fade e X Simp\u00f3sio de Servi\u00e7o Social em Sa\u00fade (CONASSS\u00a0\/\u00a0SIMPSSS) &#8211; UNESP &#8211; 2 Volumes<\/p>\n<ul>\n<li><em>Todos os participantes<\/em><\/li>\n<\/ul>\n<p><strong>10:45\u00a0\u2013 11:00<\/strong><\/p>\n<p><span style=\"color: #800000;\">Avalia\u00e7\u00e3o de inclus\u00e3o da obra &#8220;<i>Protocolos para o Monitoramento de Habitats Bent\u00f4nicos Costeiros&#8221;<\/i><\/span><\/p>\n<p style=\"padding-left: 30px;\">ReBentos &#8211; 1 t\u00edtulo<\/p>\n<ul>\n<li><em>Todos os participantes<\/em><\/li>\n<\/ul>\n<p><strong>11:00 \u2013 11:15<\/strong><\/p>\n<p><span style=\"color: #800000;\">Avalia\u00e7\u00e3o de inclus\u00e3o de livros acad\u00eamicos da EDUEPB\u00a0e\u00a0EDUEM<\/span><\/p>\n<ul>\n<li><em>Todos os participantes<\/em><\/li>\n<\/ul>\n<p><strong>11:15 \u2013 11:30<\/strong><\/p>\n<p><span style=\"color: #800000;\">Avalia\u00e7\u00e3o de inclus\u00e3o da Editora FGV Direito SP<\/span><\/p>\n<ul>\n<li><em>Todos os participantes<\/em><\/li>\n<\/ul>\n<p><strong>11:30 \u2013 11:45<\/strong><\/p>\n<p>Outros temas<\/p>\n<p style=\"padding-left: 30px;\"><span style=\"color: #800000;\">Ado\u00e7\u00e3o da atribui\u00e7\u00e3o CC-BY<\/span><\/p>\n<ul>\n<li><em>Todos os participantes<\/em><\/li>\n<\/ul>\n<p><strong>11:45 \u2013 12:00<\/strong><\/p>\n<p><span style=\"color: #800000;\">Conclus\u00f5es e recomenda\u00e7\u00f5es<\/span><\/p>\n<ul>\n<li><em>Todos os participantes<\/em><\/li>\n<\/ul>\n","protected":false},"excerpt":{"rendered":"<p>VII Reuni\u00e3o Comit\u00ea Consultivo SciELO Livros 14 de Agosto\u00a0de 2015 10:00 \u2013 10:15 Abertura, apresenta\u00e7\u00e3o dos objetivos da reuni\u00e3o e revis\u00e3o da agenda Abel L. Packer 10:15 \u2013 10:30 Revis\u00e3o e consolida\u00e7\u00e3o dos pareceres emitidos previamente por email: Cole\u00e7\u00e3o da &hellip; <a href=\"https:\/\/eventos.scielo.org\/viiccscielolivros\/programacao\/\">Continue lendo <span class=\"meta-nav\">&rarr;<\/span><\/a><\/p>\n","protected":false},"author":16,"featured_media":0,"parent":0,"menu_order":0,"comment_status":"closed","ping_status":"closed","template":"","meta":{"footnotes":""},"class_list":["post-9","page","type-page","status-publish","hentry"],"aioseo_notices":[],"_links":{"self":[{"href":"https:\/\/eventos.scielo.org\/viiccscielolivros\/wp-json\/wp\/v2\/pages\/9","targetHints":{"allow":["GET"]}}],"collection":[{"href":"https:\/\/eventos.scielo.org\/viiccscielolivros\/wp-json\/wp\/v2\/pages"}],"about":[{"href":"https:\/\/eventos.scielo.org\/viiccscielolivros\/wp-json\/wp\/v2\/types\/page"}],"author":[{"embeddable":true,"href":"https:\/\/eventos.scielo.org\/viiccscielolivros\/wp-json\/wp\/v2\/users\/16"}],"replies":[{"embeddable":true,"href":"https:\/\/eventos.scielo.org\/viiccscielolivros\/wp-json\/wp\/v2\/comments?post=9"}],"version-history":[{"count":8,"href":"https:\/\/eventos.scielo.org\/viiccscielolivros\/wp-json\/wp\/v2\/pages\/9\/revisions"}],"predecessor-version":[{"id":23,"href":"https:\/\/eventos.scielo.org\/viiccscielolivros\/wp-json\/wp\/v2\/pages\/9\/revisions\/23"}],"wp:attachment":[{"href":"https:\/\/eventos.scielo.org\/viiccscielolivros\/wp-json\/wp\/v2\/media?parent=9"}],"curies":[{"name":"wp","href":"https:\/\/api.w.org\/{rel}","templated":true}]}}