{"id":5,"date":"2012-04-24T15:29:09","date_gmt":"2012-04-24T15:29:09","guid":{"rendered":"http:\/\/eventos.scielo.org\/viicgscielolivros\/?page_id=5"},"modified":"2012-05-18T12:10:26","modified_gmt":"2012-05-18T12:10:26","slug":"apresentacao","status":"publish","type":"page","link":"https:\/\/eventos.scielo.org\/viicgscielolivros\/","title":{"rendered":"Apresenta\u00e7\u00e3o"},"content":{"rendered":"<p><strong>S\u00e3o Paulo, 14 de maio de 2012.<\/strong><\/p>\n<p><strong>Termos de refer\u00eancia:<\/strong>\u00a0Esta reuni\u00e3o tem como objetivo, avaliar o lan\u00e7amento do Portal, discutir a expans\u00e3o da cole\u00e7\u00e3o, revisar o modelo de neg\u00f3cios e estimar os desenvolvimento at\u00e9 o final de 2012.<\/p>\n","protected":false},"excerpt":{"rendered":"<p>S\u00e3o Paulo, 14 de maio de 2012. Termos de refer\u00eancia:\u00a0Esta reuni\u00e3o tem como objetivo, avaliar o lan\u00e7amento do Portal, discutir a expans\u00e3o da cole\u00e7\u00e3o, revisar o modelo de neg\u00f3cios e estimar os desenvolvimento at\u00e9 o final de 2012.<\/p>\n","protected":false},"author":1,"featured_media":0,"parent":0,"menu_order":0,"comment_status":"closed","ping_status":"closed","template":"","meta":{"footnotes":""},"class_list":["post-5","page","type-page","status-publish","hentry"],"aioseo_notices":[],"_links":{"self":[{"href":"https:\/\/eventos.scielo.org\/viicgscielolivros\/wp-json\/wp\/v2\/pages\/5","targetHints":{"allow":["GET"]}}],"collection":[{"href":"https:\/\/eventos.scielo.org\/viicgscielolivros\/wp-json\/wp\/v2\/pages"}],"about":[{"href":"https:\/\/eventos.scielo.org\/viicgscielolivros\/wp-json\/wp\/v2\/types\/page"}],"author":[{"embeddable":true,"href":"https:\/\/eventos.scielo.org\/viicgscielolivros\/wp-json\/wp\/v2\/users\/1"}],"replies":[{"embeddable":true,"href":"https:\/\/eventos.scielo.org\/viicgscielolivros\/wp-json\/wp\/v2\/comments?post=5"}],"version-history":[{"count":7,"href":"https:\/\/eventos.scielo.org\/viicgscielolivros\/wp-json\/wp\/v2\/pages\/5\/revisions"}],"predecessor-version":[{"id":32,"href":"https:\/\/eventos.scielo.org\/viicgscielolivros\/wp-json\/wp\/v2\/pages\/5\/revisions\/32"}],"wp:attachment":[{"href":"https:\/\/eventos.scielo.org\/viicgscielolivros\/wp-json\/wp\/v2\/media?parent=5"}],"curies":[{"name":"wp","href":"https:\/\/api.w.org\/{rel}","templated":true}]}}