{"id":4,"date":"2019-09-18T19:52:37","date_gmt":"2019-09-18T19:52:37","guid":{"rendered":"http:\/\/eventos.scielo.org\/viiireuniaoscielo\/?page_id=4"},"modified":"2019-12-12T18:57:39","modified_gmt":"2019-12-12T18:57:39","slug":"apresentacao","status":"publish","type":"page","link":"https:\/\/eventos.scielo.org\/viiireuniaoscielo\/","title":{"rendered":"Apresenta\u00e7\u00e3o"},"content":{"rendered":"<p dir=\"ltr\">A Reuni\u00e3o Anual do SciELO de 2019 analisar\u00e1 e debater\u00e1 tr\u00eas t\u00f3picos: avan\u00e7os na ado\u00e7\u00e3o das boas pr\u00e1ticas da ci\u00eancia aberta, a estratifica\u00e7\u00e3o dos peri\u00f3dicos SciELO no Qualis e a sustentabilidade do programa SciELO.<\/p>\n<p>A reuni\u00e3o est\u00e1 dirigida a editores e membros das equipes editoriais dos peri\u00f3dicos do SciELO Brasil, pesquisadores, bibliotec\u00e1rios, profissionais de informa\u00e7\u00e3o, autoridades na gest\u00e3o da ci\u00eancia e comunica\u00e7\u00e3o cient\u00edfica e demais interessados.<\/p>\n<h2>Local<\/h2>\n<p>Audit\u00f3rio Governador Carlos Alberto de Carvalho Pinto (FAPESP)<br \/>\nRua Pio XI, 1500<br \/>\nAlto da Lapa, S\u00e3o Paulo-SP, 05468-140.<\/p>\n<p><iframe loading=\"lazy\" src=\"https:\/\/www.google.com\/maps\/embed?pb=!1m14!1m8!1m3!1d3657.8853884306786!2d-46.713847900000005!3d-23.5366243!3m2!1i1024!2i768!4f13.1!3m3!1m2!1s0x94cef8822717de01%3A0xef7a6dcb8bc5e0a8!2sR.+Pio+XI%2C+1500+-+Alto+de+Pinheiros%2C+S%C3%A3o+Paulo+-+SP%2C+05468-140!5e0!3m2!1spt-BR!2sbr!4v1412945467771\" width=\"100%\" height=\"500\" frameborder=\"0\"><\/iframe><\/p>\n<h2>Hot\u00e9is e estacionamentos<\/h2>\n<p>Sugest\u00f5es de hot\u00e9is e estacionamentos pr\u00f3ximos ao local do evento podem ser encontradas <a href=\"http:\/\/www.fapesp.br\/5661\" target=\"_blank\">aqui<\/a>.<\/p>\n","protected":false},"excerpt":{"rendered":"<p>A Reuni\u00e3o Anual do SciELO de 2019 analisar\u00e1 e debater\u00e1 tr\u00eas t\u00f3picos: avan\u00e7os na ado\u00e7\u00e3o das boas pr\u00e1ticas da ci\u00eancia aberta, a estratifica\u00e7\u00e3o dos peri\u00f3dicos SciELO no Qualis e a sustentabilidade do programa SciELO. A reuni\u00e3o est\u00e1 dirigida a editores e membros das equipes editoriais dos peri\u00f3dicos do SciELO Brasil, pesquisadores, bibliotec\u00e1rios, profissionais de informa\u00e7\u00e3o, &hellip; <\/p>\n<p class=\"link-more\"><a href=\"https:\/\/eventos.scielo.org\/viiireuniaoscielo\/\" class=\"more-link\">Continue reading<span class=\"screen-reader-text\"> &#8220;Apresenta\u00e7\u00e3o&#8221;<\/span><\/a><\/p>\n","protected":false},"author":18,"featured_media":0,"parent":0,"menu_order":0,"comment_status":"closed","ping_status":"open","template":"","meta":{"footnotes":""},"class_list":["post-4","page","type-page","status-publish","hentry"],"aioseo_notices":[],"_links":{"self":[{"href":"https:\/\/eventos.scielo.org\/viiireuniaoscielo\/wp-json\/wp\/v2\/pages\/4","targetHints":{"allow":["GET"]}}],"collection":[{"href":"https:\/\/eventos.scielo.org\/viiireuniaoscielo\/wp-json\/wp\/v2\/pages"}],"about":[{"href":"https:\/\/eventos.scielo.org\/viiireuniaoscielo\/wp-json\/wp\/v2\/types\/page"}],"author":[{"embeddable":true,"href":"https:\/\/eventos.scielo.org\/viiireuniaoscielo\/wp-json\/wp\/v2\/users\/18"}],"replies":[{"embeddable":true,"href":"https:\/\/eventos.scielo.org\/viiireuniaoscielo\/wp-json\/wp\/v2\/comments?post=4"}],"version-history":[{"count":9,"href":"https:\/\/eventos.scielo.org\/viiireuniaoscielo\/wp-json\/wp\/v2\/pages\/4\/revisions"}],"predecessor-version":[{"id":30,"href":"https:\/\/eventos.scielo.org\/viiireuniaoscielo\/wp-json\/wp\/v2\/pages\/4\/revisions\/30"}],"wp:attachment":[{"href":"https:\/\/eventos.scielo.org\/viiireuniaoscielo\/wp-json\/wp\/v2\/media?parent=4"}],"curies":[{"name":"wp","href":"https:\/\/api.w.org\/{rel}","templated":true}]}}