{"id":33,"date":"2017-09-25T14:04:51","date_gmt":"2017-09-25T14:04:51","guid":{"rendered":"http:\/\/eventos.scielo.org\/viireuniaoscielo\/?page_id=33"},"modified":"2017-12-19T13:30:13","modified_gmt":"2017-12-19T13:30:13","slug":"programa","status":"publish","type":"page","link":"https:\/\/eventos.scielo.org\/viireuniaoscielo\/programa\/","title":{"rendered":"Programa"},"content":{"rendered":"<p><a href=\"http:\/\/eventos.scielo.org\/viireuniaoscielo\/files\/2017\/11\/palestrantes-1.jpg\" target=\"_blank\"><img loading=\"lazy\" decoding=\"async\" class=\"alignnone wp-image-73 size-full\" src=\"http:\/\/eventos.scielo.org\/viireuniaoscielo\/files\/2017\/11\/palestrantes-1.jpg\" alt=\"palestrantes\" width=\"2223\" height=\"372\" \/><\/a><\/p>\n<div style=\"border-bottom: 1px dashed #800000\"><span style=\"color: #800000\">08:30 \u2013 09:00<\/span><\/div>\n<p style=\"padding-left: 30px;padding-top: 3%;font-size: 18px;color: #4d4f50\"><strong>Caf\u00e9 de boas-vindas e registro<\/strong><\/p>\n<div style=\"border-bottom: 1px dashed #800000\"><span style=\"color: #800000\">09:00 \u2013 09:30<\/span><\/div>\n<p style=\"padding-left: 30px;padding-top: 3%;font-size: 18px\"><strong>Abertura<\/strong><\/p>\n<p style=\"padding-left: 90px\">Carlos Henrique de Brito Cruz, Diretor Cient\u00edfico da FAPESP<\/p>\n<p style=\"padding-left: 90px\">Fernando Menezes de Almeida, Diretor Administrativo da FAPESP<\/p>\n<p style=\"padding-left: 90px\">Rosaly Favero Krzyzanowski, em representa\u00e7\u00e3o do Presidente da FAPESP, Coordenadora do Centro de Documenta\u00e7\u00e3o e Informa\u00e7\u00e3o da FAPESP<\/p>\n<p style=\"padding-left: 90px\">Rog\u00e9rio Meneghini,\u00a0Coordenador Cient\u00edfico do Programa SciELO \/ FAPESP<\/p>\n<p style=\"padding-left: 90px\">Abel L Packer,\u00a0Diretor do Programa SciELO \/ FAPESP<\/p>\n<div style=\"border-bottom: 1px dashed #800000\"><span style=\"color: #800000\">09:30 \u2013 11:00<\/span><\/div>\n<p style=\"padding-left: 30px;padding-top: 3%;font-size: 18px\"><strong>SciELO \u2013 estado atual e futuro<\/strong><\/p>\n<p style=\"padding-left: 60px\"><strong>Dimens\u00f5es de impacto dos peri\u00f3dicos do SciELO Brasil<\/strong> <a href=\"https:\/\/pt.slideshare.net\/scielo\/abel-l-packer-scielo-estado-atual-e-futuro-dimenses-de-impacto-dos-peridicos-do-scielo-brasil\" target=\"_blank\"><img loading=\"lazy\" decoding=\"async\" src=\"http:\/\/eventos.scielo.org\/ivreuniaoscielo\/files\/2014\/12\/download.png\" alt=\"download\" width=\"15\" height=\"16\" \/><\/a><\/p>\n<p style=\"padding-left: 90px\">Abel L Packer,\u00a0Diretor do Programa SciELO \/ FAPESP<\/p>\n<p style=\"padding-left: 60px\"><strong>Painel sobre as dimens\u00f5es de impacto dos peri\u00f3dicos do SciELO Brasil<\/strong><\/p>\n<p style=\"padding-left: 90px\"><strong>Coordena\u00e7\u00e3o:<\/strong><\/p>\n<p style=\"padding-left: 90px\">Maria Jos\u00e9 Tonelli,\u00a0Profa.\u00a0Titular no Departamento de Administra\u00e7\u00e3o Geral e Recursos Humanos na FGV-EAESP, Editora-Chefe do peri\u00f3dico\u00a0<em>Revista de Administra\u00e7\u00e3o de Empresas<\/em> [<a href=\"http:\/\/buscatextual.cnpq.br\/buscatextual\/visualizacv.do?id=K4792122J7\" target=\"_blank\">CV Lattes<\/a>]<\/p>\n<p style=\"padding-left: 90px\"><strong>Comentaristas:<\/strong><\/p>\n<p style=\"padding-left: 90px\">Paula Beatriz de Araujo, Prof. Associada na Universidade Federal do Rio Grande do Sul, Editora-Chefe do peri\u00f3dico <em>Nauplius<\/em> [<a href=\"http:\/\/buscatextual.cnpq.br\/buscatextual\/visualizacv.do?id=K4761207E8\" target=\"_blank\">CV Lattes<\/a>] <a href=\"https:\/\/pt.slideshare.net\/scielo\/paula-beatriz-de-araujo-painel-sobre-as-dimenses-de-impacto-dos-peridicos-do-scielo-brasil\" target=\"_blank\"><img loading=\"lazy\" decoding=\"async\" src=\"http:\/\/eventos.scielo.org\/ivreuniaoscielo\/files\/2014\/12\/download.png\" alt=\"download\" width=\"15\" height=\"16\" \/><\/a><\/p>\n<p style=\"padding-left: 90px\">Paulo Cesar Sentelhas, Prof. Associado da Universidade de S\u00e3o Paulo, Editor-Chefe do peri\u00f3dico <em>Scientia Agricola<\/em> [<a href=\"http:\/\/buscatextual.cnpq.br\/buscatextual\/visualizacv.do?id=K4706318T9\" target=\"_blank\">CV Lattes]<\/a> <a href=\"https:\/\/pt.slideshare.net\/scielo\/paulo-cesar-sentelhas-painel-sobre-as-dimenses-de-impacto-dos-peridicos-do-scielo-brasil\" target=\"_blank\"><img loading=\"lazy\" decoding=\"async\" src=\"http:\/\/eventos.scielo.org\/ivreuniaoscielo\/files\/2014\/12\/download.png\" alt=\"download\" width=\"15\" height=\"16\" \/><\/a><\/p>\n<p style=\"padding-left: 90px\">Rodrigo Firmino, Prof. Titular do Programa de P\u00f3s-Gradua\u00e7\u00e3o em Gest\u00e3o Urbana e do curso de Arquitetura e Urbanismo da Pontif\u00edcia Universidade Cat\u00f3lica do Paran\u00e1, Editor-Chefe do peri\u00f3dico\u00a0<em>urbe. Revista Brasileira de Gest\u00e3o Urbana<\/em> [<a href=\"http:\/\/buscatextual.cnpq.br\/buscatextual\/visualizacv.do?id=K4769569D6\" target=\"_blank\">CV Lattes<\/a>] <a href=\"https:\/\/pt.slideshare.net\/scielo\/rodrigo-firmino-dimenses-de-impacto-dos-peridicos-do-scielo-brasil\" target=\"_blank\"><img loading=\"lazy\" decoding=\"async\" src=\"http:\/\/eventos.scielo.org\/ivreuniaoscielo\/files\/2014\/12\/download.png\" alt=\"download\" width=\"15\" height=\"16\" \/><\/a><\/p>\n<div style=\"border-bottom: 1px dashed #800000\"><span style=\"color: #800000\">11:00 \u2013 11:30<\/span><\/div>\n<p style=\"padding-left: 30px;padding-top: 3%;font-size: 18px\"><strong>Intervalo<\/strong><\/p>\n<div style=\"border-bottom: 1px dashed #800000\"><span style=\"color: #800000\">11:30 \u2013 12:45<\/span><\/div>\n<p style=\"padding-left: 30px;padding-top: 3%;font-size: 18px\"><strong>Alinhamento do SciELO com a Ci\u00eancia Aberta<\/strong><\/p>\n<p style=\"padding-left: 60px\"><strong>Openness and transparency: preprints and data sharing in research communication<\/strong> <a href=\"https:\/\/osf.io\/k3re6\/wiki\/home\/\" target=\"_blank\"><img loading=\"lazy\" decoding=\"async\" src=\"http:\/\/eventos.scielo.org\/ivreuniaoscielo\/files\/2014\/12\/download.png\" alt=\"download\" width=\"15\" height=\"16\" \/><\/a><\/p>\n<p style=\"padding-left: 90px\">David Mellor, <em>Project Manager<\/em>\u00a0do\u00a0<em>Center of Open Science<\/em><\/p>\n<p style=\"padding-left: 60px\"><strong>Painel sobre o alinhamento do SciELO com a Ci\u00eancia Aberta<\/strong><\/p>\n<p style=\"padding-left: 90px\"><strong>Coordena\u00e7\u00e3o:<\/strong><\/p>\n<p style=\"padding-left: 90px\">Marta Teresa da Silva Arretche,\u00a0Pr\u00f3-reitora adjunta da Pesquisa da Universidade de S\u00e3o Paulo, Profa. Titular do Departamento de Ci\u00eancia Pol\u00edtica da Universidade de S\u00e3o Paulo, Editora-Chefe do peri\u00f3dico\u00a0<em>Brazilian Political Science Review<\/em> [<a href=\"http:\/\/buscatextual.cnpq.br\/buscatextual\/visualizacv.do?id=K4785798D4\" target=\"_blank\">CV Lattes<\/a>]<\/p>\n<p style=\"padding-left: 90px\"><strong>Comentaristas:<\/strong><\/p>\n<p style=\"padding-left: 90px\">Claude Pirmez, pesquisadora titular do Instituto Oswaldo Cruz, Editora-Chefe do peri\u00f3dico <em>Mem\u00f3rias do Instituto Oswaldo Cruz<\/em> [<a href=\"http:\/\/buscatextual.cnpq.br\/buscatextual\/visualizacv.do?id=K4781880T7\" target=\"_blank\">CV Lattes<\/a>] <a href=\"https:\/\/pt.slideshare.net\/scielo\/claude-pirmez-alinhamento-do-scielo-com-a-cincia-aberta\" target=\"_blank\"><img loading=\"lazy\" decoding=\"async\" src=\"http:\/\/eventos.scielo.org\/ivreuniaoscielo\/files\/2014\/12\/download.png\" alt=\"download\" width=\"15\" height=\"16\" \/><\/a><\/p>\n<p style=\"padding-left: 90px\">Luciene Stamato Delazari, Profa. Associada da Universidade Federal do Paran\u00e1, Editora-Chefe do peri\u00f3dico <em>Boletim de Ci\u00eancias Geod\u00e9sicas<\/em> [<a href=\"http:\/\/buscatextual.cnpq.br\/buscatextual\/visualizacv.do?id=K4791367E6\" target=\"_blank\">CV Lattes<\/a>] <a href=\"https:\/\/pt.slideshare.net\/scielo\/luciene-s-delazari-alinhamento-do-scielo-com-a-cincia-aberta\" target=\"_blank\"><img loading=\"lazy\" decoding=\"async\" src=\"http:\/\/eventos.scielo.org\/ivreuniaoscielo\/files\/2014\/12\/download.png\" alt=\"download\" width=\"15\" height=\"16\" \/><\/a><\/p>\n<p style=\"padding-left: 90px\">Mois\u00e9s Goldbaum,\u00a0Prof. S\u00eanior do Departamento\u00a0de Medicina Preventiva\u00a0da Faculdade\u00a0de Medicina\u00a0da\u00a0Universidade de S\u00e3o Paulo, Editor-Chefe do peri\u00f3dico <em>Revista Brasileira de Epidemiologia<\/em> [<a href=\"http:\/\/buscatextual.cnpq.br\/buscatextual\/visualizacv.do?id=K4788898E4\" target=\"_blank\">CV Lattes<\/a>] <a href=\"https:\/\/pt.slideshare.net\/scielo\/moiss-goldbaum-alinhamento-do-scielo-com-a-cincia-aberta\" target=\"_blank\"><img loading=\"lazy\" decoding=\"async\" src=\"http:\/\/eventos.scielo.org\/ivreuniaoscielo\/files\/2014\/12\/download.png\" alt=\"download\" width=\"15\" height=\"16\" \/><\/a><\/p>\n<div style=\"border-bottom: 1px dashed #800000\"><span style=\"color: #800000\">12:45 \u2013 13:00<\/span><\/div>\n<p style=\"padding-left: 30px;padding-top: 3%;font-size: 18px\"><strong>Encerramento<\/strong><\/p>\n","protected":false},"excerpt":{"rendered":"<p>08:30 \u2013 09:00 Caf\u00e9 de boas-vindas e registro 09:00 \u2013 09:30 Abertura Carlos Henrique de Brito Cruz, Diretor Cient\u00edfico da FAPESP Fernando Menezes de Almeida, Diretor Administrativo da FAPESP Rosaly Favero Krzyzanowski, em representa\u00e7\u00e3o do Presidente da FAPESP, Coordenadora do &hellip; <a href=\"https:\/\/eventos.scielo.org\/viireuniaoscielo\/programa\/\">Continue reading <span class=\"meta-nav\">&rarr;<\/span><\/a><\/p>\n","protected":false},"author":3,"featured_media":0,"parent":0,"menu_order":0,"comment_status":"closed","ping_status":"closed","template":"","meta":{"footnotes":""},"class_list":["post-33","page","type-page","status-publish","hentry"],"aioseo_notices":[],"_links":{"self":[{"href":"https:\/\/eventos.scielo.org\/viireuniaoscielo\/wp-json\/wp\/v2\/pages\/33","targetHints":{"allow":["GET"]}}],"collection":[{"href":"https:\/\/eventos.scielo.org\/viireuniaoscielo\/wp-json\/wp\/v2\/pages"}],"about":[{"href":"https:\/\/eventos.scielo.org\/viireuniaoscielo\/wp-json\/wp\/v2\/types\/page"}],"author":[{"embeddable":true,"href":"https:\/\/eventos.scielo.org\/viireuniaoscielo\/wp-json\/wp\/v2\/users\/3"}],"replies":[{"embeddable":true,"href":"https:\/\/eventos.scielo.org\/viireuniaoscielo\/wp-json\/wp\/v2\/comments?post=33"}],"version-history":[{"count":26,"href":"https:\/\/eventos.scielo.org\/viireuniaoscielo\/wp-json\/wp\/v2\/pages\/33\/revisions"}],"predecessor-version":[{"id":138,"href":"https:\/\/eventos.scielo.org\/viireuniaoscielo\/wp-json\/wp\/v2\/pages\/33\/revisions\/138"}],"wp:attachment":[{"href":"https:\/\/eventos.scielo.org\/viireuniaoscielo\/wp-json\/wp\/v2\/media?parent=33"}],"curies":[{"name":"wp","href":"https:\/\/api.w.org\/{rel}","templated":true}]}}