{"id":11,"date":"2016-10-20T14:50:30","date_gmt":"2016-10-20T14:50:30","guid":{"rendered":"http:\/\/eventos.scielo.org\/vireuniaoscielo\/?page_id=11"},"modified":"2016-12-15T18:44:00","modified_gmt":"2016-12-15T18:44:00","slug":"programa","status":"publish","type":"page","link":"https:\/\/eventos.scielo.org\/vireuniaoscielo\/programa\/","title":{"rendered":"Programa"},"content":{"rendered":"<p><a href=\"http:\/\/eventos.scielo.org\/vireuniaoscielo\/files\/2016\/12\/palestrantes.jpg\" target=\"_blank\"><img loading=\"lazy\" decoding=\"async\" class=\"alignnone wp-image-73 size-full\" src=\"http:\/\/eventos.scielo.org\/vireuniaoscielo\/files\/2016\/12\/palestrantes.jpg\" alt=\"palestrantes\" width=\"2223\" height=\"372\" srcset=\"https:\/\/eventos.scielo.org\/vireuniaoscielo\/files\/2016\/12\/palestrantes.jpg 2223w, https:\/\/eventos.scielo.org\/vireuniaoscielo\/files\/2016\/12\/palestrantes-300x50.jpg 300w, https:\/\/eventos.scielo.org\/vireuniaoscielo\/files\/2016\/12\/palestrantes-768x129.jpg 768w, https:\/\/eventos.scielo.org\/vireuniaoscielo\/files\/2016\/12\/palestrantes-1024x171.jpg 1024w, https:\/\/eventos.scielo.org\/vireuniaoscielo\/files\/2016\/12\/palestrantes-500x84.jpg 500w\" sizes=\"auto, (max-width: 2223px) 100vw, 2223px\" \/><\/a><\/p>\n<div style=\"border-bottom: 1px dashed #800000;\"><span style=\"color: #800000;\">08:30 \u2013 09:00<\/span><\/div>\n<p style=\"padding-left: 30px; padding-top: 3%; font-size: 18px; color: #4d4f50;\"><strong>Caf\u00e9 de boas-vindas e registro<\/strong><\/p>\n<div style=\"border-bottom: 1px dashed #800000;\"><span style=\"color: #800000;\">09:00 \u2013 09:30<\/span><\/div>\n<p style=\"padding-left: 30px; padding-top: 3%; font-size: 18px; color: #4d4f50;\"><strong>Confer\u00eancia de abertura <\/strong><\/p>\n<p style=\"padding-left: 60px;\"><b>Integridade na comunica\u00e7\u00e3o cient\u00edfica \u2013 responsabilidade partilhada entre autores e editores<\/b> <a href=\"http:\/\/www.slideshare.net\/scielo\/integridade-na-comunicao-cientfica-responsabilidade-partilhada-entre-autores-e-editores-sonia-vasconcelos\" target=\"_blank\"><img loading=\"lazy\" decoding=\"async\" style=\"text-alignment: bottom;\" src=\"http:\/\/eventos.scielo.org\/ivreuniaoscielo\/files\/2014\/12\/download.png\" alt=\"download\" width=\"15\" height=\"16\" \/><\/a><\/p>\n<p style=\"padding-left: 90px;\">Sonia Vasconcelos, Profa. Adjunta do Programa de Educa\u00e7\u00e3o, Gest\u00e3o e Difus\u00e3o em Bioci\u00eancias, Instituto de Bioqu\u00edmica M\u00e9dica Leopoldo de Meis, UFRJ e Vice-coordenadora da C\u00e2mara T\u00e9cnica de \u00c9tica em Pesquisa, CTEP\/UFRJ<\/p>\n<div style=\"border-bottom: 1px dashed #800000;\"><span style=\"color: #800000;\">09:30 \u2013 11:00<\/span><\/div>\n<p style=\"padding-left: 30px; padding-top: 3%; font-size: 18px; color: #4d4f50;\"><strong>SciELO Brasil \u2013 Presente e futuro <\/strong><\/p>\n<p style=\"padding-left: 60px;\"><span style=\"color: #222222;\"><strong>O estado atual do SciELO e perspectivas a m\u00e9dio e longo prazo<\/strong> <a href=\"http:\/\/www.slideshare.net\/scielo\/o-estado-atual-do-sci-elo-e-perspectivas-a-mdio-e-longo-prazo-abel-l-packer\" target=\"_blank\"><img loading=\"lazy\" decoding=\"async\" style=\"text-alignment: bottom;\" src=\"http:\/\/eventos.scielo.org\/ivreuniaoscielo\/files\/2014\/12\/download.png\" alt=\"download\" width=\"15\" height=\"16\" \/><\/a><\/span><\/p>\n<p style=\"padding-left: 90px;\">Abel L Packer,\u00a0<span style=\"color: #222222;\">Diretor do Programa SciELO \/ FAPESP<\/span><\/p>\n<p style=\"padding-left: 60px;\"><span style=\"color: #222222;\"><strong>Painel sobre as linhas priorit\u00e1rias de a\u00e7\u00e3o do SciELO<\/strong><\/span><\/p>\n<p style=\"padding-left: 90px;\"><span style=\"color: #222222;\">Coordena\u00e7\u00e3o &#8211; Maria Helena Marziale, Profa.\u00a0da Escola de Enfermagem de Ribeir\u00e3o Preto da Universidade de S\u00e3o Paulo e Editora-chefe da <em>Revista Latino-Americana de Enfermagem<\/em><\/span><\/p>\n<p style=\"padding-left: 60px;\"><span style=\"color: #222222;\"><strong>Profissionaliza\u00e7\u00e3o<\/strong> <a href=\"http:\/\/www.slideshare.net\/scielo\/insegurana-editorial-e-administrao-de-peridicos-lucas-massimo\" target=\"_blank\"><img loading=\"lazy\" decoding=\"async\" style=\"text-alignment: bottom;\" src=\"http:\/\/eventos.scielo.org\/ivreuniaoscielo\/files\/2014\/12\/download.png\" alt=\"download\" width=\"15\" height=\"16\" \/><\/a><\/span><\/p>\n<p style=\"padding-left: 90px;\">Lucas Massimo<span style=\"color: #222222;\">, Prof. de Ci\u00eancia Pol\u00edtica do Centro Universit\u00e1rio Internacional UNINTER e<i>\u00a0<\/i>Editor Executivo da <em>Revista de Sociologia e Pol\u00edtica<\/em><\/span><\/p>\n<p style=\"padding-left: 60px;\"><span style=\"color: #222222;\"><strong>Internacionaliza\u00e7\u00e3o<\/strong> <a href=\"http:\/\/www.slideshare.net\/scielo\/internacionalizao-dos-peridicos-jos-leopoldo-f-antunes\" target=\"_blank\"><img loading=\"lazy\" decoding=\"async\" style=\"text-alignment: bottom;\" src=\"http:\/\/eventos.scielo.org\/ivreuniaoscielo\/files\/2014\/12\/download.png\" alt=\"download\" width=\"15\" height=\"16\" \/><\/a><\/span><\/p>\n<p style=\"padding-left: 90px;\">Jos\u00e9 Leopoldo Ferreira Antunes,\u00a0<span style=\"color: #222222;\">Prof. Titular da Faculdade de Sa\u00fade P\u00fablica da Universidade de S\u00e3o Paulo, Editor-chefe da <em>Revista de Sa\u00fade P\u00fablica<\/em><\/span><\/p>\n<p style=\"padding-left: 60px;\"><strong>Sustentabilidade<\/strong> <a href=\"http:\/\/www.slideshare.net\/scielo\/iniciativas-de-histria-cincias-sade-manguinhos-frente-aos-desafios-da-publicao-cientfica-no-sculo-xxi-andr-felipe-c-da-silva\" target=\"_blank\"><img loading=\"lazy\" decoding=\"async\" style=\"text-alignment: bottom;\" src=\"http:\/\/eventos.scielo.org\/ivreuniaoscielo\/files\/2014\/12\/download.png\" alt=\"download\" width=\"15\" height=\"16\" \/><\/a><\/p>\n<p style=\"padding-left: 90px;\">Andr\u00e9 Felipe C\u00e2ndido da Silva, Pesquisador da Casa de Oswaldo Cruz &#8211; FIOCRUZ e Editor Cient\u00edfico de <em>Hist\u00f3ria, Ci\u00eancias, Sa\u00fade &#8211; Manguinhos<\/em><\/p>\n<div style=\"border-bottom: 1px dashed #800000;\"><span style=\"color: #800000;\">11:00 \u2013 11:30<\/span><\/div>\n<p style=\"padding-left: 30px; padding-top: 3%; font-size: 18px; color: #4d4f50;\"><strong>Intervalo<\/strong><\/p>\n<div style=\"border-bottom: 1px dashed #800000;\"><span style=\"color: #800000;\">11:30 \u2013 12:45<\/span><\/div>\n<p style=\"padding-left: 30px; padding-top: 3%; font-size: 18px; color: #4d4f50;\"><strong>O futuro dos peri\u00f3dicos<\/strong><\/p>\n<p style=\"padding-left: 60px;\"><span style=\"color: #222222;\"><strong>The future of journal publishing<\/strong><\/span> (Portugu\u00eas: <a href=\"https:\/\/youtu.be\/82hHfR5KrPI\" target=\"_blank\"><img decoding=\"async\" style=\"text-alignment: bottom;\" src=\"http:\/\/eventos.scielo.org\/iiscielo-scholarone\/files\/2016\/09\/video.png\" \/><\/a> | English: <a href=\"https:\/\/youtu.be\/7F_tMYx-Sos\" target=\"_blank\"><img decoding=\"async\" style=\"text-alignment: bottom;\" src=\"http:\/\/eventos.scielo.org\/iiscielo-scholarone\/files\/2016\/09\/video.png\" \/><\/a>)<\/p>\n<p style=\"padding-left: 90px;\">Glenn Hampson,\u00a0<span style=\"color: #222222;\">Diretor Executivo do <em>National Science Communication Institute<\/em> e Diretor do Programa <em>Open Scholarship Initiative<\/em><\/span><\/p>\n<p style=\"padding-left: 60px;\"><span style=\"color: #222222;\"><strong>Painel sobre o futuro da publica\u00e7\u00e3o dos peri\u00f3dicos<\/strong><\/span><\/p>\n<p style=\"padding-left: 90px;\"><span style=\"color: #222222;\">Coordena\u00e7\u00e3o &#8211; Abel L Packer, Diretor do Programa SciELO \/ FAPESP<\/span><\/p>\n<p style=\"padding-left: 120px;\"><strong><span style=\"color: #222222;\">Comentaristas:<\/span><\/strong><\/p>\n<p style=\"padding-left: 120px;\">Suzana Caetano da Silva Lannes, Profa. Associada na Faculdade de Ci\u00eancias Farmac\u00eauticas\u00a0da Universidade de S\u00e3o Paulo e Editora-Chefe do <em>Food Science and Technology<\/em><\/p>\n<p style=\"padding-left: 120px;\">\u00c9lder Ant\u00f4nio Sousa Paiva, Prof. Associado no Instituto de Ci\u00eancias Biol\u00f3gicas, do Departamento de Bot\u00e2nica da Universidade Federal de Minas Gerais e Editor-Chefe da <em>Acta Botanica Bras\u00edlica<\/em> <a href=\"http:\/\/www.slideshare.net\/scielo\/lder-antonio-s-paiva\" target=\"_blank\"><img loading=\"lazy\" decoding=\"async\" style=\"text-alignment: bottom;\" src=\"http:\/\/eventos.scielo.org\/ivreuniaoscielo\/files\/2014\/12\/download.png\" alt=\"download\" width=\"15\" height=\"16\" \/><\/a><\/p>\n<p style=\"padding-left: 120px;\">Alexander W. A. Kellner, Prof. Titular do programa de P\u00f3s-Gradua\u00e7\u00e3o em Zoologia do Museu Nacional\u00a0da Universidade Federal do Rio de Janeiro e Editor-Chefe dos <em>Anais da Academia Brasileira de Ci\u00eancias<\/em> <a href=\"http:\/\/www.slideshare.net\/scielo\/admirvel-mundo-novo-das-publicaes-qual-o-futuro-alexander-kellner\" target=\"_blank\"><img loading=\"lazy\" decoding=\"async\" style=\"text-alignment: bottom;\" src=\"http:\/\/eventos.scielo.org\/ivreuniaoscielo\/files\/2014\/12\/download.png\" alt=\"download\" width=\"15\" height=\"16\" \/><\/a><\/p>\n<div style=\"border-bottom: 1px dashed #800000;\"><span style=\"color: #800000;\">12:45 \u2013 13:00<\/span><\/div>\n<p style=\"padding-left: 30px; padding-top: 3%; font-size: 18px; color: #4d4f50;\"><strong>Encerramento<\/strong><\/p>\n","protected":false},"excerpt":{"rendered":"<p>08:30 \u2013 09:00 Caf\u00e9 de boas-vindas e registro 09:00 \u2013 09:30 Confer\u00eancia de abertura Integridade na comunica\u00e7\u00e3o cient\u00edfica \u2013 responsabilidade partilhada entre autores e editores Sonia Vasconcelos, Profa. Adjunta do Programa de Educa\u00e7\u00e3o, Gest\u00e3o e Difus\u00e3o em Bioci\u00eancias, Instituto de &hellip; <a href=\"https:\/\/eventos.scielo.org\/vireuniaoscielo\/programa\/\">Continue reading <span class=\"meta-nav\">&rarr;<\/span><\/a><\/p>\n","protected":false},"author":3,"featured_media":0,"parent":0,"menu_order":0,"comment_status":"closed","ping_status":"closed","template":"","meta":{"footnotes":""},"class_list":["post-11","page","type-page","status-publish","hentry"],"aioseo_notices":[],"_links":{"self":[{"href":"https:\/\/eventos.scielo.org\/vireuniaoscielo\/wp-json\/wp\/v2\/pages\/11","targetHints":{"allow":["GET"]}}],"collection":[{"href":"https:\/\/eventos.scielo.org\/vireuniaoscielo\/wp-json\/wp\/v2\/pages"}],"about":[{"href":"https:\/\/eventos.scielo.org\/vireuniaoscielo\/wp-json\/wp\/v2\/types\/page"}],"author":[{"embeddable":true,"href":"https:\/\/eventos.scielo.org\/vireuniaoscielo\/wp-json\/wp\/v2\/users\/3"}],"replies":[{"embeddable":true,"href":"https:\/\/eventos.scielo.org\/vireuniaoscielo\/wp-json\/wp\/v2\/comments?post=11"}],"version-history":[{"count":34,"href":"https:\/\/eventos.scielo.org\/vireuniaoscielo\/wp-json\/wp\/v2\/pages\/11\/revisions"}],"predecessor-version":[{"id":84,"href":"https:\/\/eventos.scielo.org\/vireuniaoscielo\/wp-json\/wp\/v2\/pages\/11\/revisions\/84"}],"wp:attachment":[{"href":"https:\/\/eventos.scielo.org\/vireuniaoscielo\/wp-json\/wp\/v2\/media?parent=11"}],"curies":[{"name":"wp","href":"https:\/\/api.w.org\/{rel}","templated":true}]}}