{"id":14,"date":"2016-10-20T14:51:13","date_gmt":"2016-10-20T14:51:13","guid":{"rendered":"http:\/\/eventos.scielo.org\/vireuniaoscielo\/?page_id=14"},"modified":"2016-12-13T13:21:50","modified_gmt":"2016-12-13T13:21:50","slug":"inscricoes","status":"publish","type":"page","link":"https:\/\/eventos.scielo.org\/vireuniaoscielo\/inscricoes\/","title":{"rendered":"Inscri\u00e7\u00f5es"},"content":{"rendered":"<p>As inscri\u00e7\u00f5es est\u00e3o encerradas. <\/p>\n","protected":false},"excerpt":{"rendered":"<p>As inscri\u00e7\u00f5es est\u00e3o encerradas.<\/p>\n","protected":false},"author":3,"featured_media":0,"parent":0,"menu_order":0,"comment_status":"closed","ping_status":"closed","template":"","meta":{"footnotes":""},"class_list":["post-14","page","type-page","status-publish","hentry"],"aioseo_notices":[],"_links":{"self":[{"href":"https:\/\/eventos.scielo.org\/vireuniaoscielo\/wp-json\/wp\/v2\/pages\/14","targetHints":{"allow":["GET"]}}],"collection":[{"href":"https:\/\/eventos.scielo.org\/vireuniaoscielo\/wp-json\/wp\/v2\/pages"}],"about":[{"href":"https:\/\/eventos.scielo.org\/vireuniaoscielo\/wp-json\/wp\/v2\/types\/page"}],"author":[{"embeddable":true,"href":"https:\/\/eventos.scielo.org\/vireuniaoscielo\/wp-json\/wp\/v2\/users\/3"}],"replies":[{"embeddable":true,"href":"https:\/\/eventos.scielo.org\/vireuniaoscielo\/wp-json\/wp\/v2\/comments?post=14"}],"version-history":[{"count":5,"href":"https:\/\/eventos.scielo.org\/vireuniaoscielo\/wp-json\/wp\/v2\/pages\/14\/revisions"}],"predecessor-version":[{"id":78,"href":"https:\/\/eventos.scielo.org\/vireuniaoscielo\/wp-json\/wp\/v2\/pages\/14\/revisions\/78"}],"wp:attachment":[{"href":"https:\/\/eventos.scielo.org\/vireuniaoscielo\/wp-json\/wp\/v2\/media?parent=14"}],"curies":[{"name":"wp","href":"https:\/\/api.w.org\/{rel}","templated":true}]}}