{"id":7,"date":"2016-10-20T14:34:26","date_gmt":"2016-10-20T14:34:26","guid":{"rendered":"http:\/\/eventos.scielo.org\/vireuniaoscielo\/?page_id=7"},"modified":"2016-11-03T11:45:42","modified_gmt":"2016-11-03T11:45:42","slug":"apresentacao","status":"publish","type":"page","link":"https:\/\/eventos.scielo.org\/vireuniaoscielo\/","title":{"rendered":"Apresenta\u00e7\u00e3o"},"content":{"rendered":"<p>A VI Reuni\u00e3o Anual do SciELO dar\u00e1 seguimento \u00e0 dissemina\u00e7\u00e3o e avalia\u00e7\u00e3o dos avan\u00e7os alcan\u00e7ados das linhas priorit\u00e1rias de a\u00e7\u00e3o em prol da profissionaliza\u00e7\u00e3o, internacionaliza\u00e7\u00e3o e sustentabilidade financeira dos peri\u00f3dicos e da cole\u00e7\u00e3o SciELO como um todo que o programa vem promovendo nos \u00faltimos anos.<\/p>\n<p>Estas linhas de a\u00e7\u00e3o envolvem o aperfei\u00e7oamento das pol\u00edticas e da gest\u00e3o editorial com \u00eanfase na transpar\u00eancia, controle de qualidade, efici\u00eancia e efic\u00e1cia dos processos que envolvem a comunica\u00e7\u00e3o da pesquisa. Os Crit\u00e9rios SciELO de Indexa\u00e7\u00e3o, atualizados h\u00e1 dois anos, em setembro de 2014, incorporaram na avalia\u00e7\u00e3o para ingresso e perman\u00eancia dos peri\u00f3dicos na cole\u00e7\u00e3o o controle e seguimento sistem\u00e1ticos da ado\u00e7\u00e3o das recomenda\u00e7\u00f5es das linhas priorit\u00e1rias de a\u00e7\u00e3o.<\/p>\n<p>Uma dimens\u00e3o importante das linhas priorit\u00e1rias de a\u00e7\u00e3o e, portanto, dos Crit\u00e9rios SciELO Brasil \u00e9 a sintonia com os avan\u00e7os e inova\u00e7\u00f5es internacionais como um fator essencial para aumentar de forma sustent\u00e1vel a relev\u00e2ncia e presen\u00e7a internacional dos peri\u00f3dicos de qualidade publicados no Brasil.<\/p>\n<p>O programa da VI Reuni\u00e3o Anual do SciELO combinar\u00e1 a discuss\u00e3o dos avan\u00e7os e desafios que enfrentam a profissionaliza\u00e7\u00e3o, internacionaliza\u00e7\u00e3o e sustentabilidade financeira dos peri\u00f3dicos e da cole\u00e7\u00e3o com a discuss\u00e3o das tend\u00eancias internacionais de renova\u00e7\u00e3o da comunica\u00e7\u00e3o cient\u00edfica, com destaque para a celeridade na publica\u00e7\u00e3o dos artigos.<\/p>\n<p>Como sempre, a Reuni\u00e3o Anual do SciELO Brasil est\u00e1 dirigida a editores e membros das equipes editoriais dos peri\u00f3dicos do Brasil, pesquisadores, bibliotec\u00e1rios, profissionais de informa\u00e7\u00e3o, autoridades na gest\u00e3o da ci\u00eancia e comunica\u00e7\u00e3o cient\u00edfica e demais interessados.<\/p>\n<h2><strong>Inscri\u00e7\u00f5es<\/strong><\/h2>\n<p>A participa\u00e7\u00e3o na Reuni\u00e3o\u00a0\u00e9 gratuita,\u00a0por\u00e9m as vagas s\u00e3o limitadas. Para inscri\u00e7\u00f5es,\u00a0<a href=\"http:\/\/eventos.scielo.org\/vireuniaoscielo\/inscricoes\/\">registre-se<\/a>.<\/p>\n<p>Estes dados tamb\u00e9m ser\u00e3o utilizados para gerar o certificado de participa\u00e7\u00e3o no evento.<\/p>\n<h2>Local<\/h2>\n<p>Audit\u00f3rio Governador Carlos Alberto de Carvalho Pinto<br \/>\nFAPESP<br \/>\nRua Pio XI, 1500<br \/>\nAlto da Lapa<br \/>\n05468-140 S\u00e3o Paulo-SP<\/p>\n<p><iframe loading=\"lazy\" style=\"border: 0;\" src=\"https:\/\/www.google.com\/maps\/embed?pb=!1m14!1m8!1m3!1d3657.8853884306786!2d-46.713847900000005!3d-23.5366243!3m2!1i1024!2i768!4f13.1!3m3!1m2!1s0x94cef8822717de01%3A0xef7a6dcb8bc5e0a8!2sR.+Pio+XI%2C+1500+-+Alto+de+Pinheiros%2C+S%C3%A3o+Paulo+-+SP%2C+05468-140!5e0!3m2!1spt-BR!2sbr!4v1412945467771\" width=\"80%\" height=\"500\" frameborder=\"0\"><\/iframe><\/p>\n<h2>Hot\u00e9is e estacionamentos<\/h2>\n<p>Sugest\u00f5es de hot\u00e9is e estacionamentos pr\u00f3ximos ao local do evento podem ser encontradas\u00a0<a href=\"http:\/\/www.fapesp.br\/5661\" target=\"_blank\">aqui<\/a>.<\/p>\n<h2>Apoio<\/h2>\n<p><a href=\"http:\/\/gn1.com.br\/\"><img loading=\"lazy\" decoding=\"async\" src=\"http:\/\/eventos.scielo.org\/vireuniaoscielo\/files\/2016\/10\/Logo-GN1.png\" alt=\"GN1\" width=\"114\" height=\"40\" \/><\/a>\u00a0\u00a0\u00a0\u00a0\u00a0\u00a0<a href=\"http:\/\/www.caboverde.com.br\/\"><img loading=\"lazy\" decoding=\"async\" src=\"http:\/\/eventos.scielo.org\/vireuniaoscielo\/files\/2016\/11\/cv_servicos.png\" alt=\"Cabo Verde\" width=\"144\" height=\"40\" \/><\/a><\/p>\n","protected":false},"excerpt":{"rendered":"<p>A VI Reuni\u00e3o Anual do SciELO dar\u00e1 seguimento \u00e0 dissemina\u00e7\u00e3o e avalia\u00e7\u00e3o dos avan\u00e7os alcan\u00e7ados das linhas priorit\u00e1rias de a\u00e7\u00e3o em prol da profissionaliza\u00e7\u00e3o, internacionaliza\u00e7\u00e3o e sustentabilidade financeira dos peri\u00f3dicos e da cole\u00e7\u00e3o SciELO como um todo que o programa &hellip; <a href=\"https:\/\/eventos.scielo.org\/vireuniaoscielo\/\">Continue reading <span class=\"meta-nav\">&rarr;<\/span><\/a><\/p>\n","protected":false},"author":3,"featured_media":0,"parent":0,"menu_order":0,"comment_status":"closed","ping_status":"closed","template":"","meta":{"footnotes":""},"class_list":["post-7","page","type-page","status-publish","hentry"],"aioseo_notices":[],"_links":{"self":[{"href":"https:\/\/eventos.scielo.org\/vireuniaoscielo\/wp-json\/wp\/v2\/pages\/7","targetHints":{"allow":["GET"]}}],"collection":[{"href":"https:\/\/eventos.scielo.org\/vireuniaoscielo\/wp-json\/wp\/v2\/pages"}],"about":[{"href":"https:\/\/eventos.scielo.org\/vireuniaoscielo\/wp-json\/wp\/v2\/types\/page"}],"author":[{"embeddable":true,"href":"https:\/\/eventos.scielo.org\/vireuniaoscielo\/wp-json\/wp\/v2\/users\/3"}],"replies":[{"embeddable":true,"href":"https:\/\/eventos.scielo.org\/vireuniaoscielo\/wp-json\/wp\/v2\/comments?post=7"}],"version-history":[{"count":9,"href":"https:\/\/eventos.scielo.org\/vireuniaoscielo\/wp-json\/wp\/v2\/pages\/7\/revisions"}],"predecessor-version":[{"id":42,"href":"https:\/\/eventos.scielo.org\/vireuniaoscielo\/wp-json\/wp\/v2\/pages\/7\/revisions\/42"}],"wp:attachment":[{"href":"https:\/\/eventos.scielo.org\/vireuniaoscielo\/wp-json\/wp\/v2\/media?parent=7"}],"curies":[{"name":"wp","href":"https:\/\/api.w.org\/{rel}","templated":true}]}}