{"id":11,"date":"2015-10-20T10:01:04","date_gmt":"2015-10-20T10:01:04","guid":{"rendered":"http:\/\/eventos.scielo.org\/vreuniaoscielo\/?page_id=11"},"modified":"2015-12-09T10:01:45","modified_gmt":"2015-12-09T10:01:45","slug":"inscricoes","status":"publish","type":"page","link":"https:\/\/eventos.scielo.org\/vreuniaoscielo\/inscricoes\/","title":{"rendered":"Inscri\u00e7\u00f5es"},"content":{"rendered":"<div style=\"width: 100%; text-align: left;\">Informamos que as inscri\u00e7\u00f5es est\u00e3o encerradas.<\/div>\n","protected":false},"excerpt":{"rendered":"<p>Informamos que as inscri\u00e7\u00f5es est\u00e3o encerradas.<\/p>\n","protected":false},"author":3,"featured_media":0,"parent":0,"menu_order":0,"comment_status":"closed","ping_status":"closed","template":"","meta":{"footnotes":""},"class_list":["post-11","page","type-page","status-publish","hentry"],"aioseo_notices":[],"_links":{"self":[{"href":"https:\/\/eventos.scielo.org\/vreuniaoscielo\/wp-json\/wp\/v2\/pages\/11","targetHints":{"allow":["GET"]}}],"collection":[{"href":"https:\/\/eventos.scielo.org\/vreuniaoscielo\/wp-json\/wp\/v2\/pages"}],"about":[{"href":"https:\/\/eventos.scielo.org\/vreuniaoscielo\/wp-json\/wp\/v2\/types\/page"}],"author":[{"embeddable":true,"href":"https:\/\/eventos.scielo.org\/vreuniaoscielo\/wp-json\/wp\/v2\/users\/3"}],"replies":[{"embeddable":true,"href":"https:\/\/eventos.scielo.org\/vreuniaoscielo\/wp-json\/wp\/v2\/comments?post=11"}],"version-history":[{"count":3,"href":"https:\/\/eventos.scielo.org\/vreuniaoscielo\/wp-json\/wp\/v2\/pages\/11\/revisions"}],"predecessor-version":[{"id":72,"href":"https:\/\/eventos.scielo.org\/vreuniaoscielo\/wp-json\/wp\/v2\/pages\/11\/revisions\/72"}],"wp:attachment":[{"href":"https:\/\/eventos.scielo.org\/vreuniaoscielo\/wp-json\/wp\/v2\/media?parent=11"}],"curies":[{"name":"wp","href":"https:\/\/api.w.org\/{rel}","templated":true}]}}