{"id":7,"date":"2015-10-20T10:00:17","date_gmt":"2015-10-20T10:00:17","guid":{"rendered":"http:\/\/eventos.scielo.org\/vreuniaoscielo\/?page_id=7"},"modified":"2015-12-03T10:00:25","modified_gmt":"2015-12-03T10:00:25","slug":"apresentacao","status":"publish","type":"page","link":"https:\/\/eventos.scielo.org\/vreuniaoscielo\/","title":{"rendered":"Apresenta\u00e7\u00e3o"},"content":{"rendered":"<p dir=\"ltr\">A V Reuni\u00e3o Anual do SciELO de 2015\u00a0 ter\u00e1 como agenda principal retomar e avan\u00e7ar a an\u00e1lise e discuss\u00e3o sobre a evolu\u00e7\u00e3o do desempenho e aperfei\u00e7oamento dos peri\u00f3dicos \u00e0 luz da implanta\u00e7\u00e3o dos crit\u00e9rios de indexa\u00e7\u00e3o do SciELO.<\/p>\n<p dir=\"ltr\">Os novos crit\u00e9rios de indexa\u00e7\u00e3o do SciELO cumpriram um ano em outubro de 2015 e projetam avan\u00e7os importantes nos pr\u00f3ximos anos rumo \u00e0 \u00a0profissionaliza\u00e7\u00e3o, internacionaliza\u00e7\u00e3o e sustentabilidade financeira dos peri\u00f3dicos individualmente e no contexto das \u00e1reas tem\u00e1ticas.<\/p>\n<p dir=\"ltr\">A reuni\u00e3o est\u00e1 dirigida para editores e membros das equipes editoriais dos peri\u00f3dicos do Brasil, pesquisadores, bibliotec\u00e1rios, profissionais de informa\u00e7\u00e3o, autoridades na gest\u00e3o da ci\u00eancia e comunica\u00e7\u00e3o cient\u00edfica e demais interessados.<\/p>\n<h2><strong>Inscri\u00e7\u00f5es<\/strong><\/h2>\n<p>A participa\u00e7\u00e3o na Reuni\u00e3o\u00a0\u00e9 gratuita,\u00a0por\u00e9m as vagas s\u00e3o limitadas. Para inscri\u00e7\u00f5es,\u00a0<a title=\"Inscri\u00e7\u00f5es\" href=\"http:\/\/eventos.scielo.org\/vreuniaoscielo\/inscricoes\/\">registre-se<\/a>.<\/p>\n<p>Estes dados ser\u00e3o utilizados tamb\u00e9m para gerar o certificado de participa\u00e7\u00e3o no evento.<\/p>\n<h2>Local<\/h2>\n<p>Audit\u00f3rio Governador Carlos Alberto de Carvalho Pinto (FAPESP)<br \/>\nRua Pio XI, 1500<br \/>\nAlto da Lapa,\u00a0S\u00e3o Paulo-SP,\u00a005468-140.<\/p>\n<p><iframe loading=\"lazy\" style=\"border: 0;\" src=\"https:\/\/www.google.com\/maps\/embed?pb=!1m14!1m8!1m3!1d3657.8853884306786!2d-46.713847900000005!3d-23.5366243!3m2!1i1024!2i768!4f13.1!3m3!1m2!1s0x94cef8822717de01%3A0xef7a6dcb8bc5e0a8!2sR.+Pio+XI%2C+1500+-+Alto+de+Pinheiros%2C+S%C3%A3o+Paulo+-+SP%2C+05468-140!5e0!3m2!1spt-BR!2sbr!4v1412945467771\" width=\"80%\" height=\"500\" frameborder=\"0\"><\/iframe><\/p>\n<h2>Hot\u00e9is e estacionamentos<\/h2>\n<p>Sugest\u00f5es de hot\u00e9is e estacionamentos pr\u00f3ximos ao local do evento podem ser encontradas\u00a0<a href=\"http:\/\/www.fapesp.br\/5661\" target=\"_blank\">aqui<\/a>.<\/p>\n<h2>Apoio<\/h2>\n<p><a href=\"http:\/\/gn1.com.br\/\"><img loading=\"lazy\" decoding=\"async\" src=\"http:\/\/eventos.scielo.org\/vreuniaoscielo\/files\/2015\/10\/logo_gn1.png\" alt=\"GN1\" width=\"114\" height=\"40\" \/><\/a>\u00a0\u00a0\u00a0\u00a0\u00a0\u00a0<a href=\"http:\/\/www.caboverde.com.br\/\"><img loading=\"lazy\" decoding=\"async\" src=\"http:\/\/eventos.scielo.org\/vreuniaoscielo\/files\/2015\/10\/logo_caboverde.jpg\" alt=\"Cabo Verde\" width=\"144\" height=\"40\" \/><\/a>\u00a0\u00a0\u00a0\u00a0\u00a0\u00a0<a href=\"https:\/\/www.digital-science.com\/\"><img decoding=\"async\" src=\"http:\/\/eventos.scielo.org\/vreuniaoscielo\/files\/2015\/12\/logo_digital_science.png\" alt=\"Digital Science\"\/><\/a><\/p>\n","protected":false},"excerpt":{"rendered":"<p>A V Reuni\u00e3o Anual do SciELO de 2015\u00a0 ter\u00e1 como agenda principal retomar e avan\u00e7ar a an\u00e1lise e discuss\u00e3o sobre a evolu\u00e7\u00e3o do desempenho e aperfei\u00e7oamento dos peri\u00f3dicos \u00e0 luz da implanta\u00e7\u00e3o dos crit\u00e9rios de indexa\u00e7\u00e3o do SciELO. Os novos &hellip; <a href=\"https:\/\/eventos.scielo.org\/vreuniaoscielo\/\">Continue reading <span class=\"meta-nav\">&rarr;<\/span><\/a><\/p>\n","protected":false},"author":3,"featured_media":0,"parent":0,"menu_order":0,"comment_status":"closed","ping_status":"closed","template":"","meta":{"footnotes":""},"class_list":["post-7","page","type-page","status-publish","hentry"],"aioseo_notices":[],"_links":{"self":[{"href":"https:\/\/eventos.scielo.org\/vreuniaoscielo\/wp-json\/wp\/v2\/pages\/7","targetHints":{"allow":["GET"]}}],"collection":[{"href":"https:\/\/eventos.scielo.org\/vreuniaoscielo\/wp-json\/wp\/v2\/pages"}],"about":[{"href":"https:\/\/eventos.scielo.org\/vreuniaoscielo\/wp-json\/wp\/v2\/types\/page"}],"author":[{"embeddable":true,"href":"https:\/\/eventos.scielo.org\/vreuniaoscielo\/wp-json\/wp\/v2\/users\/3"}],"replies":[{"embeddable":true,"href":"https:\/\/eventos.scielo.org\/vreuniaoscielo\/wp-json\/wp\/v2\/comments?post=7"}],"version-history":[{"count":19,"href":"https:\/\/eventos.scielo.org\/vreuniaoscielo\/wp-json\/wp\/v2\/pages\/7\/revisions"}],"predecessor-version":[{"id":120,"href":"https:\/\/eventos.scielo.org\/vreuniaoscielo\/wp-json\/wp\/v2\/pages\/7\/revisions\/120"}],"wp:attachment":[{"href":"https:\/\/eventos.scielo.org\/vreuniaoscielo\/wp-json\/wp\/v2\/media?parent=7"}],"curies":[{"name":"wp","href":"https:\/\/api.w.org\/{rel}","templated":true}]}}