{"id":9,"date":"2017-10-18T12:01:57","date_gmt":"2017-10-18T12:01:57","guid":{"rendered":"http:\/\/eventos.scielo.org\/xccscielolivros\/?page_id=9"},"modified":"2017-10-18T15:45:56","modified_gmt":"2017-10-18T15:45:56","slug":"programacao","status":"publish","type":"page","link":"https:\/\/eventos.scielo.org\/xccscielolivros\/programacao\/","title":{"rendered":"Programa\u00e7\u00e3o"},"content":{"rendered":"<p><strong style=\"color: #373737;\">X Reuni\u00e3o Comit\u00ea Consultivo SciELO Livros<\/strong><\/p>\n<p><strong>19\u00a0de\u00a0Outubro de 2017<\/strong><\/p>\n<p><strong>10:00 \u2013 10:15<\/strong><\/p>\n<p><span style=\"color: #800000;\">Abertura, apresenta\u00e7\u00e3o dos objetivos da reuni\u00e3o e revis\u00e3o da agenda<\/span><\/p>\n<ul>\n<li><em>Abel L. Packer<\/em><\/li>\n<\/ul>\n<p><strong>10:15 \u2013 10:45<\/strong><\/p>\n<p>Avalia\u00e7\u00e3o de inclus\u00e3o de\u00a0novas editoras<\/p>\n<p><a href=\"http:\/\/avaliacaobooks.scielo.org\/xreuniao\/novas-editoras\/editorial-universidad-del-rosario\/\">Editorial Universidad del Rosario<\/a>\u00a0\u2013 15 t\u00edtulos<br \/>\n<a href=\"http:\/\/avaliacaobooks.scielo.org\/xreuniao\/novas-editoras\/editora-da-ufabc\/\">EdUFABC\u00a0<\/a>\u2013 10 t\u00edtulos<\/p>\n<ul>\n<li><em>Todos os participantes<\/em><\/li>\n<\/ul>\n<p><strong>10:45 \u2013 12:10<\/strong><\/p>\n<p><span style=\"color: #800000;\">Avalia\u00e7\u00e3o de inclus\u00e3o de t\u00edtulos das editoras j\u00e1 participantes<\/span><\/p>\n<p style=\"padding-left: 30px;\"><a href=\"http:\/\/avaliacaobooks.scielo.org\/xreuniao\/novos-titulos\/editora-fiocruz\/\">Editora FIOCRUZ<\/a>\u00a0\u2013\u00a051 t\u00edtulos<br \/>\n<a href=\"http:\/\/avaliacaobooks.scielo.org\/xreuniao\/novos-titulos\/editora-mackenzie\/\">Editora Mackenzie<\/a>\u00a0\u2013\u00a02 t\u00edtulos<br \/>\n<a href=\"http:\/\/avaliacaobooks.scielo.org\/xreuniao\/novos-titulos\/editora-uepg\/\">Editora UEPG<\/a>\u00a0\u2013\u00a03 t\u00edtulos<br \/>\n<a href=\"http:\/\/avaliacaobooks.scielo.org\/xreuniao\/novos-titulos\/editora-ufmg\/\">Editora UFMG<\/a>\u00a0\u2013\u00a04 t\u00edtulos<br \/>\n<a href=\"http:\/\/avaliacaobooks.scielo.org\/xreuniao\/novos-titulos\/eduem\/\">EDUEM<\/a>\u00a0\u2013\u00a03 t\u00edtulos<br \/>\n<a href=\"http:\/\/avaliacaobooks.scielo.org\/xreuniao\/novos-titulos\/eduepb\/\">EDUEPB<\/a>\u00a0\u2013\u00a01 t\u00edtulos<br \/>\n<a href=\"http:\/\/avaliacaobooks.scielo.org\/xreuniao\/novos-titulos\/eduerj\/\">EDUERJ<\/a>\u00a0\u2013 3 t\u00edtulos<br \/>\n<a href=\"http:\/\/avaliacaobooks.scielo.org\/xreuniao\/novos-titulos\/edufba\/\">EDUFBA<\/a>\u00a0\u2013\u00a08 t\u00edtulos<\/p>\n<ul>\n<li><em>Todos os participantes<\/em><\/li>\n<\/ul>\n<p><strong>12:10\u00a0\u2013 12:30<\/strong><\/p>\n<p>Conclus\u00f5es e recomenda\u00e7\u00f5es<\/p>\n<ul>\n<li><em>Todos os participantes<\/em><\/li>\n<\/ul>\n","protected":false},"excerpt":{"rendered":"<p>X Reuni\u00e3o Comit\u00ea Consultivo SciELO Livros 19\u00a0de\u00a0Outubro de 2017 10:00 \u2013 10:15 Abertura, apresenta\u00e7\u00e3o dos objetivos da reuni\u00e3o e revis\u00e3o da agenda Abel L. Packer 10:15 \u2013 10:45 Avalia\u00e7\u00e3o de inclus\u00e3o de\u00a0novas editoras Editorial Universidad del Rosario\u00a0\u2013 15 t\u00edtulos EdUFABC\u00a0\u2013 &hellip; <a href=\"https:\/\/eventos.scielo.org\/xccscielolivros\/programacao\/\">Continue lendo <span class=\"meta-nav\">&rarr;<\/span><\/a><\/p>\n","protected":false},"author":16,"featured_media":0,"parent":0,"menu_order":0,"comment_status":"closed","ping_status":"closed","template":"","meta":{"footnotes":""},"class_list":["post-9","page","type-page","status-publish","hentry"],"aioseo_notices":[],"_links":{"self":[{"href":"https:\/\/eventos.scielo.org\/xccscielolivros\/wp-json\/wp\/v2\/pages\/9","targetHints":{"allow":["GET"]}}],"collection":[{"href":"https:\/\/eventos.scielo.org\/xccscielolivros\/wp-json\/wp\/v2\/pages"}],"about":[{"href":"https:\/\/eventos.scielo.org\/xccscielolivros\/wp-json\/wp\/v2\/types\/page"}],"author":[{"embeddable":true,"href":"https:\/\/eventos.scielo.org\/xccscielolivros\/wp-json\/wp\/v2\/users\/16"}],"replies":[{"embeddable":true,"href":"https:\/\/eventos.scielo.org\/xccscielolivros\/wp-json\/wp\/v2\/comments?post=9"}],"version-history":[{"count":4,"href":"https:\/\/eventos.scielo.org\/xccscielolivros\/wp-json\/wp\/v2\/pages\/9\/revisions"}],"predecessor-version":[{"id":20,"href":"https:\/\/eventos.scielo.org\/xccscielolivros\/wp-json\/wp\/v2\/pages\/9\/revisions\/20"}],"wp:attachment":[{"href":"https:\/\/eventos.scielo.org\/xccscielolivros\/wp-json\/wp\/v2\/media?parent=9"}],"curies":[{"name":"wp","href":"https:\/\/api.w.org\/{rel}","templated":true}]}}