{"id":11,"date":"2013-01-08T13:24:04","date_gmt":"2013-01-08T13:24:04","guid":{"rendered":"http:\/\/eventos.scielo.org\/xcgscielolivros\/?page_id=11"},"modified":"2013-01-08T13:42:36","modified_gmt":"2013-01-08T13:42:36","slug":"programacao","status":"publish","type":"page","link":"https:\/\/eventos.scielo.org\/xcgscielolivros\/programacao\/","title":{"rendered":"Programa\u00e7\u00e3o"},"content":{"rendered":"<p><strong>09:30 &#8211; 10:00<\/strong> &#8211; Resultados alcan\u00e7ados 2012 &#8211; Situa\u00e7\u00e3o atual<\/p>\n<p><strong>10:00 &#8211; 12:00<\/strong> &#8211; Editoras Fundadores: distribui\u00e7\u00e3o de custo do livro<\/p>\n<p><strong>12:00 &#8211; 13:00<\/strong> &#8211; Almo\u00e7o<\/p>\n<p><strong>13:00 &#8211; 13:30<\/strong> &#8211; Projeto SciELO Series SciELO em ingl\u00eas, franc\u00eas e espanhol<\/p>\n<p><strong>13:30 &#8211; 14:00<\/strong> &#8211; Pre\u00e7o praticado para os <em>ebooks<\/em> SciELO<\/p>\n<p><strong>14:30 &#8211; 15: 00<\/strong> &#8211; Import\u00e2ncia de um cat\u00e1lago atualizado<\/p>\n<p><strong>15:00 &#8211; 15:30<\/strong> &#8211; Conclus\u00f5es e recomenda\u00e7\u00f5es<\/p>\n","protected":false},"excerpt":{"rendered":"<p>09:30 &#8211; 10:00 &#8211; Resultados alcan\u00e7ados 2012 &#8211; Situa\u00e7\u00e3o atual 10:00 &#8211; 12:00 &#8211; Editoras Fundadores: distribui\u00e7\u00e3o de custo do livro 12:00 &#8211; 13:00 &#8211; Almo\u00e7o 13:00 &#8211; 13:30 &#8211; Projeto SciELO Series SciELO em ingl\u00eas, franc\u00eas e espanhol 13:30 &hellip; <a href=\"https:\/\/eventos.scielo.org\/xcgscielolivros\/programacao\/\">Continue reading <span class=\"meta-nav\">&rarr;<\/span><\/a><\/p>\n","protected":false},"author":3,"featured_media":0,"parent":0,"menu_order":0,"comment_status":"closed","ping_status":"open","template":"","meta":{"footnotes":""},"class_list":["post-11","page","type-page","status-publish","hentry"],"aioseo_notices":[],"_links":{"self":[{"href":"https:\/\/eventos.scielo.org\/xcgscielolivros\/wp-json\/wp\/v2\/pages\/11","targetHints":{"allow":["GET"]}}],"collection":[{"href":"https:\/\/eventos.scielo.org\/xcgscielolivros\/wp-json\/wp\/v2\/pages"}],"about":[{"href":"https:\/\/eventos.scielo.org\/xcgscielolivros\/wp-json\/wp\/v2\/types\/page"}],"author":[{"embeddable":true,"href":"https:\/\/eventos.scielo.org\/xcgscielolivros\/wp-json\/wp\/v2\/users\/3"}],"replies":[{"embeddable":true,"href":"https:\/\/eventos.scielo.org\/xcgscielolivros\/wp-json\/wp\/v2\/comments?post=11"}],"version-history":[{"count":3,"href":"https:\/\/eventos.scielo.org\/xcgscielolivros\/wp-json\/wp\/v2\/pages\/11\/revisions"}],"predecessor-version":[{"id":21,"href":"https:\/\/eventos.scielo.org\/xcgscielolivros\/wp-json\/wp\/v2\/pages\/11\/revisions\/21"}],"wp:attachment":[{"href":"https:\/\/eventos.scielo.org\/xcgscielolivros\/wp-json\/wp\/v2\/media?parent=11"}],"curies":[{"name":"wp","href":"https:\/\/api.w.org\/{rel}","templated":true}]}}