{"id":9,"date":"2013-01-08T13:22:34","date_gmt":"2013-01-08T13:22:34","guid":{"rendered":"http:\/\/eventos.scielo.org\/xcgscielolivros\/?page_id=9"},"modified":"2013-01-08T16:16:38","modified_gmt":"2013-01-08T16:16:38","slug":"apresentacao","status":"publish","type":"page","link":"https:\/\/eventos.scielo.org\/xcgscielolivros\/","title":{"rendered":"Apresenta\u00e7\u00e3o"},"content":{"rendered":"<p><strong>S\u00e3o Paulo, 16 de janeiro de 2013.<\/strong><\/p>\n<p><strong>Termos de refer\u00eancia:\u00a0<\/strong>Esta reuni\u00e3o tem como objetivo a apresenta\u00e7\u00e3o dos resultados alcan\u00e7ados em 2012 e discuss\u00e3o de assuntos relacionados ao desenvolvimento do projeto.<\/p>\n","protected":false},"excerpt":{"rendered":"<p>S\u00e3o Paulo, 16 de janeiro de 2013. Termos de refer\u00eancia:\u00a0Esta reuni\u00e3o tem como objetivo a apresenta\u00e7\u00e3o dos resultados alcan\u00e7ados em 2012 e discuss\u00e3o de assuntos relacionados ao desenvolvimento do projeto.<\/p>\n","protected":false},"author":3,"featured_media":0,"parent":0,"menu_order":0,"comment_status":"closed","ping_status":"closed","template":"","meta":{"footnotes":""},"class_list":["post-9","page","type-page","status-publish","hentry"],"aioseo_notices":[],"_links":{"self":[{"href":"https:\/\/eventos.scielo.org\/xcgscielolivros\/wp-json\/wp\/v2\/pages\/9","targetHints":{"allow":["GET"]}}],"collection":[{"href":"https:\/\/eventos.scielo.org\/xcgscielolivros\/wp-json\/wp\/v2\/pages"}],"about":[{"href":"https:\/\/eventos.scielo.org\/xcgscielolivros\/wp-json\/wp\/v2\/types\/page"}],"author":[{"embeddable":true,"href":"https:\/\/eventos.scielo.org\/xcgscielolivros\/wp-json\/wp\/v2\/users\/3"}],"replies":[{"embeddable":true,"href":"https:\/\/eventos.scielo.org\/xcgscielolivros\/wp-json\/wp\/v2\/comments?post=9"}],"version-history":[{"count":5,"href":"https:\/\/eventos.scielo.org\/xcgscielolivros\/wp-json\/wp\/v2\/pages\/9\/revisions"}],"predecessor-version":[{"id":29,"href":"https:\/\/eventos.scielo.org\/xcgscielolivros\/wp-json\/wp\/v2\/pages\/9\/revisions\/29"}],"wp:attachment":[{"href":"https:\/\/eventos.scielo.org\/xcgscielolivros\/wp-json\/wp\/v2\/media?parent=9"}],"curies":[{"name":"wp","href":"https:\/\/api.w.org\/{rel}","templated":true}]}}