{"id":11,"date":"2017-11-30T17:15:23","date_gmt":"2017-11-30T17:15:23","guid":{"rendered":"http:\/\/eventos.scielo.org\/xiccscielolivros\/?page_id=11"},"modified":"2017-11-30T17:15:23","modified_gmt":"2017-11-30T17:15:23","slug":"participantes","status":"publish","type":"page","link":"https:\/\/eventos.scielo.org\/xiccscielolivros\/participantes\/","title":{"rendered":"Participantes"},"content":{"rendered":"<h1><span style=\"color: #800000;\"><strong>Membros do Comit\u00ea Consultivo<\/strong><\/span><\/h1>\n<div>\n<p style=\"padding-left: 30px;\"><strong>Abel L. Packer<br \/>\n<\/strong>Programa SciELO \/ FAPESP<\/p>\n<\/div>\n<p style=\"padding-left: 30px;\"><strong>Gilberto Hochman<br \/>\n<\/strong>Funda\u00e7\u00e3o Oswaldo Cruz &#8211; FIOCRUZ<\/p>\n<p style=\"padding-left: 30px;\"><strong>Roberto Andr\u00e9 Kraenkel<br \/>\n<\/strong>Universidade Estadual Paulista J\u00falio Mesquita Filho \u2013 UNESP<\/p>\n<p style=\"padding-left: 30px;\"><strong>Daniela Alves de Alves<br \/>\n<\/strong>Associa\u00e7\u00e3o Brasileira de Editoras Universit\u00e1rias &#8211; ABEU<\/p>\n<p style=\"padding-left: 30px;\"><strong><span style=\"color: #373737;\">Alberto Brum Novais<br \/>\n<\/span><\/strong>Universidade Federal da Bahia \u2013 UFBA<\/p>\n<h1><\/h1>\n<h1><span style=\"color: #800000;\"><strong>Secretaria T\u00e9cnica<\/strong><\/span><\/h1>\n<p style=\"padding-left: 30px;\"><strong>Amanda Ramalho<br \/>\n<\/strong>Programa SciELO \/ FAPESP<\/p>\n<p style=\"padding-left: 30px;\"><strong>Giovanna Brito Castelhano<br \/>\n<\/strong>Programa SciELO \/ FAPESP<\/p>\n","protected":false},"excerpt":{"rendered":"<p>Membros do Comit\u00ea Consultivo Abel L. Packer Programa SciELO \/ FAPESP Gilberto Hochman Funda\u00e7\u00e3o Oswaldo Cruz &#8211; FIOCRUZ Roberto Andr\u00e9 Kraenkel Universidade Estadual Paulista J\u00falio Mesquita Filho \u2013 UNESP Daniela Alves de Alves Associa\u00e7\u00e3o Brasileira de Editoras Universit\u00e1rias &#8211; ABEU &hellip; <a href=\"https:\/\/eventos.scielo.org\/xiccscielolivros\/participantes\/\">Continue reading <span class=\"meta-nav\">&rarr;<\/span><\/a><\/p>\n","protected":false},"author":16,"featured_media":0,"parent":0,"menu_order":0,"comment_status":"closed","ping_status":"closed","template":"","meta":{"footnotes":""},"class_list":["post-11","page","type-page","status-publish","hentry"],"aioseo_notices":[],"_links":{"self":[{"href":"https:\/\/eventos.scielo.org\/xiccscielolivros\/wp-json\/wp\/v2\/pages\/11","targetHints":{"allow":["GET"]}}],"collection":[{"href":"https:\/\/eventos.scielo.org\/xiccscielolivros\/wp-json\/wp\/v2\/pages"}],"about":[{"href":"https:\/\/eventos.scielo.org\/xiccscielolivros\/wp-json\/wp\/v2\/types\/page"}],"author":[{"embeddable":true,"href":"https:\/\/eventos.scielo.org\/xiccscielolivros\/wp-json\/wp\/v2\/users\/16"}],"replies":[{"embeddable":true,"href":"https:\/\/eventos.scielo.org\/xiccscielolivros\/wp-json\/wp\/v2\/comments?post=11"}],"version-history":[{"count":1,"href":"https:\/\/eventos.scielo.org\/xiccscielolivros\/wp-json\/wp\/v2\/pages\/11\/revisions"}],"predecessor-version":[{"id":13,"href":"https:\/\/eventos.scielo.org\/xiccscielolivros\/wp-json\/wp\/v2\/pages\/11\/revisions\/13"}],"wp:attachment":[{"href":"https:\/\/eventos.scielo.org\/xiccscielolivros\/wp-json\/wp\/v2\/media?parent=11"}],"curies":[{"name":"wp","href":"https:\/\/api.w.org\/{rel}","templated":true}]}}