{"id":5,"date":"2015-08-18T12:16:32","date_gmt":"2015-08-18T12:16:32","guid":{"rendered":"http:\/\/eventos.scielo.org\/xiiicgscielolivros\/?page_id=5"},"modified":"2015-08-18T12:19:24","modified_gmt":"2015-08-18T12:19:24","slug":"programacao","status":"publish","type":"page","link":"https:\/\/eventos.scielo.org\/xiiicgscielolivros\/","title":{"rendered":"Programa\u00e7\u00e3o"},"content":{"rendered":"<p><strong>Termos de refer\u00eancia:\u00a0<\/strong>Esta reuni\u00e3o tem como objetivo a apresenta\u00e7\u00e3o dos resultados alcan\u00e7ados\u00a0durante estes 3 anos de opera\u00e7\u00e3o\u00a0e discuss\u00e3o de assuntos relacionados ao desenvolvimento do projeto.<\/p>\n","protected":false},"excerpt":{"rendered":"<p>Termos de refer\u00eancia:\u00a0Esta reuni\u00e3o tem como objetivo a apresenta\u00e7\u00e3o dos resultados alcan\u00e7ados\u00a0durante estes 3 anos de opera\u00e7\u00e3o\u00a0e discuss\u00e3o de assuntos relacionados ao desenvolvimento do projeto.<\/p>\n","protected":false},"author":16,"featured_media":0,"parent":0,"menu_order":0,"comment_status":"closed","ping_status":"closed","template":"","meta":{"footnotes":""},"class_list":["post-5","page","type-page","status-publish","hentry"],"aioseo_notices":[],"_links":{"self":[{"href":"https:\/\/eventos.scielo.org\/xiiicgscielolivros\/wp-json\/wp\/v2\/pages\/5","targetHints":{"allow":["GET"]}}],"collection":[{"href":"https:\/\/eventos.scielo.org\/xiiicgscielolivros\/wp-json\/wp\/v2\/pages"}],"about":[{"href":"https:\/\/eventos.scielo.org\/xiiicgscielolivros\/wp-json\/wp\/v2\/types\/page"}],"author":[{"embeddable":true,"href":"https:\/\/eventos.scielo.org\/xiiicgscielolivros\/wp-json\/wp\/v2\/users\/16"}],"replies":[{"embeddable":true,"href":"https:\/\/eventos.scielo.org\/xiiicgscielolivros\/wp-json\/wp\/v2\/comments?post=5"}],"version-history":[{"count":1,"href":"https:\/\/eventos.scielo.org\/xiiicgscielolivros\/wp-json\/wp\/v2\/pages\/5\/revisions"}],"predecessor-version":[{"id":6,"href":"https:\/\/eventos.scielo.org\/xiiicgscielolivros\/wp-json\/wp\/v2\/pages\/5\/revisions\/6"}],"wp:attachment":[{"href":"https:\/\/eventos.scielo.org\/xiiicgscielolivros\/wp-json\/wp\/v2\/media?parent=5"}],"curies":[{"name":"wp","href":"https:\/\/api.w.org\/{rel}","templated":true}]}}