{"id":5,"date":"2016-08-16T17:58:36","date_gmt":"2016-08-16T17:58:36","guid":{"rendered":"http:\/\/eventos.scielo.org\/xixcgscielolivros\/?page_id=5"},"modified":"2016-08-16T17:58:36","modified_gmt":"2016-08-16T17:58:36","slug":"participantes","status":"publish","type":"page","link":"https:\/\/eventos.scielo.org\/xixcgscielolivros\/participantes\/","title":{"rendered":"Participantes"},"content":{"rendered":"<p><strong>Comit\u00ea Gestor<\/strong><\/p>\n<p style=\"padding-left: 30px;\"><strong>Abel L. Packer<\/strong><\/p>\n<p style=\"padding-left: 30px;\">Comit\u00ea Gestor do Projeto SciELO Livros, Coordena\u00e7\u00e3o, Assessor de Informa\u00e7\u00e3o e Comunica\u00e7\u00e3o em Ci\u00eancia, Funda\u00e7\u00e3o de Apoio \u00e0 UNIFESP &#8211; FAP\/UNIFESP<\/p>\n<p style=\"padding-left: 30px;\"><strong>Fl\u00e1via Goulart Rosa<\/strong><\/p>\n<p style=\"padding-left: 30px;\">Comit\u00ea Gestor do Projeto SciELO Livros, Diretora, Editora da Universidade Federal da Bahia \u2013 UFBA<\/p>\n<p style=\"padding-left: 30px;\"><strong>J\u00e9zio Hernani Bomfim Gutierre<\/strong><\/p>\n<p style=\"padding-left: 30px;\">Comit\u00ea Gestor do Projeto SciELO Livros, Presidente, Editora da Universidade Estadual Paulista J\u00falio Mesquita Filho \u2013 UNESP<\/p>\n<p style=\"padding-left: 30px;\"><strong>Jo\u00e3o Canossa Mendes<\/strong><\/p>\n<p style=\"padding-left: 30px;\">Comit\u00ea Gestor do Projeto SciELO Livros, Editor Executivo, Editora da Funda\u00e7\u00e3o Oswaldo Cruz &#8211; FIOCRUZ<\/p>\n<p><strong>Programa SciELO<\/strong><\/p>\n<p style=\"padding-left: 30px;\"><strong>Amanda Ramalho<\/strong><\/p>\n<p style=\"padding-left: 30px;\">Coordenadora operacional\u00a0do Projeto SciELO Livros, Funda\u00e7\u00e3o de Apoio \u00e0 UNIFESP &#8211; FapUNIFESP<\/p>\n","protected":false},"excerpt":{"rendered":"<p>Comit\u00ea Gestor Abel L. Packer Comit\u00ea Gestor do Projeto SciELO Livros, Coordena\u00e7\u00e3o, Assessor de Informa\u00e7\u00e3o e Comunica\u00e7\u00e3o em Ci\u00eancia, Funda\u00e7\u00e3o de Apoio \u00e0 UNIFESP &#8211; FAP\/UNIFESP Fl\u00e1via Goulart Rosa Comit\u00ea Gestor do Projeto SciELO Livros, Diretora, Editora da Universidade Federal &hellip; <a href=\"https:\/\/eventos.scielo.org\/xixcgscielolivros\/participantes\/\">Continue reading <span class=\"meta-nav\">&rarr;<\/span><\/a><\/p>\n","protected":false},"author":16,"featured_media":0,"parent":0,"menu_order":0,"comment_status":"closed","ping_status":"closed","template":"","meta":{"footnotes":""},"class_list":["post-5","page","type-page","status-publish","hentry"],"aioseo_notices":[],"_links":{"self":[{"href":"https:\/\/eventos.scielo.org\/xixcgscielolivros\/wp-json\/wp\/v2\/pages\/5","targetHints":{"allow":["GET"]}}],"collection":[{"href":"https:\/\/eventos.scielo.org\/xixcgscielolivros\/wp-json\/wp\/v2\/pages"}],"about":[{"href":"https:\/\/eventos.scielo.org\/xixcgscielolivros\/wp-json\/wp\/v2\/types\/page"}],"author":[{"embeddable":true,"href":"https:\/\/eventos.scielo.org\/xixcgscielolivros\/wp-json\/wp\/v2\/users\/16"}],"replies":[{"embeddable":true,"href":"https:\/\/eventos.scielo.org\/xixcgscielolivros\/wp-json\/wp\/v2\/comments?post=5"}],"version-history":[{"count":1,"href":"https:\/\/eventos.scielo.org\/xixcgscielolivros\/wp-json\/wp\/v2\/pages\/5\/revisions"}],"predecessor-version":[{"id":6,"href":"https:\/\/eventos.scielo.org\/xixcgscielolivros\/wp-json\/wp\/v2\/pages\/5\/revisions\/6"}],"wp:attachment":[{"href":"https:\/\/eventos.scielo.org\/xixcgscielolivros\/wp-json\/wp\/v2\/media?parent=5"}],"curies":[{"name":"wp","href":"https:\/\/api.w.org\/{rel}","templated":true}]}}