{"id":7,"date":"2016-08-16T18:01:28","date_gmt":"2016-08-16T18:01:28","guid":{"rendered":"http:\/\/eventos.scielo.org\/xixcgscielolivros\/?page_id=7"},"modified":"2016-08-22T17:23:59","modified_gmt":"2016-08-22T17:23:59","slug":"programacao","status":"publish","type":"page","link":"https:\/\/eventos.scielo.org\/xixcgscielolivros\/","title":{"rendered":"Programa\u00e7\u00e3o"},"content":{"rendered":"<p><strong>Termos de refer\u00eancia:\u00a0<\/strong>Esta reuni\u00e3o tem como objetivo a apresenta\u00e7\u00e3o dos resultados alcan\u00e7ados\u00a0durante estes 4\u00a0anos de opera\u00e7\u00e3o\u00a0e discuss\u00e3o de assuntos relacionados ao desenvolvimento do projeto.<\/p>\n<p><strong>10:00 &#8211; 10:15<\/strong>\u00a0&#8211;\u00a0Abertura<\/p>\n<p><strong>10:15 &#8211; 11:15<\/strong>\u00a0&#8211;\u00a0Estado de desenvolvimento atual do SciELO<\/p>\n<p><strong>11:15 &#8211; 12:00<\/strong>\u00a0&#8211;\u00a0Crit\u00e9rios de avalia\u00e7\u00e3o de livros<\/p>\n<p><strong>12:00 &#8211; 13:30<\/strong>\u00a0&#8211; Almo\u00e7o<\/p>\n<p><strong>13:30 &#8211; 14:30<\/strong>\u00a0&#8211;\u00a0SciELO EDO e Sistema de submiss\u00e3o de livros<\/p>\n<p><strong>14:30 &#8211; 15:00<\/strong> &#8211;\u00a0Conclus\u00f5es e recomenda\u00e7\u00f5es<\/p>\n","protected":false},"excerpt":{"rendered":"<p>Termos de refer\u00eancia:\u00a0Esta reuni\u00e3o tem como objetivo a apresenta\u00e7\u00e3o dos resultados alcan\u00e7ados\u00a0durante estes 4\u00a0anos de opera\u00e7\u00e3o\u00a0e discuss\u00e3o de assuntos relacionados ao desenvolvimento do projeto. 10:00 &#8211; 10:15\u00a0&#8211;\u00a0Abertura 10:15 &#8211; 11:15\u00a0&#8211;\u00a0Estado de desenvolvimento atual do SciELO 11:15 &#8211; 12:00\u00a0&#8211;\u00a0Crit\u00e9rios de avalia\u00e7\u00e3o &hellip; <a href=\"https:\/\/eventos.scielo.org\/xixcgscielolivros\/\">Continue reading <span class=\"meta-nav\">&rarr;<\/span><\/a><\/p>\n","protected":false},"author":16,"featured_media":0,"parent":0,"menu_order":0,"comment_status":"closed","ping_status":"closed","template":"","meta":{"footnotes":""},"class_list":["post-7","page","type-page","status-publish","hentry"],"aioseo_notices":[],"_links":{"self":[{"href":"https:\/\/eventos.scielo.org\/xixcgscielolivros\/wp-json\/wp\/v2\/pages\/7","targetHints":{"allow":["GET"]}}],"collection":[{"href":"https:\/\/eventos.scielo.org\/xixcgscielolivros\/wp-json\/wp\/v2\/pages"}],"about":[{"href":"https:\/\/eventos.scielo.org\/xixcgscielolivros\/wp-json\/wp\/v2\/types\/page"}],"author":[{"embeddable":true,"href":"https:\/\/eventos.scielo.org\/xixcgscielolivros\/wp-json\/wp\/v2\/users\/16"}],"replies":[{"embeddable":true,"href":"https:\/\/eventos.scielo.org\/xixcgscielolivros\/wp-json\/wp\/v2\/comments?post=7"}],"version-history":[{"count":5,"href":"https:\/\/eventos.scielo.org\/xixcgscielolivros\/wp-json\/wp\/v2\/pages\/7\/revisions"}],"predecessor-version":[{"id":18,"href":"https:\/\/eventos.scielo.org\/xixcgscielolivros\/wp-json\/wp\/v2\/pages\/7\/revisions\/18"}],"wp:attachment":[{"href":"https:\/\/eventos.scielo.org\/xixcgscielolivros\/wp-json\/wp\/v2\/media?parent=7"}],"curies":[{"name":"wp","href":"https:\/\/api.w.org\/{rel}","templated":true}]}}