{"id":12,"date":"2018-11-01T18:26:29","date_gmt":"2018-11-01T18:26:29","guid":{"rendered":"http:\/\/eventos.scielo.org\/xxcgscielolivros\/?page_id=12"},"modified":"2018-11-01T18:26:29","modified_gmt":"2018-11-01T18:26:29","slug":"programacao","status":"publish","type":"page","link":"https:\/\/eventos.scielo.org\/xvicgscielolivros\/","title":{"rendered":"Programa\u00e7\u00e3o"},"content":{"rendered":"<p><strong>Termos de refer\u00eancia:\u00a0<\/strong>Esta reuni\u00e3o tem como objetivo a apresenta\u00e7\u00e3o dos resultados alcan\u00e7ados\u00a0durante estes\u00a06 anos de opera\u00e7\u00e3o\u00a0e discuss\u00e3o de assuntos relacionados ao desenvolvimento do projeto.<\/p>\n<p><strong>10:00 &#8211; 10:15<\/strong>\u00a0&#8211;\u00a0Abertura<\/p>\n<p><strong>10:15 &#8211; 11:15<\/strong>\u00a0&#8211;\u00a0Estado de desenvolvimento atual do SciELO<\/p>\n<p><strong>11:15 &#8211; 12:00<\/strong>\u00a0&#8211;\u00a0Outros assuntos<\/p>\n<p>&nbsp;<\/p>\n","protected":false},"excerpt":{"rendered":"<p>Termos de refer\u00eancia:\u00a0Esta reuni\u00e3o tem como objetivo a apresenta\u00e7\u00e3o dos resultados alcan\u00e7ados\u00a0durante estes\u00a06 anos de opera\u00e7\u00e3o\u00a0e discuss\u00e3o de assuntos relacionados ao desenvolvimento do projeto. 10:00 &#8211; 10:15\u00a0&#8211;\u00a0Abertura 10:15 &#8211; 11:15\u00a0&#8211;\u00a0Estado de desenvolvimento atual do SciELO 11:15 &#8211; 12:00\u00a0&#8211;\u00a0Outros assuntos &nbsp;<\/p>\n","protected":false},"author":16,"featured_media":0,"parent":0,"menu_order":0,"comment_status":"closed","ping_status":"closed","template":"","meta":{"footnotes":""},"class_list":["post-12","page","type-page","status-publish","hentry"],"aioseo_notices":[],"_links":{"self":[{"href":"https:\/\/eventos.scielo.org\/xvicgscielolivros\/wp-json\/wp\/v2\/pages\/12","targetHints":{"allow":["GET"]}}],"collection":[{"href":"https:\/\/eventos.scielo.org\/xvicgscielolivros\/wp-json\/wp\/v2\/pages"}],"about":[{"href":"https:\/\/eventos.scielo.org\/xvicgscielolivros\/wp-json\/wp\/v2\/types\/page"}],"author":[{"embeddable":true,"href":"https:\/\/eventos.scielo.org\/xvicgscielolivros\/wp-json\/wp\/v2\/users\/16"}],"replies":[{"embeddable":true,"href":"https:\/\/eventos.scielo.org\/xvicgscielolivros\/wp-json\/wp\/v2\/comments?post=12"}],"version-history":[{"count":1,"href":"https:\/\/eventos.scielo.org\/xvicgscielolivros\/wp-json\/wp\/v2\/pages\/12\/revisions"}],"predecessor-version":[{"id":14,"href":"https:\/\/eventos.scielo.org\/xvicgscielolivros\/wp-json\/wp\/v2\/pages\/12\/revisions\/14"}],"wp:attachment":[{"href":"https:\/\/eventos.scielo.org\/xvicgscielolivros\/wp-json\/wp\/v2\/media?parent=12"}],"curies":[{"name":"wp","href":"https:\/\/api.w.org\/{rel}","templated":true}]}}